{"id":4668,"date":"2013-10-23T13:19:52","date_gmt":"2013-10-23T17:19:52","guid":{"rendered":"http:\/\/74.220.216.78\/?page_id=4668"},"modified":"2019-03-11T12:25:10","modified_gmt":"2019-03-11T16:25:10","slug":"industry_applications_vavles_474","status":"publish","type":"page","link":"https:\/\/daemar.com\/fr\/industry_applications_vavles_474\/","title":{"rendered":"Valve Industry Applications"},"content":{"rendered":"<h1>Valves<\/h1>\n<p>Daemar supports the Valve industry with a broad range of products that provide sealing, retaining and protection. Combine our product mix with local inventories and EDI computer systems integration and Daemar becomes a valuable supply chain partner who can help reduce your acquisition costs.<\/p>\n<hr style=\"border: 1px solid #cecece;\" \/>\n<div class=\"row-fluid\">\n<div class=\"rhcol span12\">\n<h3>O-Rings<\/h3>\n<\/div>\n<\/div>\n<div class=\"row-fluid\">\n<div class=\"rhcol span2\"><a href=\"https:\/\/daemar.com\/fr\/shaft_seals_14-html\/\"><img loading=\"lazy\" decoding=\"async\" class=\"size-full wp-image-1337 alignleft\" src=\"https:\/\/daemar.com\/fr\/wp-content\/uploads\/sites\/3\/2013\/05\/sm_shaft7.jpg\" alt=\"sm_shaft7\" width=\"75\" height=\"75\" \/><\/a><\/div>\n<div class=\"rhcol span10\">A solution to handle your particular operating environment with a broad range of elastomers in stock.\u00a0<a href=\"https:\/\/daemar.com\/fr\/shaft_seals_14-html\/\">More&gt;&gt;<\/a><\/p>\n<ul>\n<li><a href=\"https:\/\/daemar.com\/fr\/oilseals_36.html\/\">Oil Seals<\/a><\/li>\n<li><a title=\"DMR Bearing Isolators\" href=\"https:\/\/daemar.com\/fr\/dmr_bearing-isolators_39.html\/\">Protech Bearing Isolators<\/a><\/li>\n<li><a href=\"https:\/\/daemar.com\/fr\/jm-clipper_38.html\/\">JM Clipper<\/a><\/li>\n<li><a href=\"https:\/\/daemar.com\/fr\/v_rings_40.html\/\">V-Rings<\/a><\/li>\n<li><a href=\"https:\/\/daemar.com\/fr\/end-cover_354.html\/\">End Covers<\/a><\/li>\n<li><a href=\"https:\/\/daemar.com\/fr\/end-cover_354.html\/\">Hydraulic Seals<\/a><\/li>\n<\/ul>\n<\/div>\n<\/div>\n<hr style=\"border: 1px solid #cecece;\" \/>\n<div class=\"row-fluid\">\n<div class=\"rhcol span12\">\n<h3>Retaining Rings<\/h3>\n<\/div>\n<\/div>\n<div class=\"row-fluid\">\n<div class=\"rhcol span2\"><a href=\"https:\/\/daemar.com\/fr\/rotor_clip_56.html\"><img loading=\"lazy\" decoding=\"async\" class=\"size-full wp-image-1338 alignleft\" src=\"https:\/\/daemar.com\/fr\/wp-content\/uploads\/sites\/3\/2013\/05\/sm_fastener1.jpg\" alt=\"sm_fastener1\" width=\"75\" height=\"75\" \/><\/a><\/div>\n<div class=\"rhcol span10\">Daemar provides the technical expertise to assist in selecting the correct retaining rings for your valve applications. Daemar stocks retaining rings in a range of materials including stainless steel which is often required in valve applications. <a href=\"https:\/\/daemar.com\/fr\/rotor_clip_56.html\">More&gt;&gt;<\/a><\/p>\n<ul>\n<li>Internal and External in both Inch and Metric sizes<\/li>\n<li>Large Diameter Rings<\/li>\n<li>Tapered Section, Constant Section and Spiral Rings<\/li>\n<li>Stainless Steel<\/li>\n<li>Zinc<\/li>\n<li>Copper<\/li>\n<li>Standard Carbon Steel<\/li>\n<\/ul>\n<\/div>\n<\/div>\n<hr style=\"border: 1px solid #cecece;\" \/>\n<div class=\"row-fluid\">\n<div class=\"rhcol span12\">\n<h3>Caplugs<\/h3>\n<\/div>\n<\/div>\n<div class=\"row-fluid\">\n<div class=\"rhcol span2\"><a href=\"https:\/\/daemar.com\/fr\/caplugs_01_75.html\"><img loading=\"lazy\" decoding=\"async\" class=\"size-full wp-image-1340 alignleft\" title=\"Caplugs Oil &amp; Gas Applications\" src=\"https:\/\/daemar.com\/fr\/wp-content\/uploads\/sites\/3\/2013\/09\/OilField-Thread-Protection-02.jpg\" alt=\"Oil Field Thread Protection\" width=\"75\" height=\"75\" \/><\/a><\/div>\n<div class=\"rhcol span10\">Caps, plugs and sleeve webbing provide product protection for valves. Protect ports, threads and connectors from damage and keep valves clear of dust and debris during production, packaging, shipping and prior to installation in the field. <a href=\"https:\/\/daemar.com\/fr\/caplugs_01_75.html\">More&gt;&gt;<\/a><\/p>\n<ul>\n<li><a title=\"Caplugs Pipe and Flange\" href=\"https:\/\/daemar.com\/fr\/caplugs_pipe-flange-protection333.html\">Pipe &amp; Flange Protection<\/a><\/li>\n<li><a title=\"Caplugs Oilfield Thread Protection\" href=\"https:\/\/daemar.com\/fr\/caplugs-oilfield-thread-protection-515.html\">Oilfield Thread Protection<\/a><\/li>\n<li><a href=\"http:\/\/catalog.daemar.com\/category\/ective-closures-caplugs-by-industry-petroleum-coal\">Caps and Plugs<\/a><\/li>\n<\/ul>\n<\/div>\n<\/div>\n<hr style=\"border: 1px solid #cecece;\" \/>\n<div class=\"row-fluid\">\n<div class=\"rhcol span12\">\n<h3>Mechanical Seals<\/h3>\n<\/div>\n<\/div>\n<div class=\"row-fluid\">\n<div class=\"rhcol span2\"><a href=\"https:\/\/daemar.com\/fr\/mechanical_seals_15.html\"><img loading=\"lazy\" decoding=\"async\" class=\"size-full wp-image-1340 alignleft\" title=\"Oil &amp; Gas Applications for Mechanical Seals\" src=\"https:\/\/daemar.com\/fr\/wp-content\/uploads\/sites\/3\/2013\/09\/dmr-mechanical-seal-single-spring-type-a.jpg\" alt=\"Mechanical Seal\" width=\"75\" height=\"75\" \/><\/a><\/div>\n<div class=\"rhcol span10\">Daemar offers a full range of Single Spring &#8220;Pusher&#8221; Mechanical Seals for pumps. Depending on the pumps operating conditions a selection of heads, seats and spring types are available. <a href=\"https:\/\/daemar.com\/fr\/mechanical_seals_15.html\">More&gt;&gt;<\/a><\/p>\n<ul>\n<li>Types A, B, C, D and E (equivalent to type 6, 6A, 21, 2, 1)<\/li>\n<li>Pump Manufacturer cross reference to aide in seal selection<\/li>\n<\/ul>\n<\/div>\n<\/div>\n<hr style=\"border: 1px solid #cecece;\" \/>\n<div class=\"row-fluid\">\n<div class=\"rhcol span12\">\n<h3>Braided Packing<\/h3>\n<\/div>\n<\/div>\n<div class=\"row-fluid\">\n<div class=\"rhcol span2\"><a href=\"https:\/\/daemar.com\/fr\/braided_packing_16.html\"><img loading=\"lazy\" decoding=\"async\" class=\"size-full wp-image-1340 alignleft\" title=\"Oil &amp; Gas Applications for Braided Packing\" src=\"https:\/\/daemar.com\/fr\/wp-content\/uploads\/sites\/3\/2013\/04\/DMR_BraidedPacking_Segment_500.jpg\" alt=\"Braided Packing\" width=\"75\" height=\"75\" \/><\/a><\/div>\n<div class=\"rhcol span10\">Braided packing (compression packing) is widely used in stuffing boxes for pumps to seal all types of fliuds. <a href=\"https:\/\/daemar.com\/fr\/braided_packing_16.html\">More&gt;&gt;<\/a><\/p>\n<ul>\n<li>Most popular styles and sizes in stock<\/li>\n<li>FDA grade packing material<\/li>\n<li>Industry part number interchange<\/li>\n<\/ul>\n<\/div>\n<\/div>\n<hr style=\"border: 1px solid #cecece;\" \/>\n<div class=\"row-fluid\">\n<div class=\"rhcol span12\">\n<h3>Bushings<\/h3>\n<\/div>\n<\/div>\n<div class=\"row-fluid\">\n<div class=\"rhcol span2\"><a href=\"https:\/\/daemar.com\/fr\/bushings_dryslide_62.html\"><img loading=\"lazy\" decoding=\"async\" class=\"size-full wp-image-1339 alignleft\" src=\"https:\/\/daemar.com\/fr\/wp-content\/uploads\/sites\/3\/2013\/05\/sm_bushings.jpg\" alt=\"sm_bushings\" width=\"75\" height=\"75\" \/><\/a><\/div>\n<div class=\"rhcol span10\">Bushings with no moving parts and options such as self lubrication (thus requiring no lubrication) are often the right choice for water treatment applications. <a href=\"https:\/\/daemar.com\/fr\/bushings_dryslide_62.html\">More&gt;&gt;<\/a><\/p>\n<ul>\n<li>Dryslide<\/li>\n<li>Fiber-Lube<\/li>\n<li>Powdered Metal<\/li>\n<li>Solid Metal<\/li>\n<\/ul>\n<\/div>\n<\/div>\n<hr style=\"border: 1px solid #cecece;\" \/>\n<div class=\"row-fluid\">\n<div class=\"rhcol span12\">\n<h3>Custom Kits for Maintenance<\/h3>\n<\/div>\n<\/div>\n<div class=\"row-fluid\">\n<div class=\"rhcol span2\"><a href=\"https:\/\/daemar.com\/fr\/services.html\"><img loading=\"lazy\" decoding=\"async\" class=\"size-full wp-image-1339 alignleft\" title=\"Custom Kitting for Oilfield Maintenance\" src=\"https:\/\/daemar.com\/fr\/wp-content\/uploads\/sites\/3\/2013\/09\/dmr-o-ring-pack-program-buna.jpg\" alt=\"standard and custom kits\" width=\"75\" height=\"75\" \/><\/a><\/div>\n<div class=\"rhcol span10\">As a value added benefit Daemar\u2019s Packaging and Branding Group designs and assembles kits for customer specific requirements. Kits help reduce down time in the field and ensure all the components required for the maintenance work are available. <a href=\"https:\/\/daemar.com\/fr\/services.html\">More&gt;&gt;<\/a><\/p>\n<ul>\n<li>In The Field Maintenance<\/li>\n<li>Aftermarket Maintenance and Repair Kits<\/li>\n<li>Manufacturing Production Lines<\/li>\n<\/ul>\n<\/div>\n<\/div>\n<p>&nbsp;<\/p>\n","protected":false},"excerpt":{"rendered":"<p>Valves Daemar supports the Valve industry with a broad range of products that provide sealing, retaining and protection. Combine our product mix with local inventories [&hellip;]<\/p>\n","protected":false},"author":2,"featured_media":0,"parent":0,"menu_order":0,"comment_status":"closed","ping_status":"closed","template":"","meta":{"site-sidebar-layout":"default","site-content-layout":"","ast-site-content-layout":"default","site-content-style":"default","site-sidebar-style":"default","ast-global-header-display":"","ast-banner-title-visibility":"","ast-main-header-display":"","ast-hfb-above-header-display":"","ast-hfb-below-header-display":"","ast-hfb-mobile-header-display":"","site-post-title":"","ast-breadcrumbs-content":"","ast-featured-img":"","footer-sml-layout":"","ast-disable-related-posts":"","theme-transparent-header-meta":"","adv-header-id-meta":"","stick-header-meta":"","header-above-stick-meta":"","header-main-stick-meta":"","header-below-stick-meta":"","astra-migrate-meta-layouts":"default","ast-page-background-enabled":"default","ast-page-background-meta":{"desktop":{"background-color":"","background-image":"","background-repeat":"repeat","background-position":"center center","background-size":"auto","background-attachment":"scroll","background-type":"","background-media":"","overlay-type":"","overlay-color":"","overlay-opacity":"","overlay-gradient":""},"tablet":{"background-color":"","background-image":"","background-repeat":"repeat","background-position":"center center","background-size":"auto","background-attachment":"scroll","background-type":"","background-media":"","overlay-type":"","overlay-color":"","overlay-opacity":"","overlay-gradient":""},"mobile":{"background-color":"","background-image":"","background-repeat":"repeat","background-position":"center center","background-size":"auto","background-attachment":"scroll","background-type":"","background-media":"","overlay-type":"","overlay-color":"","overlay-opacity":"","overlay-gradient":""}},"ast-content-background-meta":{"desktop":{"background-color":"var(--ast-global-color-5)","background-image":"","background-repeat":"repeat","background-position":"center center","background-size":"auto","background-attachment":"scroll","background-type":"","background-media":"","overlay-type":"","overlay-color":"","overlay-opacity":"","overlay-gradient":""},"tablet":{"background-color":"var(--ast-global-color-5)","background-image":"","background-repeat":"repeat","background-position":"center center","background-size":"auto","background-attachment":"scroll","background-type":"","background-media":"","overlay-type":"","overlay-color":"","overlay-opacity":"","overlay-gradient":""},"mobile":{"background-color":"var(--ast-global-color-5)","background-image":"","background-repeat":"repeat","background-position":"center center","background-size":"auto","background-attachment":"scroll","background-type":"","background-media":"","overlay-type":"","overlay-color":"","overlay-opacity":"","overlay-gradient":""}},"footnotes":""},"class_list":["post-4668","page","type-page","status-publish","hentry"],"yoast_head":"<!-- This site is optimized with the Yoast SEO plugin v27.2 - https:\/\/yoast.com\/product\/yoast-seo-wordpress\/ -->\n<title>Valve Industry Applications - Daemar Inc \u2014 Joints Toriques - \u00c9tanch\u00e9it\u00e9 - Bagues de retenue - Coussinets - Caplugs - Cales de support - Clefs en barre<\/title>\n<meta name=\"robots\" content=\"index, follow, max-snippet:-1, max-image-preview:large, max-video-preview:-1\" \/>\n<link rel=\"canonical\" href=\"https:\/\/daemar.com\/fr\/industry_applications_vavles_474\/\" \/>\n<meta property=\"og:locale\" content=\"en_US\" \/>\n<meta property=\"og:type\" content=\"article\" \/>\n<meta property=\"og:title\" content=\"Valve Industry Applications - Daemar Inc \u2014 Joints Toriques - \u00c9tanch\u00e9it\u00e9 - Bagues de retenue - Coussinets - Caplugs - Cales de support - Clefs en barre\" \/>\n<meta property=\"og:description\" content=\"Valves Daemar supports the Valve industry with a broad range of products that provide sealing, retaining and protection. Combine our product mix with local inventories [&hellip;]\" \/>\n<meta property=\"og:url\" content=\"https:\/\/daemar.com\/fr\/industry_applications_vavles_474\/\" \/>\n<meta property=\"og:site_name\" content=\"Daemar Inc \u2014 Joints Toriques - \u00c9tanch\u00e9it\u00e9 - Bagues de retenue - Coussinets - Caplugs - Cales de support - Clefs en barre\" \/>\n<meta property=\"article:modified_time\" content=\"2019-03-11T16:25:10+00:00\" \/>\n<meta property=\"og:image\" content=\"https:\/\/daemar.com\/fr\/wp-content\/uploads\/sites\/3\/2013\/05\/sm_shaft7.jpg\" \/>\n<meta name=\"twitter:card\" content=\"summary_large_image\" \/>\n<meta name=\"twitter:label1\" content=\"Est. reading time\" \/>\n\t<meta name=\"twitter:data1\" content=\"2 minutes\" \/>\n<script type=\"application\/ld+json\" class=\"yoast-schema-graph\">{\"@context\":\"https:\/\/schema.org\",\"@graph\":[{\"@type\":\"WebPage\",\"@id\":\"https:\/\/daemar.com\/fr\/industry_applications_vavles_474\/\",\"url\":\"https:\/\/daemar.com\/fr\/industry_applications_vavles_474\/\",\"name\":\"Valve Industry Applications - Daemar Inc \u2014 Joints Toriques - \u00c9tanch\u00e9it\u00e9 - Bagues de retenue - Coussinets - Caplugs - Cales de support - Clefs en barre\",\"isPartOf\":{\"@id\":\"https:\/\/daemar.com\/fr\/#website\"},\"primaryImageOfPage\":{\"@id\":\"https:\/\/daemar.com\/fr\/industry_applications_vavles_474\/#primaryimage\"},\"image\":{\"@id\":\"https:\/\/daemar.com\/fr\/industry_applications_vavles_474\/#primaryimage\"},\"thumbnailUrl\":\"https:\/\/daemar.com\/fr\/wp-content\/uploads\/sites\/3\/2013\/05\/sm_shaft7.jpg\",\"datePublished\":\"2013-10-23T17:19:52+00:00\",\"dateModified\":\"2019-03-11T16:25:10+00:00\",\"breadcrumb\":{\"@id\":\"https:\/\/daemar.com\/fr\/industry_applications_vavles_474\/#breadcrumb\"},\"inLanguage\":\"en-US\",\"potentialAction\":[{\"@type\":\"ReadAction\",\"target\":[\"https:\/\/daemar.com\/fr\/industry_applications_vavles_474\/\"]}]},{\"@type\":\"ImageObject\",\"inLanguage\":\"en-US\",\"@id\":\"https:\/\/daemar.com\/fr\/industry_applications_vavles_474\/#primaryimage\",\"url\":\"https:\/\/daemar.com\/fr\/wp-content\/uploads\/sites\/3\/2013\/05\/sm_shaft7.jpg\",\"contentUrl\":\"https:\/\/daemar.com\/fr\/wp-content\/uploads\/sites\/3\/2013\/05\/sm_shaft7.jpg\",\"width\":75,\"height\":75},{\"@type\":\"BreadcrumbList\",\"@id\":\"https:\/\/daemar.com\/fr\/industry_applications_vavles_474\/#breadcrumb\",\"itemListElement\":[{\"@type\":\"ListItem\",\"position\":1,\"name\":\"Home\",\"item\":\"https:\/\/daemar.com\/fr\/\"},{\"@type\":\"ListItem\",\"position\":2,\"name\":\"Valve Industry Applications\"}]},{\"@type\":\"WebSite\",\"@id\":\"https:\/\/daemar.com\/fr\/#website\",\"url\":\"https:\/\/daemar.com\/fr\/\",\"name\":\"Daemar Inc \u2014 Joints Toriques - \u00c9tanch\u00e9it\u00e9 - Bagues de retenue - Coussinets - Caplugs - Cales de support - Clefs en barre\",\"description\":\"Des composants essentiel pour l&#039;industrie - \u00c9tanch\u00e9it\u00e9 - R\u00e9tention\u00a0- Roulement - Protection - Alignement\",\"publisher\":{\"@id\":\"https:\/\/daemar.com\/fr\/#organization\"},\"potentialAction\":[{\"@type\":\"SearchAction\",\"target\":{\"@type\":\"EntryPoint\",\"urlTemplate\":\"https:\/\/daemar.com\/fr\/?s={search_term_string}\"},\"query-input\":{\"@type\":\"PropertyValueSpecification\",\"valueRequired\":true,\"valueName\":\"search_term_string\"}}],\"inLanguage\":\"en-US\"},{\"@type\":\"Organization\",\"@id\":\"https:\/\/daemar.com\/fr\/#organization\",\"name\":\"Daemar Inc \u2014 Joints Toriques - \u00c9tanch\u00e9it\u00e9 - Bagues de retenue - Coussinets - Caplugs - Cales de support - Clefs en barre\",\"url\":\"https:\/\/daemar.com\/fr\/\",\"logo\":{\"@type\":\"ImageObject\",\"inLanguage\":\"en-US\",\"@id\":\"https:\/\/daemar.com\/fr\/#\/schema\/logo\/image\/\",\"url\":\"https:\/\/daemar.com\/fr\/wp-content\/uploads\/sites\/3\/2018\/12\/DAEMAR-LOGO-1000.jpg\",\"contentUrl\":\"https:\/\/daemar.com\/fr\/wp-content\/uploads\/sites\/3\/2018\/12\/DAEMAR-LOGO-1000.jpg\",\"width\":1000,\"height\":901,\"caption\":\"Daemar Inc \u2014 Joints Toriques - \u00c9tanch\u00e9it\u00e9 - Bagues de retenue - Coussinets - Caplugs - Cales de support - Clefs en barre\"},\"image\":{\"@id\":\"https:\/\/daemar.com\/fr\/#\/schema\/logo\/image\/\"}}]}<\/script>\n<!-- \/ Yoast SEO plugin. -->","yoast_head_json":{"title":"Valve Industry Applications - Daemar Inc \u2014 Joints Toriques - \u00c9tanch\u00e9it\u00e9 - Bagues de retenue - Coussinets - Caplugs - Cales de support - Clefs en barre","robots":{"index":"index","follow":"follow","max-snippet":"max-snippet:-1","max-image-preview":"max-image-preview:large","max-video-preview":"max-video-preview:-1"},"canonical":"https:\/\/daemar.com\/fr\/industry_applications_vavles_474\/","og_locale":"en_US","og_type":"article","og_title":"Valve Industry Applications - Daemar Inc \u2014 Joints Toriques - \u00c9tanch\u00e9it\u00e9 - Bagues de retenue - Coussinets - Caplugs - Cales de support - Clefs en barre","og_description":"Valves Daemar supports the Valve industry with a broad range of products that provide sealing, retaining and protection. Combine our product mix with local inventories [&hellip;]","og_url":"https:\/\/daemar.com\/fr\/industry_applications_vavles_474\/","og_site_name":"Daemar Inc \u2014 Joints Toriques - \u00c9tanch\u00e9it\u00e9 - Bagues de retenue - Coussinets - Caplugs - Cales de support - Clefs en barre","article_modified_time":"2019-03-11T16:25:10+00:00","og_image":[{"url":"https:\/\/daemar.com\/fr\/wp-content\/uploads\/sites\/3\/2013\/05\/sm_shaft7.jpg","type":"","width":"","height":""}],"twitter_card":"summary_large_image","twitter_misc":{"Est. reading time":"2 minutes"},"schema":{"@context":"https:\/\/schema.org","@graph":[{"@type":"WebPage","@id":"https:\/\/daemar.com\/fr\/industry_applications_vavles_474\/","url":"https:\/\/daemar.com\/fr\/industry_applications_vavles_474\/","name":"Valve Industry Applications - Daemar Inc \u2014 Joints Toriques - \u00c9tanch\u00e9it\u00e9 - Bagues de retenue - Coussinets - Caplugs - Cales de support - Clefs en barre","isPartOf":{"@id":"https:\/\/daemar.com\/fr\/#website"},"primaryImageOfPage":{"@id":"https:\/\/daemar.com\/fr\/industry_applications_vavles_474\/#primaryimage"},"image":{"@id":"https:\/\/daemar.com\/fr\/industry_applications_vavles_474\/#primaryimage"},"thumbnailUrl":"https:\/\/daemar.com\/fr\/wp-content\/uploads\/sites\/3\/2013\/05\/sm_shaft7.jpg","datePublished":"2013-10-23T17:19:52+00:00","dateModified":"2019-03-11T16:25:10+00:00","breadcrumb":{"@id":"https:\/\/daemar.com\/fr\/industry_applications_vavles_474\/#breadcrumb"},"inLanguage":"en-US","potentialAction":[{"@type":"ReadAction","target":["https:\/\/daemar.com\/fr\/industry_applications_vavles_474\/"]}]},{"@type":"ImageObject","inLanguage":"en-US","@id":"https:\/\/daemar.com\/fr\/industry_applications_vavles_474\/#primaryimage","url":"https:\/\/daemar.com\/fr\/wp-content\/uploads\/sites\/3\/2013\/05\/sm_shaft7.jpg","contentUrl":"https:\/\/daemar.com\/fr\/wp-content\/uploads\/sites\/3\/2013\/05\/sm_shaft7.jpg","width":75,"height":75},{"@type":"BreadcrumbList","@id":"https:\/\/daemar.com\/fr\/industry_applications_vavles_474\/#breadcrumb","itemListElement":[{"@type":"ListItem","position":1,"name":"Home","item":"https:\/\/daemar.com\/fr\/"},{"@type":"ListItem","position":2,"name":"Valve Industry Applications"}]},{"@type":"WebSite","@id":"https:\/\/daemar.com\/fr\/#website","url":"https:\/\/daemar.com\/fr\/","name":"Daemar Inc \u2014 Joints Toriques - \u00c9tanch\u00e9it\u00e9 - Bagues de retenue - Coussinets - Caplugs - Cales de support - Clefs en barre","description":"Des composants essentiel pour l&#039;industrie - \u00c9tanch\u00e9it\u00e9 - R\u00e9tention\u00a0- Roulement - Protection - Alignement","publisher":{"@id":"https:\/\/daemar.com\/fr\/#organization"},"potentialAction":[{"@type":"SearchAction","target":{"@type":"EntryPoint","urlTemplate":"https:\/\/daemar.com\/fr\/?s={search_term_string}"},"query-input":{"@type":"PropertyValueSpecification","valueRequired":true,"valueName":"search_term_string"}}],"inLanguage":"en-US"},{"@type":"Organization","@id":"https:\/\/daemar.com\/fr\/#organization","name":"Daemar Inc \u2014 Joints Toriques - \u00c9tanch\u00e9it\u00e9 - Bagues de retenue - Coussinets - Caplugs - Cales de support - Clefs en barre","url":"https:\/\/daemar.com\/fr\/","logo":{"@type":"ImageObject","inLanguage":"en-US","@id":"https:\/\/daemar.com\/fr\/#\/schema\/logo\/image\/","url":"https:\/\/daemar.com\/fr\/wp-content\/uploads\/sites\/3\/2018\/12\/DAEMAR-LOGO-1000.jpg","contentUrl":"https:\/\/daemar.com\/fr\/wp-content\/uploads\/sites\/3\/2018\/12\/DAEMAR-LOGO-1000.jpg","width":1000,"height":901,"caption":"Daemar Inc \u2014 Joints Toriques - \u00c9tanch\u00e9it\u00e9 - Bagues de retenue - Coussinets - Caplugs - Cales de support - Clefs en barre"},"image":{"@id":"https:\/\/daemar.com\/fr\/#\/schema\/logo\/image\/"}}]}},"_links":{"self":[{"href":"https:\/\/daemar.com\/fr\/wp-json\/wp\/v2\/pages\/4668","targetHints":{"allow":["GET"]}}],"collection":[{"href":"https:\/\/daemar.com\/fr\/wp-json\/wp\/v2\/pages"}],"about":[{"href":"https:\/\/daemar.com\/fr\/wp-json\/wp\/v2\/types\/page"}],"author":[{"embeddable":true,"href":"https:\/\/daemar.com\/fr\/wp-json\/wp\/v2\/users\/2"}],"replies":[{"embeddable":true,"href":"https:\/\/daemar.com\/fr\/wp-json\/wp\/v2\/comments?post=4668"}],"version-history":[{"count":0,"href":"https:\/\/daemar.com\/fr\/wp-json\/wp\/v2\/pages\/4668\/revisions"}],"wp:attachment":[{"href":"https:\/\/daemar.com\/fr\/wp-json\/wp\/v2\/media?parent=4668"}],"curies":[{"name":"wp","href":"https:\/\/api.w.org\/{rel}","templated":true}]}}