{"id":4419,"date":"2013-10-18T10:16:30","date_gmt":"2013-10-18T14:16:30","guid":{"rendered":"http:\/\/74.220.216.78\/?page_id=4419"},"modified":"2026-04-22T17:04:43","modified_gmt":"2026-04-22T21:04:43","slug":"afterhours_286","status":"publish","type":"page","link":"https:\/\/daemar.com\/fr\/afterhours_286\/","title":{"rendered":"Service \u00e0 la Client\u00e8le Continu"},"content":{"rendered":"<div class=\"row-fluid\">\n<div class=\"rhcol span7\">\n<h1>Service \u00e0 la Client\u00e8le Continu<\/h1>\n<p><strong>Vous ne pouvez pas vous permettre d&#8217;interruptions de service<\/strong><\/p>\n<p>De nos jours, les activit\u00e9s industrielles ne font jamais rel\u00e2che. C&#8217;est pourquoi le service \u00e0 la client\u00e8le de Daemar Inc. est disponible 24 heures sur 24, 7 jours sur 7 pour r\u00e9pondre \u00e0 tous vos besoins d&#8217;assistance urgents.<\/p>\n<hr style=\"border: 1px solid #cecece;\" \/>\n<h3>Structure des Frais<\/h3>\n<p>Aucun frais pour la v\u00e9rification des stocks. Les frais de service suivants s&#8217;appliquent au programme de service apr\u00e8s les heures d&#8217;ouverture de Daemar si la commande est pass\u00e9e:<\/p>\n<p>Du lundi au vendredi de 17 h \u00e0 Minuit = <strong>frais de 250 $<\/strong><\/p>\n<p>Du Lundi au Vendredi de minuit \u00e0 8 h et les fins de semaine = <strong>frais de 250 $<\/strong><\/p>\n<div class=\"divider_basic\"><\/div>\n<p><a id=\"torontoafterhours\" name=\"torontoafterhours\"><\/a><\/p>\n<h4>Service \u00e0 la Client\u00e8le Continu \u2013 Ontario<\/h4>\n<p>Brendan \u2013 \u00a0(905) 847 4985<br \/>\nMike \u2013 (905) 847 4986<br \/>\nTom \u2013 (905) 847 4981<\/p>\n<div class=\"divider_basic\"><\/div>\n<h4><a id=\"edmontonafterhours\" name=\"edmontonafterhours\"><\/a>Service \u00e0 la Client\u00e8le Continu \u2013 Alberta, Man. &amp; Sask.<\/h4>\n<p>John &#8211; (780) 298 2249<br \/>\nCraig &#8211; (403) 835 9862<br \/>\n<div class=\"divider_basic\"><\/div><\/p>\n<h4><a id=\"montrealafterhours\" name=\"montrealafterhours\"><\/a>Service \u00e0 la Client\u00e8le Continu \u2013 Quebec &amp; Maritimes<\/h4>\n<p>\u00c9quipe de service 24h\/24 &#8211; (514) 894 2872<\/p>\n<div class=\"divider_basic\"><\/div>\n<h4><a id=\"vancouverafterhours\" name=\"vancouverafterhours\"><\/a>Service \u00e0 la Client\u00e8le Continu \u2013 British Columbia<\/h4>\n<p>Andrew &#8211; (604) 722 4263<\/p>\n<\/div>\n<div class=\"rhcol span5\">\n<div class=\"toggle2-box\">\r\n<h3 class=\"toggle2-title sws_toggle2\">Locations<\/h3>\r\n<div class=\"toggle2-content-noframe\">\r\n<\/p>\n<h3>Nous sommes l\u00e0 pour vous<\/h3>\n<p>Daemar Inc. poss\u00e8de un r\u00e9seau de quatre entrep\u00f4ts de stockage strat\u00e9giquement situ\u00e9s afin d&#8217;approvisionner le march\u00e9 nord-am\u00e9ricain. O\u00f9 que vous soyez, Daemar r\u00e9pond \u00e0 vos besoins.<\/p>\n<hr style=\"border: 1px solid #cecece;\" \/>\n<h3>Toronto, Ontario &#8211; Si\u00e8ge mondial<\/h3>\n<p><strong>861 Cranberry Court<br \/>\nOakville,Ontario<br \/>\nL6L 6J7<\/strong><strong><br \/>\n<\/strong><strong><a href=\"mailto:sales@daemarinc.com\">sales@daemarinc.com<\/a><\/strong><\/p>\n<p>T\u00e9l\u00e9phone: (905) 847-6500 T\u00e9l\u00e9copieur: (905) 847-6943<br \/>\nSans frais (800) 387-7115<\/p>\n<p><iframe src=\"https:\/\/www.google.com\/maps\/embed\/v1\/place?key=AIzaSyD09zQ9PNDNNy9TadMuzRV_UsPUoWKntt8&amp;q=861+Cranberry+Court%0AOakville%2COntario%0AL6L+6J7\"><\/iframe><\/p>\n<hr style=\"border: 1px solid #cecece;\" \/>\n<p>&nbsp;<\/p>\n<h3>Edmonton, Alberta<\/h3>\n<p><strong>6763 \u2013 59th Street NW<br \/>\nEdmonton, Alberta<br \/>\nT6B 3P8<br \/>\n<a href=\"mailto:edmsales@daemarinc.com\">edmsales@daemarinc.com<\/a><\/strong><\/p>\n<p>T\u00e9l\u00e9phone: (780) 435 8899 T\u00e9l\u00e9copieur: (780) 435 9090<br \/>\nSans frais (800) 214 9590<\/p>\n<p><iframe src=\"https:\/\/www.google.com\/maps\/embed\/v1\/place?key=AIzaSyD09zQ9PNDNNy9TadMuzRV_UsPUoWKntt8&amp;q=6763+%E2%80%93+59th+Street+NW%0AEdmonton%2C+Alberta%0AT6B+3P8%0A\"><\/iframe><\/p>\n<hr style=\"border: 1px solid #cecece;\" \/>\n<p>&nbsp;<\/p>\n<h3>Montreal, Quebec<\/h3>\n<p><strong>548 Meloche<br \/>\nDorval, Quebec.<br \/>\nH9P 2T2<\/strong><strong><br \/>\n<a href=\"mailto:mtlsales@daemarinc.com\">mtlsales@daemarinc.com<\/a><\/strong><\/p>\n<p>T\u00e9l\u00e9phone: (514) 636-3113 T\u00e9l\u00e9copieur: (514) 633-1206<br \/>\nSans frais (800) 361-6826<\/p>\n<p><iframe src=\"https:\/\/www.google.com\/maps\/embed\/v1\/place?key=AIzaSyD09zQ9PNDNNy9TadMuzRV_UsPUoWKntt8&amp;q=548+Meloche%0ADorval%2C+Quebec.%0AH9P+2T2\"><\/iframe><\/p>\n<hr style=\"border: 1px solid #cecece;\" \/>\n<hr style=\"border: 1px solid #cecece;\" \/>\n<p>&nbsp;<\/p>\n<h3>Vancouver, B.C.<\/h3>\n<p><strong>Territory Sales Representative<br \/>\nAndrew Vogt <\/strong><strong><br \/>\n<a href=\"mailto:bcsales@daemarinc.com\">bcsales@daemarinc.com<\/a><\/strong><\/p>\n<p>T\u00e9l\u00e9phone: (604) 722 4263<\/p>\n<hr style=\"border: 1px solid #cecece;\" \/>\n<p>&nbsp;<\/p>\n<h3>Atlanta, Georgia &#8211; USA Si\u00e8ge social<\/h3>\n<p><strong>1635 Lakes Parkway<br \/>\nSuite F<br \/>\nLawrenceville, Georgia<br \/>\n30043<\/strong><strong><br \/>\n<a href=\"mailto:atlanta@daemarinc.com\">atlanta@daemarinc.com<\/a><\/strong><\/p>\n<p>T\u00e9l\u00e9phone: (770) 953-4710 T\u00e9l\u00e9copieur: (770) 953-4711<br \/>\nSans frais (877) 432-3627<\/p>\n<p>&nbsp;<\/p>\n<p><iframe src=\"https:\/\/www.google.com\/maps\/embed\/v1\/place?key=AIzaSyD09zQ9PNDNNy9TadMuzRV_UsPUoWKntt8&amp;q=1635+Lakes+Parkway%0ASuite+F%0ALawrenceville%2C+Georgia%0A30043\"><\/iframe><\/p>\n<p>\r\n<\/div>\r\n<\/div>\n<\/div>\n<\/div>\n<p>&nbsp;<\/p>\n","protected":false},"excerpt":{"rendered":"<p>Service \u00e0 la Client\u00e8le Continu Vous ne pouvez pas vous permettre d&#8217;interruptions de service De nos jours, les activit\u00e9s industrielles ne font jamais rel\u00e2che. C&#8217;est [&hellip;]<\/p>\n","protected":false},"author":2,"featured_media":0,"parent":0,"menu_order":0,"comment_status":"closed","ping_status":"closed","template":"","meta":{"site-sidebar-layout":"default","site-content-layout":"default","ast-site-content-layout":"default","site-content-style":"default","site-sidebar-style":"default","ast-global-header-display":"","ast-banner-title-visibility":"","ast-main-header-display":"","ast-hfb-above-header-display":"","ast-hfb-below-header-display":"","ast-hfb-mobile-header-display":"","site-post-title":"","ast-breadcrumbs-content":"","ast-featured-img":"","footer-sml-layout":"","ast-disable-related-posts":"","theme-transparent-header-meta":"default","adv-header-id-meta":"","stick-header-meta":"default","header-above-stick-meta":"","header-main-stick-meta":"","header-below-stick-meta":"","astra-migrate-meta-layouts":"set","ast-page-background-enabled":"default","ast-page-background-meta":{"desktop":{"background-color":"","background-image":"","background-repeat":"repeat","background-position":"center center","background-size":"auto","background-attachment":"scroll","background-type":"","background-media":"","overlay-type":"","overlay-color":"","overlay-opacity":"","overlay-gradient":""},"tablet":{"background-color":"","background-image":"","background-repeat":"repeat","background-position":"center center","background-size":"auto","background-attachment":"scroll","background-type":"","background-media":"","overlay-type":"","overlay-color":"","overlay-opacity":"","overlay-gradient":""},"mobile":{"background-color":"","background-image":"","background-repeat":"repeat","background-position":"center center","background-size":"auto","background-attachment":"scroll","background-type":"","background-media":"","overlay-type":"","overlay-color":"","overlay-opacity":"","overlay-gradient":""}},"ast-content-background-meta":{"desktop":{"background-color":"var(--ast-global-color-5)","background-image":"","background-repeat":"repeat","background-position":"center center","background-size":"auto","background-attachment":"scroll","background-type":"","background-media":"","overlay-type":"","overlay-color":"","overlay-opacity":"","overlay-gradient":""},"tablet":{"background-color":"var(--ast-global-color-5)","background-image":"","background-repeat":"repeat","background-position":"center center","background-size":"auto","background-attachment":"scroll","background-type":"","background-media":"","overlay-type":"","overlay-color":"","overlay-opacity":"","overlay-gradient":""},"mobile":{"background-color":"var(--ast-global-color-5)","background-image":"","background-repeat":"repeat","background-position":"center center","background-size":"auto","background-attachment":"scroll","background-type":"","background-media":"","overlay-type":"","overlay-color":"","overlay-opacity":"","overlay-gradient":""}},"footnotes":""},"class_list":["post-4419","page","type-page","status-publish","hentry"],"yoast_head":"<!-- This site is optimized with the Yoast SEO plugin v27.2 - https:\/\/yoast.com\/product\/yoast-seo-wordpress\/ -->\n<title>Service \u00e0 la Client\u00e8le Continu - Daemar Inc \u2014 Joints Toriques - \u00c9tanch\u00e9it\u00e9 - Bagues de retenue - Coussinets - Caplugs - Cales de support - Clefs en barre<\/title>\n<meta name=\"description\" content=\"De nos jours, les activit\u00e9s industrielles ne font jamais rel\u00e2che. C&#039;est pourquoi le service \u00e0 la client\u00e8le de Daemar Inc. est disponible 24 heures sur 24, 7 jours sur 7 pour r\u00e9pondre \u00e0 tous vos besoins d&#039;assistance urgents.\" \/>\n<meta name=\"robots\" content=\"index, follow, max-snippet:-1, max-image-preview:large, max-video-preview:-1\" \/>\n<link rel=\"canonical\" href=\"https:\/\/daemar.com\/fr\/afterhours_286\/\" \/>\n<meta property=\"og:locale\" content=\"en_US\" \/>\n<meta property=\"og:type\" content=\"article\" \/>\n<meta property=\"og:title\" content=\"Service \u00e0 la Client\u00e8le Continu - Daemar Inc \u2014 Joints Toriques - \u00c9tanch\u00e9it\u00e9 - Bagues de retenue - Coussinets - Caplugs - Cales de support - Clefs en barre\" \/>\n<meta property=\"og:description\" content=\"De nos jours, les activit\u00e9s industrielles ne font jamais rel\u00e2che. C&#039;est pourquoi le service \u00e0 la client\u00e8le de Daemar Inc. est disponible 24 heures sur 24, 7 jours sur 7 pour r\u00e9pondre \u00e0 tous vos besoins d&#039;assistance urgents.\" \/>\n<meta property=\"og:url\" content=\"https:\/\/daemar.com\/fr\/afterhours_286\/\" \/>\n<meta property=\"og:site_name\" content=\"Daemar Inc \u2014 Joints Toriques - \u00c9tanch\u00e9it\u00e9 - Bagues de retenue - Coussinets - Caplugs - Cales de support - Clefs en barre\" \/>\n<meta property=\"article:modified_time\" content=\"2026-04-22T21:04:43+00:00\" \/>\n<meta name=\"twitter:card\" content=\"summary_large_image\" \/>\n<meta name=\"twitter:label1\" content=\"Est. reading time\" \/>\n\t<meta name=\"twitter:data1\" content=\"2 minutes\" \/>\n<script type=\"application\/ld+json\" class=\"yoast-schema-graph\">{\"@context\":\"https:\/\/schema.org\",\"@graph\":[{\"@type\":\"WebPage\",\"@id\":\"https:\/\/daemar.com\/fr\/afterhours_286\/\",\"url\":\"https:\/\/daemar.com\/fr\/afterhours_286\/\",\"name\":\"Service \u00e0 la Client\u00e8le Continu - Daemar Inc \u2014 Joints Toriques - \u00c9tanch\u00e9it\u00e9 - Bagues de retenue - Coussinets - Caplugs - Cales de support - Clefs en barre\",\"isPartOf\":{\"@id\":\"https:\/\/daemar.com\/fr\/#website\"},\"datePublished\":\"2013-10-18T14:16:30+00:00\",\"dateModified\":\"2026-04-22T21:04:43+00:00\",\"description\":\"De nos jours, les activit\u00e9s industrielles ne font jamais rel\u00e2che. C'est pourquoi le service \u00e0 la client\u00e8le de Daemar Inc. est disponible 24 heures sur 24, 7 jours sur 7 pour r\u00e9pondre \u00e0 tous vos besoins d'assistance urgents.\",\"breadcrumb\":{\"@id\":\"https:\/\/daemar.com\/fr\/afterhours_286\/#breadcrumb\"},\"inLanguage\":\"en-US\",\"potentialAction\":[{\"@type\":\"ReadAction\",\"target\":[\"https:\/\/daemar.com\/fr\/afterhours_286\/\"]}]},{\"@type\":\"BreadcrumbList\",\"@id\":\"https:\/\/daemar.com\/fr\/afterhours_286\/#breadcrumb\",\"itemListElement\":[{\"@type\":\"ListItem\",\"position\":1,\"name\":\"Home\",\"item\":\"https:\/\/daemar.com\/fr\/\"},{\"@type\":\"ListItem\",\"position\":2,\"name\":\"Service \u00e0 la Client\u00e8le Continu\"}]},{\"@type\":\"WebSite\",\"@id\":\"https:\/\/daemar.com\/fr\/#website\",\"url\":\"https:\/\/daemar.com\/fr\/\",\"name\":\"Daemar Inc \u2014 Joints Toriques - \u00c9tanch\u00e9it\u00e9 - Bagues de retenue - Coussinets - Caplugs - Cales de support - Clefs en barre\",\"description\":\"Des composants essentiel pour l&#039;industrie - \u00c9tanch\u00e9it\u00e9 - R\u00e9tention\u00a0- Roulement - Protection - Alignement\",\"publisher\":{\"@id\":\"https:\/\/daemar.com\/fr\/#organization\"},\"potentialAction\":[{\"@type\":\"SearchAction\",\"target\":{\"@type\":\"EntryPoint\",\"urlTemplate\":\"https:\/\/daemar.com\/fr\/?s={search_term_string}\"},\"query-input\":{\"@type\":\"PropertyValueSpecification\",\"valueRequired\":true,\"valueName\":\"search_term_string\"}}],\"inLanguage\":\"en-US\"},{\"@type\":\"Organization\",\"@id\":\"https:\/\/daemar.com\/fr\/#organization\",\"name\":\"Daemar Inc \u2014 Joints Toriques - \u00c9tanch\u00e9it\u00e9 - Bagues de retenue - Coussinets - Caplugs - Cales de support - Clefs en barre\",\"url\":\"https:\/\/daemar.com\/fr\/\",\"logo\":{\"@type\":\"ImageObject\",\"inLanguage\":\"en-US\",\"@id\":\"https:\/\/daemar.com\/fr\/#\/schema\/logo\/image\/\",\"url\":\"https:\/\/daemar.com\/fr\/wp-content\/uploads\/sites\/3\/2018\/12\/DAEMAR-LOGO-1000.jpg\",\"contentUrl\":\"https:\/\/daemar.com\/fr\/wp-content\/uploads\/sites\/3\/2018\/12\/DAEMAR-LOGO-1000.jpg\",\"width\":1000,\"height\":901,\"caption\":\"Daemar Inc \u2014 Joints Toriques - \u00c9tanch\u00e9it\u00e9 - Bagues de retenue - Coussinets - Caplugs - Cales de support - Clefs en barre\"},\"image\":{\"@id\":\"https:\/\/daemar.com\/fr\/#\/schema\/logo\/image\/\"}}]}<\/script>\n<!-- \/ Yoast SEO plugin. -->","yoast_head_json":{"title":"Service \u00e0 la Client\u00e8le Continu - Daemar Inc \u2014 Joints Toriques - \u00c9tanch\u00e9it\u00e9 - Bagues de retenue - Coussinets - Caplugs - Cales de support - Clefs en barre","description":"De nos jours, les activit\u00e9s industrielles ne font jamais rel\u00e2che. C'est pourquoi le service \u00e0 la client\u00e8le de Daemar Inc. est disponible 24 heures sur 24, 7 jours sur 7 pour r\u00e9pondre \u00e0 tous vos besoins d'assistance urgents.","robots":{"index":"index","follow":"follow","max-snippet":"max-snippet:-1","max-image-preview":"max-image-preview:large","max-video-preview":"max-video-preview:-1"},"canonical":"https:\/\/daemar.com\/fr\/afterhours_286\/","og_locale":"en_US","og_type":"article","og_title":"Service \u00e0 la Client\u00e8le Continu - Daemar Inc \u2014 Joints Toriques - \u00c9tanch\u00e9it\u00e9 - Bagues de retenue - Coussinets - Caplugs - Cales de support - Clefs en barre","og_description":"De nos jours, les activit\u00e9s industrielles ne font jamais rel\u00e2che. C'est pourquoi le service \u00e0 la client\u00e8le de Daemar Inc. est disponible 24 heures sur 24, 7 jours sur 7 pour r\u00e9pondre \u00e0 tous vos besoins d'assistance urgents.","og_url":"https:\/\/daemar.com\/fr\/afterhours_286\/","og_site_name":"Daemar Inc \u2014 Joints Toriques - \u00c9tanch\u00e9it\u00e9 - Bagues de retenue - Coussinets - Caplugs - Cales de support - Clefs en barre","article_modified_time":"2026-04-22T21:04:43+00:00","twitter_card":"summary_large_image","twitter_misc":{"Est. reading time":"2 minutes"},"schema":{"@context":"https:\/\/schema.org","@graph":[{"@type":"WebPage","@id":"https:\/\/daemar.com\/fr\/afterhours_286\/","url":"https:\/\/daemar.com\/fr\/afterhours_286\/","name":"Service \u00e0 la Client\u00e8le Continu - Daemar Inc \u2014 Joints Toriques - \u00c9tanch\u00e9it\u00e9 - Bagues de retenue - Coussinets - Caplugs - Cales de support - Clefs en barre","isPartOf":{"@id":"https:\/\/daemar.com\/fr\/#website"},"datePublished":"2013-10-18T14:16:30+00:00","dateModified":"2026-04-22T21:04:43+00:00","description":"De nos jours, les activit\u00e9s industrielles ne font jamais rel\u00e2che. C'est pourquoi le service \u00e0 la client\u00e8le de Daemar Inc. est disponible 24 heures sur 24, 7 jours sur 7 pour r\u00e9pondre \u00e0 tous vos besoins d'assistance urgents.","breadcrumb":{"@id":"https:\/\/daemar.com\/fr\/afterhours_286\/#breadcrumb"},"inLanguage":"en-US","potentialAction":[{"@type":"ReadAction","target":["https:\/\/daemar.com\/fr\/afterhours_286\/"]}]},{"@type":"BreadcrumbList","@id":"https:\/\/daemar.com\/fr\/afterhours_286\/#breadcrumb","itemListElement":[{"@type":"ListItem","position":1,"name":"Home","item":"https:\/\/daemar.com\/fr\/"},{"@type":"ListItem","position":2,"name":"Service \u00e0 la Client\u00e8le Continu"}]},{"@type":"WebSite","@id":"https:\/\/daemar.com\/fr\/#website","url":"https:\/\/daemar.com\/fr\/","name":"Daemar Inc \u2014 Joints Toriques - \u00c9tanch\u00e9it\u00e9 - Bagues de retenue - Coussinets - Caplugs - Cales de support - Clefs en barre","description":"Des composants essentiel pour l&#039;industrie - \u00c9tanch\u00e9it\u00e9 - R\u00e9tention\u00a0- Roulement - Protection - Alignement","publisher":{"@id":"https:\/\/daemar.com\/fr\/#organization"},"potentialAction":[{"@type":"SearchAction","target":{"@type":"EntryPoint","urlTemplate":"https:\/\/daemar.com\/fr\/?s={search_term_string}"},"query-input":{"@type":"PropertyValueSpecification","valueRequired":true,"valueName":"search_term_string"}}],"inLanguage":"en-US"},{"@type":"Organization","@id":"https:\/\/daemar.com\/fr\/#organization","name":"Daemar Inc \u2014 Joints Toriques - \u00c9tanch\u00e9it\u00e9 - Bagues de retenue - Coussinets - Caplugs - Cales de support - Clefs en barre","url":"https:\/\/daemar.com\/fr\/","logo":{"@type":"ImageObject","inLanguage":"en-US","@id":"https:\/\/daemar.com\/fr\/#\/schema\/logo\/image\/","url":"https:\/\/daemar.com\/fr\/wp-content\/uploads\/sites\/3\/2018\/12\/DAEMAR-LOGO-1000.jpg","contentUrl":"https:\/\/daemar.com\/fr\/wp-content\/uploads\/sites\/3\/2018\/12\/DAEMAR-LOGO-1000.jpg","width":1000,"height":901,"caption":"Daemar Inc \u2014 Joints Toriques - \u00c9tanch\u00e9it\u00e9 - Bagues de retenue - Coussinets - Caplugs - Cales de support - Clefs en barre"},"image":{"@id":"https:\/\/daemar.com\/fr\/#\/schema\/logo\/image\/"}}]}},"_links":{"self":[{"href":"https:\/\/daemar.com\/fr\/wp-json\/wp\/v2\/pages\/4419","targetHints":{"allow":["GET"]}}],"collection":[{"href":"https:\/\/daemar.com\/fr\/wp-json\/wp\/v2\/pages"}],"about":[{"href":"https:\/\/daemar.com\/fr\/wp-json\/wp\/v2\/types\/page"}],"author":[{"embeddable":true,"href":"https:\/\/daemar.com\/fr\/wp-json\/wp\/v2\/users\/2"}],"replies":[{"embeddable":true,"href":"https:\/\/daemar.com\/fr\/wp-json\/wp\/v2\/comments?post=4419"}],"version-history":[{"count":0,"href":"https:\/\/daemar.com\/fr\/wp-json\/wp\/v2\/pages\/4419\/revisions"}],"wp:attachment":[{"href":"https:\/\/daemar.com\/fr\/wp-json\/wp\/v2\/media?parent=4419"}],"curies":[{"name":"wp","href":"https:\/\/api.w.org\/{rel}","templated":true}]}}