{"id":4039,"date":"2013-10-10T19:32:01","date_gmt":"2013-10-10T23:32:01","guid":{"rendered":"http:\/\/74.220.216.78\/?page_id=4039"},"modified":"2026-04-22T17:07:24","modified_gmt":"2026-04-22T21:07:24","slug":"location_12","status":"publish","type":"page","link":"https:\/\/daemar.com\/fr\/location_12\/","title":{"rendered":"Daemar emplacements"},"content":{"rendered":"<h1>Daemar emplacements<\/h1>\n<h3>Nous sommes l\u00e0 pour vous<\/h3>\n<p>Daemar Inc. poss\u00e8de un r\u00e9seau de quatre entrep\u00f4ts de stockage situ\u00e9s \u00e0 des emplacements strat\u00e9giques, afin d\u00b4approvisionner le march\u00e9 nord-am\u00e9ricain. O\u00f9 que vous soyez, Daemar r\u00e9pond \u00e0 vos besoins.<\/p>\n<hr style=\"border: 1px solid #cecece;\" \/>\n<h3><a id=\"torontolocation\" name=\"torontolocation\"><\/a>Toronto, Ontario &#8211; Si\u00e8ge mondial<\/h3>\n<p><strong>861 Cranberry Court<br \/>\nOakville,Ontario<br \/>\nL6L 6J7<\/strong><strong><br \/>\n<\/strong><strong><a href=\"mailto:sales@daemarinc.com\">sales@daemarinc.com<\/a><\/strong><\/p>\n<p>Nos 16000 pieds carr\u00e9s Ventes\/centre de distribution est strat\u00e9giquement situ\u00e9 \u00e0 proximit\u00e9 de l&#8217;a\u00e9roport international de Toronto et dans le coeur du secteur manufacturier. Comme un &#8221; point d&#8217;entr\u00e9e des douanes&#8221;. Nous sommes en mesure d&#8217;exp\u00e9dier et de recevoir de produit \u00e0 partir de tous les centres internationaux r\u00e9duire davantage vos co\u00fbts et en fournissant un processus simplifi\u00e9 de distribution de votre canal exigences JIT<\/p>\n<p>T\u00e9l\u00e9phone: (905) 847-6500 T\u00e9l\u00e9copieur: (905) 847-6943<br \/>\nSans frais: (800) 387-7115<\/p>\n<p><iframe src=\"https:\/\/www.google.com\/maps\/embed\/v1\/place?key=AIzaSyD09zQ9PNDNNy9TadMuzRV_UsPUoWKntt8&amp;q=861+Cranberry+Court%0AOakville%2COntario%0AL6L+6J7\"><\/iframe><\/p>\n<hr style=\"border: 1px solid #cecece;\" \/>\n<h3><a id=\"edmontonlocation\" name=\"edmontonlocation\"><\/a>Edmonton, Alberta<\/h3>\n<p><strong>6763 \u2013 59th Street NW<br \/>\nEdmonton, Alberta<br \/>\nT6B 3P8<\/strong><strong><br \/>\n<a href=\"mailto:edmsales@daemarinc.com\">edmsales@daemarinc.com<\/a><\/strong><\/p>\n<p>Cette branche de l&#8217;Ouest offre le service Premium pour les industries p\u00e9trochimiques. Maintenant jouissant de plus de 7000 pieds carr\u00e9s d&#8217;espace d&#8217;entrep\u00f4t et d&#8217;un bureau de vente \u00e0 jour, cette installation excelle avec des produits uniques et l&#8217;exp\u00e9rience de la vente sp\u00e9cialis\u00e9es souvent requis dans le champ d&#8217;huile et les applications agricoles. En conjonction avec notre norme pi\u00e8ces DMR nos ventes\/entreposage emplacement offre de service \u00e0 valeur ajout\u00e9e pour les provinces des Prairies. Cette branche de l&#8217;Ouest offre le service Premium pour les industries p\u00e9trochimiques.<\/p>\n<p>T\u00e9l\u00e9phone: (780) 435 8899 T\u00e9l\u00e9copieur: (780) 435 9090<br \/>\nSans frais (800) 214 9590<\/p>\n<p><iframe src=\"https:\/\/www.google.com\/maps\/embed\/v1\/place?key=AIzaSyD09zQ9PNDNNy9TadMuzRV_UsPUoWKntt8&amp;q=6763+%E2%80%93+59th+Street+NW%0AEdmonton%2C+Alberta%0AT6B+3P8%0A\"><\/iframe><\/p>\n<p>&nbsp;<\/p>\n<hr style=\"border: 1px solid #cecece;\" \/>\n<h3><a id=\"montreallocation\" name=\"montreallocation\"><\/a>Montreal, Quebec<\/h3>\n<p><strong>548 Meloche<br \/>\nDorval, Quebec.<br \/>\nH9P 2T2<\/strong><strong><br \/>\n<a href=\"mailto:mtlsales@daemarinc.com\">mtlsales@daemarinc.com<\/a><\/strong><\/p>\n<p>Avec sa grande base de fabrication et cha\u00eene de distribution unique nos 6700 pieds carr\u00e9s. Installation de Dorval, situ\u00e9 juste \u00e0 l&#8217;ext\u00e9rieur de Montr\u00e9al, offre le service \u00e0 la client\u00e8le de premi\u00e8re classe en fran\u00e7ais et en anglais. C&#8217;est le personnel des ventes sont connus pour \u00eatre des sp\u00e9cialistes dans la fourniture de composants de pr\u00e9cision et d&#8217;\u00e9tanch\u00e9it\u00e9 liquide pour les secteurs de l&#8217;a\u00e9rospatiale et des transports.<\/p>\n<p>T\u00e9l\u00e9phone: (514) 636-3113 T\u00e9l\u00e9copieur: (514) 633-1206<br \/>\nSans frais (800) 361-6826<\/p>\n<p><iframe src=\"https:\/\/www.google.com\/maps\/embed\/v1\/place?key=AIzaSyD09zQ9PNDNNy9TadMuzRV_UsPUoWKntt8&amp;q=548+Meloche%0ADorval%2C+Quebec.%0AH9P+2T2\"><\/iframe><\/p>\n<hr style=\"border: 1px solid #cecece;\" \/>\n<h3><a id=\"vancouverlocation\" name=\"vancouverlocation\"><\/a>Vancouver, B.C.<\/h3>\n<p><strong>Territory Sales Representative<br \/>\nAndrew Vogt <\/strong><strong><br \/>\n<a href=\"mailto:bcsales@daemarinc.com\">bcsales@daemarinc.com<\/a><\/strong><\/p>\n<p>T\u00e9l\u00e9phone: (604) 722 4263<\/p>\n<hr style=\"border: 1px solid #cecece;\" \/>\n<h3><a id=\"atlantalocation\" name=\"atlantalocation\"><\/a>Atlanta, Georgia &#8211; USA Si\u00e8ge social<\/h3>\n<p><strong>1635 Lakes Parkway<br \/>\nSuite F<br \/>\nLawrenceville, Georgia<br \/>\n30043<\/strong><strong><br \/>\n<a href=\"mailto:atlanta@daemarinc.com\">atlanta@daemarinc.com<\/a><\/strong><\/p>\n<p>Situ\u00e9 dans le quartier historique de G\u00e9orgie, \u00e0 quelques minutes de l&#8217;a\u00e9roport d&#8217;Atlanta. Notre si\u00e8ge social pour nos op\u00e9rations am\u00e9ricaines b\u00e9n\u00e9ficie d&#8217;\u00e9quipements tr\u00e8s modernes au service tous vos d \u00e9tanch\u00e9it\u00e9 liquides et composant de pr\u00e9cision requise. Grand volume ou petits, tous les clients sont accueillis avec un m\u00e9lange unique de &#8220;l&#8217;hospitalit\u00e9 du sud&#8221; et la vitesse et la pr\u00e9cision d&#8217;une installation de distribution de haute technologie v\u00e9ritablement peut offrir.<\/p>\n<p>T\u00e9l\u00e9phone: (770) 953-4710 T\u00e9l\u00e9copieur: (770) 953-4711<br \/>\nSans frais (877) 432-3627<\/p>\n<p><iframe src=\"https:\/\/www.google.com\/maps\/embed\/v1\/place?key=AIzaSyD09zQ9PNDNNy9TadMuzRV_UsPUoWKntt8&amp;q=1635+Lakes+Parkway%0ASuite+F%0ALawrenceville%2C+Georgia%0A30043\"><\/iframe><\/p>\n<div class=\"rhcol span5\">\n<div class=\"toggle2-box\">\r\n<h3 class=\"toggle2-title sws_toggle2\">Service \u00e0 la Client\u00e8le Continu<\/h3>\r\n<div class=\"toggle2-content-noframe\">\r\n<strong>Vous ne pouvez pas vous permettre d&#8217;interruptions de service<\/strong><\/p>\n<p>De nos jours, les activit\u00e9s industrielles ne font jamais rel\u00e2che. C&#8217;est pourquoi le service \u00e0 la client\u00e8le de Daemar Inc. est disponible 24 heures sur 24, 7 jours sur 7 pour r\u00e9pondre \u00e0 tous vos besoins d&#8217;assistance urgents.<\/p>\n<h3>Structure des Frais<\/h3>\n<p>Aucun frais pour la v\u00e9rification des stocks. Les frais de service suivants s\u2019appliquent au programme de service apr\u00e8s les heures d\u2019ouverture de Daemar si la commande est pass\u00e9e:<\/p>\n<p>Du lundi au vendredi de 17 h \u00e0 Minuit = <strong>frais de $250<\/strong><\/p>\n<p>Du Lundi au Vendredi de minuit \u00e0 8 h et les fins de semaine = <strong>frais de $250<\/strong><\/p>\n<p><div class=\"divider_basic\"><\/div><\/p>\n<p><a id=\"torontoafterhours\" name=\"torontoafterhours\"><\/a><\/p>\n<h4>Service \u00e0 la Client\u00e8le Continu \u2013 Ontario<\/h4>\n<p>Jeff &#8211; (905) 847 4979<br \/>\nPat &#8211; (905) 599 4887<br \/>\nMike &#8211; (905) 847 4986<br \/>\nTom &#8211; (905) 847 4981<br \/>\n<div class=\"divider_basic\"><\/div><\/p>\n<h4><a id=\"edmontonafterhours\" name=\"edmontonafterhours\"><\/a>Service \u00e0 la Client\u00e8le Continu \u2013 Alberta, Man. &amp; Sask.<\/h4>\n<p>John &#8211; (780) 298 2249<br \/>\nCraig &#8211; (403) 835 9862<br \/>\n<div class=\"divider_basic\"><\/div><\/p>\n<h4><a id=\"montrealafterhours\" name=\"montrealafterhours\"><\/a>Service \u00e0 la Client\u00e8le Continu \u2013 Quebec &amp; Maritimes<\/h4>\n<p>24h Service Team &#8211; (514) 894 2872<\/p>\n<p><div class=\"divider_basic\"><\/div><\/p>\n<h4><a id=\"vancouverafterhours\" name=\"vancouverafterhours\"><\/a>Service \u00e0 la Client\u00e8le Continu \u2013 British Columbia<\/h4>\n<p>Andrew &#8211; (604) 722 4263<\/p>\n<p>\r\n<\/div>\r\n<\/div>\n<\/div>\n","protected":false},"excerpt":{"rendered":"<p>Daemar emplacements Nous sommes l\u00e0 pour vous Daemar Inc. poss\u00e8de un r\u00e9seau de quatre entrep\u00f4ts de stockage situ\u00e9s \u00e0 des emplacements strat\u00e9giques, afin d\u00b4approvisionner le [&hellip;]<\/p>\n","protected":false},"author":2,"featured_media":0,"parent":0,"menu_order":0,"comment_status":"closed","ping_status":"closed","template":"","meta":{"site-sidebar-layout":"default","site-content-layout":"default","ast-site-content-layout":"default","site-content-style":"default","site-sidebar-style":"default","ast-global-header-display":"","ast-banner-title-visibility":"","ast-main-header-display":"","ast-hfb-above-header-display":"","ast-hfb-below-header-display":"","ast-hfb-mobile-header-display":"","site-post-title":"","ast-breadcrumbs-content":"","ast-featured-img":"","footer-sml-layout":"","ast-disable-related-posts":"","theme-transparent-header-meta":"default","adv-header-id-meta":"","stick-header-meta":"default","header-above-stick-meta":"","header-main-stick-meta":"","header-below-stick-meta":"","astra-migrate-meta-layouts":"set","ast-page-background-enabled":"default","ast-page-background-meta":{"desktop":{"background-color":"","background-image":"","background-repeat":"repeat","background-position":"center center","background-size":"auto","background-attachment":"scroll","background-type":"","background-media":"","overlay-type":"","overlay-color":"","overlay-opacity":"","overlay-gradient":""},"tablet":{"background-color":"","background-image":"","background-repeat":"repeat","background-position":"center center","background-size":"auto","background-attachment":"scroll","background-type":"","background-media":"","overlay-type":"","overlay-color":"","overlay-opacity":"","overlay-gradient":""},"mobile":{"background-color":"","background-image":"","background-repeat":"repeat","background-position":"center center","background-size":"auto","background-attachment":"scroll","background-type":"","background-media":"","overlay-type":"","overlay-color":"","overlay-opacity":"","overlay-gradient":""}},"ast-content-background-meta":{"desktop":{"background-color":"var(--ast-global-color-5)","background-image":"","background-repeat":"repeat","background-position":"center center","background-size":"auto","background-attachment":"scroll","background-type":"","background-media":"","overlay-type":"","overlay-color":"","overlay-opacity":"","overlay-gradient":""},"tablet":{"background-color":"var(--ast-global-color-5)","background-image":"","background-repeat":"repeat","background-position":"center center","background-size":"auto","background-attachment":"scroll","background-type":"","background-media":"","overlay-type":"","overlay-color":"","overlay-opacity":"","overlay-gradient":""},"mobile":{"background-color":"var(--ast-global-color-5)","background-image":"","background-repeat":"repeat","background-position":"center center","background-size":"auto","background-attachment":"scroll","background-type":"","background-media":"","overlay-type":"","overlay-color":"","overlay-opacity":"","overlay-gradient":""}},"footnotes":""},"class_list":["post-4039","page","type-page","status-publish","hentry"],"yoast_head":"<!-- This site is optimized with the Yoast SEO plugin v27.5 - https:\/\/yoast.com\/product\/yoast-seo-wordpress\/ -->\n<title>Daemar emplacements - Daemar Inc \u2014 Joints Toriques - \u00c9tanch\u00e9it\u00e9 - Bagues de retenue - Coussinets - Caplugs - Cales de support - Clefs en barre<\/title>\n<meta name=\"description\" content=\"Informations de contact pour les bureaux de Daemar \u00e0 Oakville (Toronto), Dorval (Montr\u00e9al), \u00e0 Edmonton et \u00e0 Atlanta\" \/>\n<meta name=\"robots\" content=\"index, follow, max-snippet:-1, max-image-preview:large, max-video-preview:-1\" \/>\n<link rel=\"canonical\" href=\"https:\/\/daemar.com\/fr\/location_12\/\" \/>\n<meta property=\"og:locale\" content=\"en_US\" \/>\n<meta property=\"og:type\" content=\"article\" \/>\n<meta property=\"og:title\" content=\"Daemar emplacements - Daemar Inc \u2014 Joints Toriques - \u00c9tanch\u00e9it\u00e9 - Bagues de retenue - Coussinets - Caplugs - Cales de support - Clefs en barre\" \/>\n<meta property=\"og:description\" content=\"Informations de contact pour les bureaux de Daemar \u00e0 Oakville (Toronto), Dorval (Montr\u00e9al), \u00e0 Edmonton et \u00e0 Atlanta\" \/>\n<meta property=\"og:url\" content=\"https:\/\/daemar.com\/fr\/location_12\/\" \/>\n<meta property=\"og:site_name\" content=\"Daemar Inc \u2014 Joints Toriques - \u00c9tanch\u00e9it\u00e9 - Bagues de retenue - Coussinets - Caplugs - Cales de support - Clefs en barre\" \/>\n<meta property=\"article:modified_time\" content=\"2026-04-22T21:07:24+00:00\" \/>\n<meta name=\"twitter:card\" content=\"summary_large_image\" \/>\n<meta name=\"twitter:label1\" content=\"Est. reading time\" \/>\n\t<meta name=\"twitter:data1\" content=\"3 minutes\" \/>\n<script type=\"application\/ld+json\" class=\"yoast-schema-graph\">{\"@context\":\"https:\\\/\\\/schema.org\",\"@graph\":[{\"@type\":\"WebPage\",\"@id\":\"https:\\\/\\\/daemar.com\\\/fr\\\/location_12\\\/\",\"url\":\"https:\\\/\\\/daemar.com\\\/fr\\\/location_12\\\/\",\"name\":\"Daemar emplacements - Daemar Inc \u2014 Joints Toriques - \u00c9tanch\u00e9it\u00e9 - Bagues de retenue - Coussinets - Caplugs - Cales de support - Clefs en barre\",\"isPartOf\":{\"@id\":\"https:\\\/\\\/daemar.com\\\/fr\\\/#website\"},\"datePublished\":\"2013-10-10T23:32:01+00:00\",\"dateModified\":\"2026-04-22T21:07:24+00:00\",\"description\":\"Informations de contact pour les bureaux de Daemar \u00e0 Oakville (Toronto), Dorval (Montr\u00e9al), \u00e0 Edmonton et \u00e0 Atlanta\",\"breadcrumb\":{\"@id\":\"https:\\\/\\\/daemar.com\\\/fr\\\/location_12\\\/#breadcrumb\"},\"inLanguage\":\"en-US\",\"potentialAction\":[{\"@type\":\"ReadAction\",\"target\":[\"https:\\\/\\\/daemar.com\\\/fr\\\/location_12\\\/\"]}]},{\"@type\":\"BreadcrumbList\",\"@id\":\"https:\\\/\\\/daemar.com\\\/fr\\\/location_12\\\/#breadcrumb\",\"itemListElement\":[{\"@type\":\"ListItem\",\"position\":1,\"name\":\"Home\",\"item\":\"https:\\\/\\\/daemar.com\\\/fr\\\/\"},{\"@type\":\"ListItem\",\"position\":2,\"name\":\"Daemar emplacements\"}]},{\"@type\":\"WebSite\",\"@id\":\"https:\\\/\\\/daemar.com\\\/fr\\\/#website\",\"url\":\"https:\\\/\\\/daemar.com\\\/fr\\\/\",\"name\":\"Daemar Inc \u2014 Joints Toriques - \u00c9tanch\u00e9it\u00e9 - Bagues de retenue - Coussinets - Caplugs - Cales de support - Clefs en barre\",\"description\":\"Des composants essentiel pour l&#039;industrie - \u00c9tanch\u00e9it\u00e9 - R\u00e9tention\u00a0- Roulement - Protection - Alignement\",\"publisher\":{\"@id\":\"https:\\\/\\\/daemar.com\\\/fr\\\/#organization\"},\"potentialAction\":[{\"@type\":\"SearchAction\",\"target\":{\"@type\":\"EntryPoint\",\"urlTemplate\":\"https:\\\/\\\/daemar.com\\\/fr\\\/?s={search_term_string}\"},\"query-input\":{\"@type\":\"PropertyValueSpecification\",\"valueRequired\":true,\"valueName\":\"search_term_string\"}}],\"inLanguage\":\"en-US\"},{\"@type\":\"Organization\",\"@id\":\"https:\\\/\\\/daemar.com\\\/fr\\\/#organization\",\"name\":\"Daemar Inc \u2014 Joints Toriques - \u00c9tanch\u00e9it\u00e9 - Bagues de retenue - Coussinets - Caplugs - Cales de support - Clefs en barre\",\"url\":\"https:\\\/\\\/daemar.com\\\/fr\\\/\",\"logo\":{\"@type\":\"ImageObject\",\"inLanguage\":\"en-US\",\"@id\":\"https:\\\/\\\/daemar.com\\\/fr\\\/#\\\/schema\\\/logo\\\/image\\\/\",\"url\":\"https:\\\/\\\/daemar.com\\\/fr\\\/wp-content\\\/uploads\\\/sites\\\/3\\\/2018\\\/12\\\/DAEMAR-LOGO-1000.jpg\",\"contentUrl\":\"https:\\\/\\\/daemar.com\\\/fr\\\/wp-content\\\/uploads\\\/sites\\\/3\\\/2018\\\/12\\\/DAEMAR-LOGO-1000.jpg\",\"width\":1000,\"height\":901,\"caption\":\"Daemar Inc \u2014 Joints Toriques - \u00c9tanch\u00e9it\u00e9 - Bagues de retenue - Coussinets - Caplugs - Cales de support - Clefs en barre\"},\"image\":{\"@id\":\"https:\\\/\\\/daemar.com\\\/fr\\\/#\\\/schema\\\/logo\\\/image\\\/\"}}]}<\/script>\n<!-- \/ Yoast SEO plugin. -->","yoast_head_json":{"title":"Daemar emplacements - Daemar Inc \u2014 Joints Toriques - \u00c9tanch\u00e9it\u00e9 - Bagues de retenue - Coussinets - Caplugs - Cales de support - Clefs en barre","description":"Informations de contact pour les bureaux de Daemar \u00e0 Oakville (Toronto), Dorval (Montr\u00e9al), \u00e0 Edmonton et \u00e0 Atlanta","robots":{"index":"index","follow":"follow","max-snippet":"max-snippet:-1","max-image-preview":"max-image-preview:large","max-video-preview":"max-video-preview:-1"},"canonical":"https:\/\/daemar.com\/fr\/location_12\/","og_locale":"en_US","og_type":"article","og_title":"Daemar emplacements - Daemar Inc \u2014 Joints Toriques - \u00c9tanch\u00e9it\u00e9 - Bagues de retenue - Coussinets - Caplugs - Cales de support - Clefs en barre","og_description":"Informations de contact pour les bureaux de Daemar \u00e0 Oakville (Toronto), Dorval (Montr\u00e9al), \u00e0 Edmonton et \u00e0 Atlanta","og_url":"https:\/\/daemar.com\/fr\/location_12\/","og_site_name":"Daemar Inc \u2014 Joints Toriques - \u00c9tanch\u00e9it\u00e9 - Bagues de retenue - Coussinets - Caplugs - Cales de support - Clefs en barre","article_modified_time":"2026-04-22T21:07:24+00:00","twitter_card":"summary_large_image","twitter_misc":{"Est. reading time":"3 minutes"},"schema":{"@context":"https:\/\/schema.org","@graph":[{"@type":"WebPage","@id":"https:\/\/daemar.com\/fr\/location_12\/","url":"https:\/\/daemar.com\/fr\/location_12\/","name":"Daemar emplacements - Daemar Inc \u2014 Joints Toriques - \u00c9tanch\u00e9it\u00e9 - Bagues de retenue - Coussinets - Caplugs - Cales de support - Clefs en barre","isPartOf":{"@id":"https:\/\/daemar.com\/fr\/#website"},"datePublished":"2013-10-10T23:32:01+00:00","dateModified":"2026-04-22T21:07:24+00:00","description":"Informations de contact pour les bureaux de Daemar \u00e0 Oakville (Toronto), Dorval (Montr\u00e9al), \u00e0 Edmonton et \u00e0 Atlanta","breadcrumb":{"@id":"https:\/\/daemar.com\/fr\/location_12\/#breadcrumb"},"inLanguage":"en-US","potentialAction":[{"@type":"ReadAction","target":["https:\/\/daemar.com\/fr\/location_12\/"]}]},{"@type":"BreadcrumbList","@id":"https:\/\/daemar.com\/fr\/location_12\/#breadcrumb","itemListElement":[{"@type":"ListItem","position":1,"name":"Home","item":"https:\/\/daemar.com\/fr\/"},{"@type":"ListItem","position":2,"name":"Daemar emplacements"}]},{"@type":"WebSite","@id":"https:\/\/daemar.com\/fr\/#website","url":"https:\/\/daemar.com\/fr\/","name":"Daemar Inc \u2014 Joints Toriques - \u00c9tanch\u00e9it\u00e9 - Bagues de retenue - Coussinets - Caplugs - Cales de support - Clefs en barre","description":"Des composants essentiel pour l&#039;industrie - \u00c9tanch\u00e9it\u00e9 - R\u00e9tention\u00a0- Roulement - Protection - Alignement","publisher":{"@id":"https:\/\/daemar.com\/fr\/#organization"},"potentialAction":[{"@type":"SearchAction","target":{"@type":"EntryPoint","urlTemplate":"https:\/\/daemar.com\/fr\/?s={search_term_string}"},"query-input":{"@type":"PropertyValueSpecification","valueRequired":true,"valueName":"search_term_string"}}],"inLanguage":"en-US"},{"@type":"Organization","@id":"https:\/\/daemar.com\/fr\/#organization","name":"Daemar Inc \u2014 Joints Toriques - \u00c9tanch\u00e9it\u00e9 - Bagues de retenue - Coussinets - Caplugs - Cales de support - Clefs en barre","url":"https:\/\/daemar.com\/fr\/","logo":{"@type":"ImageObject","inLanguage":"en-US","@id":"https:\/\/daemar.com\/fr\/#\/schema\/logo\/image\/","url":"https:\/\/daemar.com\/fr\/wp-content\/uploads\/sites\/3\/2018\/12\/DAEMAR-LOGO-1000.jpg","contentUrl":"https:\/\/daemar.com\/fr\/wp-content\/uploads\/sites\/3\/2018\/12\/DAEMAR-LOGO-1000.jpg","width":1000,"height":901,"caption":"Daemar Inc \u2014 Joints Toriques - \u00c9tanch\u00e9it\u00e9 - Bagues de retenue - Coussinets - Caplugs - Cales de support - Clefs en barre"},"image":{"@id":"https:\/\/daemar.com\/fr\/#\/schema\/logo\/image\/"}}]}},"_links":{"self":[{"href":"https:\/\/daemar.com\/fr\/wp-json\/wp\/v2\/pages\/4039","targetHints":{"allow":["GET"]}}],"collection":[{"href":"https:\/\/daemar.com\/fr\/wp-json\/wp\/v2\/pages"}],"about":[{"href":"https:\/\/daemar.com\/fr\/wp-json\/wp\/v2\/types\/page"}],"author":[{"embeddable":true,"href":"https:\/\/daemar.com\/fr\/wp-json\/wp\/v2\/users\/2"}],"replies":[{"embeddable":true,"href":"https:\/\/daemar.com\/fr\/wp-json\/wp\/v2\/comments?post=4039"}],"version-history":[{"count":0,"href":"https:\/\/daemar.com\/fr\/wp-json\/wp\/v2\/pages\/4039\/revisions"}],"wp:attachment":[{"href":"https:\/\/daemar.com\/fr\/wp-json\/wp\/v2\/media?parent=4039"}],"curies":[{"name":"wp","href":"https:\/\/api.w.org\/{rel}","templated":true}]}}