{"id":3683,"date":"2013-10-06T21:32:33","date_gmt":"2013-10-07T01:32:33","guid":{"rendered":"http:\/\/74.220.216.78\/?page_id=3683"},"modified":"2025-01-02T17:39:23","modified_gmt":"2025-01-02T21:39:23","slug":"linear_motion_66","status":"publish","type":"page","link":"https:\/\/daemar.com\/fr\/linear_motion_66\/","title":{"rendered":"Coussinets \u00e0 Mouvement Lin\u00e9aire LM76"},"content":{"rendered":"<p><a href=\"https:\/\/daemar.com\/fr\">Accueil<\/a> &gt;&gt; <a href=\"https:\/\/daemar.com\/fr\/slide.html\">Roulement<\/a> &gt;&gt; Coussinets \u00e0 Mouvement Lin\u00e9aire LM76<\/p>\n<div class=\"row-fluid\">\n<div class=\"rhcol span12\">\n<h1>Coussinets \u00e0 Mouvement Lin\u00e9aire<\/h1>\n<h1><\/h1>\n<\/div>\n<div class=\"row-fluid\">\n<div class=\"rhcol span7\">Daemar appuie les produits \u00e0 mouvement lin\u00e9aire LM76. LM76 est un chef de file dans l&#8217;\u00e9laboration et la fabrication des douilles \u00e0 billes autolubrifiantes pour les domaines de l&#8217;automatisation, de l&#8217;exercice physique, du traitement des aliments, des machines de conditionnement, de la production pharmaceutique et de l&#8217;\u00e9quipement m\u00e9dical. Les douilles \u00e0 billes autolubrifiantes Minuteman LM76 atteignent et d\u00e9passent les sp\u00e9cifications de tous les produits comparables. Des douilles \u00e0 billes qui vont au-del\u00e0 des attentes!<\/div>\n<div class=\"rhcol span1\"><\/div>\n<div class=\"rhcol span4\">\n<div class=\"toggle-box\"><h3 class=\"toggle-title sws_toggle1\">Ressources Techniques<\/h3><div class=\"toggle-content\"><\/p>\n<ul>\n<li><a href=\"https:\/\/customerlink.daemarinc.com\/landing\/category\/Bushings___---___Bearings\/Linear__Motion__Bearings\/Self_--_Lubricating__Linear__Bearings\">Catalogue en ligne des coussinets \u00e0 Mouvement Lin\u00e9aire<\/a><\/li>\n<li><a href=\"https:\/\/daemar.com\/fr\/wp-content\/uploads\/sites\/3\/2015\/08\/DMR_Bushing_PV_Comparison_T0G-090.pdf\" target=\"_blank\" rel=\"noopener noreferrer\">Mat\u00e9riau du coussinet Comparaison PV<\/a><\/li>\n<\/ul>\n<p><\/div><\/div>\n<\/div>\n<\/div>\n<hr style=\"border: 1px solid #cecece;\" \/>\n<div class=\"row-fluid\">\n<div class=\"rhcol span3\">\n<h4><a title=\"Douilles \u00e0 Billes Autolubrifiantes\" href=\"https:\/\/daemar.com\/fr\/self-lubricating_linear_bearings_344.html\/\"><img loading=\"lazy\" decoding=\"async\" class=\"alignnone wp-image-3845\" src=\"https:\/\/daemar.com\/fr\/wp-content\/uploads\/sites\/3\/2013\/10\/dmr-lm76-minuteman-self-lubricating-linear-bearings.jpg\" alt=\"dmr-lm76-minuteman-self-lubricating-linear-bearings\" width=\"200\" height=\"200\" srcset=\"https:\/\/daemar.com\/fr\/wp-content\/uploads\/sites\/3\/2013\/10\/dmr-lm76-minuteman-self-lubricating-linear-bearings.jpg 300w, https:\/\/daemar.com\/fr\/wp-content\/uploads\/sites\/3\/2013\/10\/dmr-lm76-minuteman-self-lubricating-linear-bearings-150x150.jpg 150w, https:\/\/daemar.com\/fr\/wp-content\/uploads\/sites\/3\/2013\/10\/dmr-lm76-minuteman-self-lubricating-linear-bearings-200x200.jpg 200w\" sizes=\"auto, (max-width: 200px) 100vw, 200px\" \/><\/a><br \/>\n<span style=\"text-decoration: underline;\"><a title=\"Minuteman Self Lubricating Bearings\" href=\"https:\/\/daemar.com\/fr\/self-lubricating_linear_bearings_344.html\/\">Douilles \u00e0 Billes Autolubrifiantes<\/a><\/span><\/h4>\n<p>Les douilles \u00e0 billes, les paliers et les paliers \u00e0 collerette autolubrifiants Minuteman LM76 peuvent remplacer directement les douilles \u00e0 billes. Les douilles Minuteman sont autolubrifiantes et comme le composite de PTFE n&#8217;a pas de charge abrasive, elles peuvent \u00eatre utilis\u00e9es sur de l&#8217;acier inoxydable doux RC60, de la s\u00e9rie 300, et de l&#8217;aluminium.<\/p>\n<p>&nbsp;<\/p>\n<\/div>\n<div class=\"rhcol span3\">\n<h4><a title=\"S\u00e9rie de Douilles \u00e0 Billes avec Rev\u00eatement C\u00e9ramique\" href=\"https:\/\/daemar.com\/fr\/ceramic_coated_linear_bearings_345.html\/\"><img loading=\"lazy\" decoding=\"async\" class=\"alignnone wp-image-3843\" src=\"https:\/\/daemar.com\/fr\/wp-content\/uploads\/sites\/3\/2013\/10\/dmr-lm76-minuteman-ceramic-coated-linear-bearings.jpg\" alt=\"dmr-lm76-minuteman-ceramic-coated-linear-bearings\" width=\"200\" height=\"200\" srcset=\"https:\/\/daemar.com\/fr\/wp-content\/uploads\/sites\/3\/2013\/10\/dmr-lm76-minuteman-ceramic-coated-linear-bearings.jpg 300w, https:\/\/daemar.com\/fr\/wp-content\/uploads\/sites\/3\/2013\/10\/dmr-lm76-minuteman-ceramic-coated-linear-bearings-150x150.jpg 150w, https:\/\/daemar.com\/fr\/wp-content\/uploads\/sites\/3\/2013\/10\/dmr-lm76-minuteman-ceramic-coated-linear-bearings-200x200.jpg 200w\" sizes=\"auto, (max-width: 200px) 100vw, 200px\" \/><\/a><br \/>\n<span style=\"text-decoration: underline;\"><a title=\"Ceramic Coated Linear Bearings\" href=\"https:\/\/daemar.com\/fr\/ceramic_coated_linear_bearings_345.html\/\">S\u00e9rie de Douilles \u00e0 Billes avec Rev\u00eatement C\u00e9ramique<\/a><\/span><\/h4>\n<p>Le remplacement direct \u00ab d&#8217;origine \u00bb pour les douilles \u00e0 billes en 1976. Les douilles \u00e0 billes avec rev\u00eatement c\u00e9ramique sont dot\u00e9es d&#8217;un rev\u00eatement dur RC89 sur un substrat d&#8217;aluminium. Les douilles n\u00e9cessitent une lubrification, mais une huile l\u00e9g\u00e8re est suffisante. Elles ont pulv\u00e9ris\u00e9 tous les records d&#8217;essais en atteignant 100 millions de pieds lin\u00e9aires de course!<\/p>\n<p>&nbsp;<\/p>\n<\/div>\n<div class=\"rhcol span3\">\n<h4><a title=\"Douilles \u00e0 Billes Autolubrifiantes Approuv\u00e9es par la FDA et l'USDA\" href=\"https:\/\/daemar.com\/fr\/fda-usda-linear-bearings-346.html\/\"><img loading=\"lazy\" decoding=\"async\" class=\"alignnone wp-image-3844\" src=\"https:\/\/daemar.com\/fr\/wp-content\/uploads\/sites\/3\/2013\/10\/dmr-lm76-minuteman-fda-usda-self-lubricating-bearingss.jpg\" alt=\"dmr-lm76-minuteman-fda-usda-self-lubricating-bearingss\" width=\"200\" height=\"200\" srcset=\"https:\/\/daemar.com\/fr\/wp-content\/uploads\/sites\/3\/2013\/10\/dmr-lm76-minuteman-fda-usda-self-lubricating-bearingss.jpg 300w, https:\/\/daemar.com\/fr\/wp-content\/uploads\/sites\/3\/2013\/10\/dmr-lm76-minuteman-fda-usda-self-lubricating-bearingss-150x150.jpg 150w, https:\/\/daemar.com\/fr\/wp-content\/uploads\/sites\/3\/2013\/10\/dmr-lm76-minuteman-fda-usda-self-lubricating-bearingss-200x200.jpg 200w\" sizes=\"auto, (max-width: 200px) 100vw, 200px\" \/><\/a><br \/>\n<span style=\"text-decoration: underline;\"><a title=\"Stainless FDA Linear Bearings\" href=\"https:\/\/daemar.com\/fr\/fda-usda-linear-bearings-346.html\/\">Douilles \u00e0 Billes Autolubrifiantes Approuv\u00e9es par la FDA et l&#8217;USDA<\/a><\/span><\/h4>\n<p>LM76 offre aux ing\u00e9nieurs des domaines de la transformation des aliments, de la production pharmaceutique, des machines de conditionnement et de l&#8217;\u00e9quipement m\u00e9dical trois options de douilles \u00e0 billes standards approuv\u00e9es par la FDA\/USDA.<\/p>\n<p>&nbsp;<\/p>\n<\/div>\n<div class=\"rhcol span3\">\n<h4><img loading=\"lazy\" decoding=\"async\" class=\"alignnone wp-image-3840\" src=\"https:\/\/daemar.com\/fr\/wp-content\/uploads\/sites\/3\/2013\/10\/dmr-lm76-lfg-self-lubricating-linear-bearing.jpg\" alt=\"dmr-lm76-lfg-self-lubricating-linear-bearing\" width=\"200\" height=\"200\" srcset=\"https:\/\/daemar.com\/fr\/wp-content\/uploads\/sites\/3\/2013\/10\/dmr-lm76-lfg-self-lubricating-linear-bearing.jpg 300w, https:\/\/daemar.com\/fr\/wp-content\/uploads\/sites\/3\/2013\/10\/dmr-lm76-lfg-self-lubricating-linear-bearing-150x150.jpg 150w, https:\/\/daemar.com\/fr\/wp-content\/uploads\/sites\/3\/2013\/10\/dmr-lm76-lfg-self-lubricating-linear-bearing-200x200.jpg 200w\" sizes=\"auto, (max-width: 200px) 100vw, 200px\" \/><br \/>\nDouilles \u00e0 Billes Autolubrifiantes LFG<\/h4>\n<p>Enveloppe en verre-epoxy avec garniture autolubrifiante Minuteman. Style ferm\u00e9 seulement. Grande r\u00e9sistance aux chocs et aux vibrations. Avantages des douilles \u00e0 billes LFG : autolubrifiantes, l\u00e9g\u00e8res\/non m\u00e9talliques, chimiquement inertes, isol\u00e9es \u00e9lectriquement et r\u00e9sistantes aux chocs.<\/p>\n<\/div>\n<\/div>\n<hr style=\"border: 1px solid #cecece;\" \/>\n<p>&nbsp;<\/p>\n<div class=\"row-fluid\">\n<div class=\"rhcol span3\">\n<h4><strong><strong><img loading=\"lazy\" decoding=\"async\" class=\"alignnone wp-image-3839\" src=\"https:\/\/daemar.com\/fr\/wp-content\/uploads\/sites\/3\/2013\/10\/dmr-lm76-ez-go-linear-ball-bearings.jpg\" alt=\"dmr-lm76-ez-go-linear-ball-bearings\" width=\"200\" height=\"200\" srcset=\"https:\/\/daemar.com\/fr\/wp-content\/uploads\/sites\/3\/2013\/10\/dmr-lm76-ez-go-linear-ball-bearings.jpg 300w, https:\/\/daemar.com\/fr\/wp-content\/uploads\/sites\/3\/2013\/10\/dmr-lm76-ez-go-linear-ball-bearings-150x150.jpg 150w, https:\/\/daemar.com\/fr\/wp-content\/uploads\/sites\/3\/2013\/10\/dmr-lm76-ez-go-linear-ball-bearings-200x200.jpg 200w\" sizes=\"auto, (max-width: 200px) 100vw, 200px\" \/><br \/>\n<\/strong><\/strong>Douilles \u00e0 Billes EZ\u2026GO<\/h4>\n<p>Les douilles \u00e0 billes EZ&#8230;GO sont con\u00e7ues pour atteindre ou d\u00e9passer les normes de l&#8217;industrie en mati\u00e8re de douilles \u00e0 billes. Nous offrons des ensembles de paliers de s\u00e9rie A, \u00e0 alignement automatique et standards, pour remplacement direct.<\/p>\n<\/div>\n<div class=\"rhcol span3\">\n<h4><strong><strong><img loading=\"lazy\" decoding=\"async\" class=\"alignnone wp-image-3846\" src=\"https:\/\/daemar.com\/fr\/wp-content\/uploads\/sites\/3\/2013\/10\/dmr-lm76-stainless-linear-ball-bearings.jpg\" alt=\"dmr-lm76-stainless-linear-ball-bearings\" width=\"200\" height=\"200\" srcset=\"https:\/\/daemar.com\/fr\/wp-content\/uploads\/sites\/3\/2013\/10\/dmr-lm76-stainless-linear-ball-bearings.jpg 300w, https:\/\/daemar.com\/fr\/wp-content\/uploads\/sites\/3\/2013\/10\/dmr-lm76-stainless-linear-ball-bearings-150x150.jpg 150w, https:\/\/daemar.com\/fr\/wp-content\/uploads\/sites\/3\/2013\/10\/dmr-lm76-stainless-linear-ball-bearings-200x200.jpg 200w\" sizes=\"auto, (max-width: 200px) 100vw, 200px\" \/><br \/>\n<\/strong><\/strong>Douilles \u00e0 Billes en Acier Inoxydable<\/h4>\n<p>Les douilles \u00e0 billes LM76 en acier inoxydable (440C durci \u00e0 58RC) offrent un faible coefficient de frottement et une grande r\u00e9sistance \u00e0 la corrosion. Ces douilles peuvent \u00eatre fournies avec une couronne d&#8217;appui en acier inoxydable (temp\u00e9rature \u00e9lev\u00e9e) et une couronne d&#8217;appui en r\u00e9sine (moins bruyante, plus l\u00e9g\u00e8re et moins co\u00fbteuse). Remplacement direct des douilles \u00e0 billes de l&#8217;industrie en mesure imp\u00e9riale standard.<\/p>\n<\/div>\n<div class=\"rhcol span3\">\n<h4><strong><img loading=\"lazy\" decoding=\"async\" class=\"alignnone wp-image-3842\" src=\"https:\/\/daemar.com\/fr\/wp-content\/uploads\/sites\/3\/2013\/10\/dmr-lm76-linear-shafting-and-accessories.jpg\" alt=\"OLYMPUS DIGITAL CAMERA\" width=\"200\" height=\"200\" srcset=\"https:\/\/daemar.com\/fr\/wp-content\/uploads\/sites\/3\/2013\/10\/dmr-lm76-linear-shafting-and-accessories.jpg 300w, https:\/\/daemar.com\/fr\/wp-content\/uploads\/sites\/3\/2013\/10\/dmr-lm76-linear-shafting-and-accessories-150x150.jpg 150w, https:\/\/daemar.com\/fr\/wp-content\/uploads\/sites\/3\/2013\/10\/dmr-lm76-linear-shafting-and-accessories-200x200.jpg 200w\" sizes=\"auto, (max-width: 200px) 100vw, 200px\" \/><br \/>\n<\/strong>Arbres Lin\u00e9aires et Accessoires<\/h4>\n<p>Arbres lin\u00e9aires standards : arbre lin\u00e9aire RC60\/classe L et arbre lin\u00e9aire de s\u00e9rie 300 en acier inoxydable. Pour la plupart des applications, l&#8217;arbre lin\u00e9aire RC60\/classe L constitue le meilleur choix avec tous les mod\u00e8les de douilles \u00e0 billes LM76 : Minuteman, \u00e0 rev\u00eatement de c\u00e9ramique et approuv\u00e9es par la FDA\/USDA.<\/p>\n<\/div>\n<div class=\"rhcol span3\">\n<h4><strong><img loading=\"lazy\" decoding=\"async\" class=\"alignnone wp-image-3841\" src=\"https:\/\/daemar.com\/fr\/wp-content\/uploads\/sites\/3\/2013\/10\/dmr-lm76-linear-roller-blocks-and-rails.jpg\" alt=\"dmr-lm76-linear-roller-blocks-and-rails\" width=\"200\" height=\"200\" srcset=\"https:\/\/daemar.com\/fr\/wp-content\/uploads\/sites\/3\/2013\/10\/dmr-lm76-linear-roller-blocks-and-rails.jpg 300w, https:\/\/daemar.com\/fr\/wp-content\/uploads\/sites\/3\/2013\/10\/dmr-lm76-linear-roller-blocks-and-rails-150x150.jpg 150w, https:\/\/daemar.com\/fr\/wp-content\/uploads\/sites\/3\/2013\/10\/dmr-lm76-linear-roller-blocks-and-rails-200x200.jpg 200w\" sizes=\"auto, (max-width: 200px) 100vw, 200px\" \/><br \/>\n<\/strong>Paliers \u00e0 Roulement \u00e0 Billes et Rails<\/h4>\n<p>Divers syst\u00e8mes disponibles, notamment : patins \u00e0 galets en cha\u00eene, syst\u00e8mes de rails profil\u00e9s, paliers de roulement \u00e0 rails jumel\u00e9s, patins de guidage lin\u00e9aire \u00e0 entra\u00eenement par vis, etc.<\/p>\n<\/div>\n<\/div>\n<p>&nbsp;<\/p>\n<\/div>\n<p>&nbsp;<\/p>\n","protected":false},"excerpt":{"rendered":"<p>Accueil &gt;&gt; Roulement &gt;&gt; Coussinets \u00e0 Mouvement Lin\u00e9aire LM76 Coussinets \u00e0 Mouvement Lin\u00e9aire Daemar appuie les produits \u00e0 mouvement lin\u00e9aire LM76. LM76 est un chef [&hellip;]<\/p>\n","protected":false},"author":3,"featured_media":0,"parent":0,"menu_order":0,"comment_status":"closed","ping_status":"closed","template":"","meta":{"site-sidebar-layout":"default","site-content-layout":"","ast-site-content-layout":"default","site-content-style":"default","site-sidebar-style":"default","ast-global-header-display":"","ast-banner-title-visibility":"","ast-main-header-display":"","ast-hfb-above-header-display":"","ast-hfb-below-header-display":"","ast-hfb-mobile-header-display":"","site-post-title":"","ast-breadcrumbs-content":"","ast-featured-img":"","footer-sml-layout":"","ast-disable-related-posts":"","theme-transparent-header-meta":"default","adv-header-id-meta":"","stick-header-meta":"default","header-above-stick-meta":"","header-main-stick-meta":"","header-below-stick-meta":"","astra-migrate-meta-layouts":"set","ast-page-background-enabled":"default","ast-page-background-meta":{"desktop":{"background-color":"","background-image":"","background-repeat":"repeat","background-position":"center center","background-size":"auto","background-attachment":"scroll","background-type":"","background-media":"","overlay-type":"","overlay-color":"","overlay-opacity":"","overlay-gradient":""},"tablet":{"background-color":"","background-image":"","background-repeat":"repeat","background-position":"center center","background-size":"auto","background-attachment":"scroll","background-type":"","background-media":"","overlay-type":"","overlay-color":"","overlay-opacity":"","overlay-gradient":""},"mobile":{"background-color":"","background-image":"","background-repeat":"repeat","background-position":"center center","background-size":"auto","background-attachment":"scroll","background-type":"","background-media":"","overlay-type":"","overlay-color":"","overlay-opacity":"","overlay-gradient":""}},"ast-content-background-meta":{"desktop":{"background-color":"var(--ast-global-color-5)","background-image":"","background-repeat":"repeat","background-position":"center center","background-size":"auto","background-attachment":"scroll","background-type":"","background-media":"","overlay-type":"","overlay-color":"","overlay-opacity":"","overlay-gradient":""},"tablet":{"background-color":"var(--ast-global-color-5)","background-image":"","background-repeat":"repeat","background-position":"center center","background-size":"auto","background-attachment":"scroll","background-type":"","background-media":"","overlay-type":"","overlay-color":"","overlay-opacity":"","overlay-gradient":""},"mobile":{"background-color":"var(--ast-global-color-5)","background-image":"","background-repeat":"repeat","background-position":"center center","background-size":"auto","background-attachment":"scroll","background-type":"","background-media":"","overlay-type":"","overlay-color":"","overlay-opacity":"","overlay-gradient":""}},"footnotes":""},"class_list":["post-3683","page","type-page","status-publish","hentry"],"yoast_head":"<!-- This site is optimized with the Yoast SEO plugin v27.2 - https:\/\/yoast.com\/product\/yoast-seo-wordpress\/ -->\n<title>Coussinets \u00e0 Mouvement Lin\u00e9aire LM76 - Daemar Inc \u2014 Joints Toriques - \u00c9tanch\u00e9it\u00e9 - Bagues de retenue - Coussinets - Caplugs - Cales de support - Clefs en barre<\/title>\n<meta name=\"description\" content=\"LM76 Minuteman Self Lubricating Linear Motion Bearings for automation, exercise, food process, packaging machinery, pharmaceutical and medical equipment.\" \/>\n<meta name=\"robots\" content=\"index, follow, max-snippet:-1, max-image-preview:large, max-video-preview:-1\" \/>\n<link rel=\"canonical\" href=\"https:\/\/daemar.com\/fr\/linear_motion_66\/\" \/>\n<meta property=\"og:locale\" content=\"en_US\" \/>\n<meta property=\"og:type\" content=\"article\" \/>\n<meta property=\"og:title\" content=\"Coussinets \u00e0 Mouvement Lin\u00e9aire LM76 - Daemar Inc \u2014 Joints Toriques - \u00c9tanch\u00e9it\u00e9 - Bagues de retenue - Coussinets - Caplugs - Cales de support - Clefs en barre\" \/>\n<meta property=\"og:description\" content=\"LM76 Minuteman Self Lubricating Linear Motion Bearings for automation, exercise, food process, packaging machinery, pharmaceutical and medical equipment.\" \/>\n<meta property=\"og:url\" content=\"https:\/\/daemar.com\/fr\/linear_motion_66\/\" \/>\n<meta property=\"og:site_name\" content=\"Daemar Inc \u2014 Joints Toriques - \u00c9tanch\u00e9it\u00e9 - Bagues de retenue - Coussinets - Caplugs - Cales de support - Clefs en barre\" \/>\n<meta property=\"article:modified_time\" content=\"2025-01-02T21:39:23+00:00\" \/>\n<meta property=\"og:image\" content=\"https:\/\/daemar.com\/fr\/wp-content\/uploads\/sites\/3\/2013\/10\/dmr-lm76-minuteman-self-lubricating-linear-bearings.jpg\" \/>\n\t<meta property=\"og:image:width\" content=\"300\" \/>\n\t<meta property=\"og:image:height\" content=\"300\" \/>\n\t<meta property=\"og:image:type\" content=\"image\/jpeg\" \/>\n<meta name=\"twitter:card\" content=\"summary_large_image\" \/>\n<meta name=\"twitter:label1\" content=\"Est. reading time\" \/>\n\t<meta name=\"twitter:data1\" content=\"4 minutes\" \/>\n<script type=\"application\/ld+json\" class=\"yoast-schema-graph\">{\"@context\":\"https:\/\/schema.org\",\"@graph\":[{\"@type\":\"WebPage\",\"@id\":\"https:\/\/daemar.com\/fr\/linear_motion_66\/\",\"url\":\"https:\/\/daemar.com\/fr\/linear_motion_66\/\",\"name\":\"Coussinets \u00e0 Mouvement Lin\u00e9aire LM76 - Daemar Inc \u2014 Joints Toriques - \u00c9tanch\u00e9it\u00e9 - Bagues de retenue - Coussinets - Caplugs - Cales de support - Clefs en barre\",\"isPartOf\":{\"@id\":\"https:\/\/daemar.com\/fr\/#website\"},\"primaryImageOfPage\":{\"@id\":\"https:\/\/daemar.com\/fr\/linear_motion_66\/#primaryimage\"},\"image\":{\"@id\":\"https:\/\/daemar.com\/fr\/linear_motion_66\/#primaryimage\"},\"thumbnailUrl\":\"https:\/\/daemar.com\/fr\/wp-content\/uploads\/sites\/3\/2013\/10\/dmr-lm76-minuteman-self-lubricating-linear-bearings.jpg\",\"datePublished\":\"2013-10-07T01:32:33+00:00\",\"dateModified\":\"2025-01-02T21:39:23+00:00\",\"description\":\"LM76 Minuteman Self Lubricating Linear Motion Bearings for automation, exercise, food process, packaging machinery, pharmaceutical and medical equipment.\",\"breadcrumb\":{\"@id\":\"https:\/\/daemar.com\/fr\/linear_motion_66\/#breadcrumb\"},\"inLanguage\":\"en-US\",\"potentialAction\":[{\"@type\":\"ReadAction\",\"target\":[\"https:\/\/daemar.com\/fr\/linear_motion_66\/\"]}]},{\"@type\":\"ImageObject\",\"inLanguage\":\"en-US\",\"@id\":\"https:\/\/daemar.com\/fr\/linear_motion_66\/#primaryimage\",\"url\":\"https:\/\/daemar.com\/fr\/wp-content\/uploads\/sites\/3\/2013\/10\/dmr-lm76-minuteman-self-lubricating-linear-bearings.jpg\",\"contentUrl\":\"https:\/\/daemar.com\/fr\/wp-content\/uploads\/sites\/3\/2013\/10\/dmr-lm76-minuteman-self-lubricating-linear-bearings.jpg\",\"width\":300,\"height\":300},{\"@type\":\"BreadcrumbList\",\"@id\":\"https:\/\/daemar.com\/fr\/linear_motion_66\/#breadcrumb\",\"itemListElement\":[{\"@type\":\"ListItem\",\"position\":1,\"name\":\"Home\",\"item\":\"https:\/\/daemar.com\/fr\/\"},{\"@type\":\"ListItem\",\"position\":2,\"name\":\"Coussinets \u00e0 Mouvement Lin\u00e9aire LM76\"}]},{\"@type\":\"WebSite\",\"@id\":\"https:\/\/daemar.com\/fr\/#website\",\"url\":\"https:\/\/daemar.com\/fr\/\",\"name\":\"Daemar Inc \u2014 Joints Toriques - \u00c9tanch\u00e9it\u00e9 - Bagues de retenue - Coussinets - Caplugs - Cales de support - Clefs en barre\",\"description\":\"Des composants essentiel pour l&#039;industrie - \u00c9tanch\u00e9it\u00e9 - R\u00e9tention\u00a0- Roulement - Protection - Alignement\",\"publisher\":{\"@id\":\"https:\/\/daemar.com\/fr\/#organization\"},\"potentialAction\":[{\"@type\":\"SearchAction\",\"target\":{\"@type\":\"EntryPoint\",\"urlTemplate\":\"https:\/\/daemar.com\/fr\/?s={search_term_string}\"},\"query-input\":{\"@type\":\"PropertyValueSpecification\",\"valueRequired\":true,\"valueName\":\"search_term_string\"}}],\"inLanguage\":\"en-US\"},{\"@type\":\"Organization\",\"@id\":\"https:\/\/daemar.com\/fr\/#organization\",\"name\":\"Daemar Inc \u2014 Joints Toriques - \u00c9tanch\u00e9it\u00e9 - Bagues de retenue - Coussinets - Caplugs - Cales de support - Clefs en barre\",\"url\":\"https:\/\/daemar.com\/fr\/\",\"logo\":{\"@type\":\"ImageObject\",\"inLanguage\":\"en-US\",\"@id\":\"https:\/\/daemar.com\/fr\/#\/schema\/logo\/image\/\",\"url\":\"https:\/\/daemar.com\/fr\/wp-content\/uploads\/sites\/3\/2018\/12\/DAEMAR-LOGO-1000.jpg\",\"contentUrl\":\"https:\/\/daemar.com\/fr\/wp-content\/uploads\/sites\/3\/2018\/12\/DAEMAR-LOGO-1000.jpg\",\"width\":1000,\"height\":901,\"caption\":\"Daemar Inc \u2014 Joints Toriques - \u00c9tanch\u00e9it\u00e9 - Bagues de retenue - Coussinets - Caplugs - Cales de support - Clefs en barre\"},\"image\":{\"@id\":\"https:\/\/daemar.com\/fr\/#\/schema\/logo\/image\/\"}}]}<\/script>\n<!-- \/ Yoast SEO plugin. -->","yoast_head_json":{"title":"Coussinets \u00e0 Mouvement Lin\u00e9aire LM76 - Daemar Inc \u2014 Joints Toriques - \u00c9tanch\u00e9it\u00e9 - Bagues de retenue - Coussinets - Caplugs - Cales de support - Clefs en barre","description":"LM76 Minuteman Self Lubricating Linear Motion Bearings for automation, exercise, food process, packaging machinery, pharmaceutical and medical equipment.","robots":{"index":"index","follow":"follow","max-snippet":"max-snippet:-1","max-image-preview":"max-image-preview:large","max-video-preview":"max-video-preview:-1"},"canonical":"https:\/\/daemar.com\/fr\/linear_motion_66\/","og_locale":"en_US","og_type":"article","og_title":"Coussinets \u00e0 Mouvement Lin\u00e9aire LM76 - Daemar Inc \u2014 Joints Toriques - \u00c9tanch\u00e9it\u00e9 - Bagues de retenue - Coussinets - Caplugs - Cales de support - Clefs en barre","og_description":"LM76 Minuteman Self Lubricating Linear Motion Bearings for automation, exercise, food process, packaging machinery, pharmaceutical and medical equipment.","og_url":"https:\/\/daemar.com\/fr\/linear_motion_66\/","og_site_name":"Daemar Inc \u2014 Joints Toriques - \u00c9tanch\u00e9it\u00e9 - Bagues de retenue - Coussinets - Caplugs - Cales de support - Clefs en barre","article_modified_time":"2025-01-02T21:39:23+00:00","og_image":[{"width":300,"height":300,"url":"https:\/\/daemar.com\/fr\/wp-content\/uploads\/sites\/3\/2013\/10\/dmr-lm76-minuteman-self-lubricating-linear-bearings.jpg","type":"image\/jpeg"}],"twitter_card":"summary_large_image","twitter_misc":{"Est. reading time":"4 minutes"},"schema":{"@context":"https:\/\/schema.org","@graph":[{"@type":"WebPage","@id":"https:\/\/daemar.com\/fr\/linear_motion_66\/","url":"https:\/\/daemar.com\/fr\/linear_motion_66\/","name":"Coussinets \u00e0 Mouvement Lin\u00e9aire LM76 - Daemar Inc \u2014 Joints Toriques - \u00c9tanch\u00e9it\u00e9 - Bagues de retenue - Coussinets - Caplugs - Cales de support - Clefs en barre","isPartOf":{"@id":"https:\/\/daemar.com\/fr\/#website"},"primaryImageOfPage":{"@id":"https:\/\/daemar.com\/fr\/linear_motion_66\/#primaryimage"},"image":{"@id":"https:\/\/daemar.com\/fr\/linear_motion_66\/#primaryimage"},"thumbnailUrl":"https:\/\/daemar.com\/fr\/wp-content\/uploads\/sites\/3\/2013\/10\/dmr-lm76-minuteman-self-lubricating-linear-bearings.jpg","datePublished":"2013-10-07T01:32:33+00:00","dateModified":"2025-01-02T21:39:23+00:00","description":"LM76 Minuteman Self Lubricating Linear Motion Bearings for automation, exercise, food process, packaging machinery, pharmaceutical and medical equipment.","breadcrumb":{"@id":"https:\/\/daemar.com\/fr\/linear_motion_66\/#breadcrumb"},"inLanguage":"en-US","potentialAction":[{"@type":"ReadAction","target":["https:\/\/daemar.com\/fr\/linear_motion_66\/"]}]},{"@type":"ImageObject","inLanguage":"en-US","@id":"https:\/\/daemar.com\/fr\/linear_motion_66\/#primaryimage","url":"https:\/\/daemar.com\/fr\/wp-content\/uploads\/sites\/3\/2013\/10\/dmr-lm76-minuteman-self-lubricating-linear-bearings.jpg","contentUrl":"https:\/\/daemar.com\/fr\/wp-content\/uploads\/sites\/3\/2013\/10\/dmr-lm76-minuteman-self-lubricating-linear-bearings.jpg","width":300,"height":300},{"@type":"BreadcrumbList","@id":"https:\/\/daemar.com\/fr\/linear_motion_66\/#breadcrumb","itemListElement":[{"@type":"ListItem","position":1,"name":"Home","item":"https:\/\/daemar.com\/fr\/"},{"@type":"ListItem","position":2,"name":"Coussinets \u00e0 Mouvement Lin\u00e9aire LM76"}]},{"@type":"WebSite","@id":"https:\/\/daemar.com\/fr\/#website","url":"https:\/\/daemar.com\/fr\/","name":"Daemar Inc \u2014 Joints Toriques - \u00c9tanch\u00e9it\u00e9 - Bagues de retenue - Coussinets - Caplugs - Cales de support - Clefs en barre","description":"Des composants essentiel pour l&#039;industrie - \u00c9tanch\u00e9it\u00e9 - R\u00e9tention\u00a0- Roulement - Protection - Alignement","publisher":{"@id":"https:\/\/daemar.com\/fr\/#organization"},"potentialAction":[{"@type":"SearchAction","target":{"@type":"EntryPoint","urlTemplate":"https:\/\/daemar.com\/fr\/?s={search_term_string}"},"query-input":{"@type":"PropertyValueSpecification","valueRequired":true,"valueName":"search_term_string"}}],"inLanguage":"en-US"},{"@type":"Organization","@id":"https:\/\/daemar.com\/fr\/#organization","name":"Daemar Inc \u2014 Joints Toriques - \u00c9tanch\u00e9it\u00e9 - Bagues de retenue - Coussinets - Caplugs - Cales de support - Clefs en barre","url":"https:\/\/daemar.com\/fr\/","logo":{"@type":"ImageObject","inLanguage":"en-US","@id":"https:\/\/daemar.com\/fr\/#\/schema\/logo\/image\/","url":"https:\/\/daemar.com\/fr\/wp-content\/uploads\/sites\/3\/2018\/12\/DAEMAR-LOGO-1000.jpg","contentUrl":"https:\/\/daemar.com\/fr\/wp-content\/uploads\/sites\/3\/2018\/12\/DAEMAR-LOGO-1000.jpg","width":1000,"height":901,"caption":"Daemar Inc \u2014 Joints Toriques - \u00c9tanch\u00e9it\u00e9 - Bagues de retenue - Coussinets - Caplugs - Cales de support - Clefs en barre"},"image":{"@id":"https:\/\/daemar.com\/fr\/#\/schema\/logo\/image\/"}}]}},"_links":{"self":[{"href":"https:\/\/daemar.com\/fr\/wp-json\/wp\/v2\/pages\/3683","targetHints":{"allow":["GET"]}}],"collection":[{"href":"https:\/\/daemar.com\/fr\/wp-json\/wp\/v2\/pages"}],"about":[{"href":"https:\/\/daemar.com\/fr\/wp-json\/wp\/v2\/types\/page"}],"author":[{"embeddable":true,"href":"https:\/\/daemar.com\/fr\/wp-json\/wp\/v2\/users\/3"}],"replies":[{"embeddable":true,"href":"https:\/\/daemar.com\/fr\/wp-json\/wp\/v2\/comments?post=3683"}],"version-history":[{"count":0,"href":"https:\/\/daemar.com\/fr\/wp-json\/wp\/v2\/pages\/3683\/revisions"}],"wp:attachment":[{"href":"https:\/\/daemar.com\/fr\/wp-json\/wp\/v2\/media?parent=3683"}],"curies":[{"name":"wp","href":"https:\/\/api.w.org\/{rel}","templated":true}]}}