{"id":211,"date":"2013-02-24T03:13:49","date_gmt":"2013-02-24T03:13:49","guid":{"rendered":"http:\/\/74.220.216.78\/?page_id=211"},"modified":"2020-09-02T15:03:14","modified_gmt":"2020-09-02T19:03:14","slug":"services","status":"publish","type":"page","link":"https:\/\/daemar.com\/fr\/services\/","title":{"rendered":"Services"},"content":{"rendered":"\r\n<p><a href=\"https:\/\/daemar.com\/fr\">Accueil<\/a> &gt;&gt; Service<br \/>\u00a0<\/p>\r\n<h1>\u00c0 Votre Service<\/h1>\r\n<hr \/>\r\n<h3>Quick-Turn<\/h3>\r\n<p>L&#8217;activit\u00e9 de Daemar ne se r\u00e9sume pas \u00e0 la simple fourniture de produits : l&#8217;entreprise collabore avec ses clients afin de leur offrir des cha\u00eenes logistiques adapt\u00e9es aux d\u00e9fis li\u00e9s \u00e0 leurs activit\u00e9s sp\u00e9cifiques. Daemar a mis au point toutes les capacit\u00e9s requises pour appuyer les initiatives de production \u00e0 valeur ajout\u00e9e de ses clients : livraison juste \u00e0 temps, stocks g\u00e9r\u00e9s par les fournisseurs et int\u00e9gration de syst\u00e8mes informatiques.<\/p>\r\n<p>Gr\u00e2ce au r\u00e9seau d&#8217;entrep\u00f4ts r\u00e9gionaux de Daemar et \u00e0 ses partenariats internationaux, le service est rapide et courtois dans le monde entier.<\/p>\r\n<p><img loading=\"lazy\" decoding=\"async\" title=\"Quick-Turn\" src=\"https:\/\/daemar.com\/fr\/wp-content\/uploads\/sites\/3\/2013\/10\/QuickTurn_Logo-02-300x85.jpg\" alt=\"Daemar Quick-Turn Service\" width=\"300\" height=\"85\" \/><\/p>\r\n<h3>Ensembles sur Mesure<\/h3>\r\n<p>Le groupe d&#8217;emballage et de marquage de Daemar apporte une valeur ajout\u00e9e aux produits en concevant et assemblant des ensembles personnalis\u00e9s adapt\u00e9s aux besoins sp\u00e9cifiques des clients, tels que :<\/p>\r\n<ul>\r\n<li>IEntretien sur le Terrain<\/li>\r\n<li>Cha\u00eenes de Production Manufacturi\u00e8re<\/li>\r\n<li>Ensembles d&#8217;Entretien et de R\u00e9paration de Rechange<\/li>\r\n<\/ul>\r\n<p>Ces ensembles portent des \u00e9tiquettes qui contiennent les logos, les num\u00e9ros de pi\u00e8ces et les codes \u00e0 barres de nos clients et sont emball\u00e9s pour offrir un acc\u00e8s simple au contenu ainsi que la portabilit\u00e9. Les ensembles sont des outils efficaces permettant de r\u00e9duire les co\u00fbts de main-d&#8217;\u0153uvre d&#8217;entretien et d&#8217;assemblage en \u00e9liminant l&#8217;incertitude lors du choix des pi\u00e8ces et en gagnant du temps lors du tri des pi\u00e8ces.<\/p>\r\n<p>De plus, des ensembles standards sont disponibles pour les joints toriques, les joints Quad-Ring, les bagues de retenue, les cl\u00e9s en barre, les dispositifs de calage et les clavettes Woodruff, sans oublier le programme d&#8217;emballage de Daemar pour les joints toriques et les bagues de retenue.<\/p>\r\n<h3>Emballage Personnalis\u00e9<\/h3>\r\n<p>Le groupe d&#8217;emballage et de marquage de Daemar peut vous fournir des produits en emballage personnalis\u00e9 portant le logo et les num\u00e9ros de pi\u00e8ces de votre entreprise.<\/p>\r\n<h3>Tri des produits<\/h3>\r\n<p>Lorsqu&#8217;il est absolument n\u00e9cessaire qu&#8217;il n&#8217;y ait aucune contamination des produits, Daemar peut \u00e9laborer et offrir un programme de tri des produits. \u00c0 cause des processus de fabrication et d&#8217;emballage automatis\u00e9s utilis\u00e9s par les fournisseurs de Daemar, il peut parfois arriver que des produits inad\u00e9quats ou des r\u00e9sidus soient emball\u00e9s avec les bons produits. Chez Daemar, nous comprenons que certains des processus de production et d&#8217;assemblage automatis\u00e9s de nos clients ne peuvent pas traiter des produits non conformes. C&#8217;est pourquoi dans ces situations, nous proposons un tri des produits 100 % manuel, de mani\u00e8re \u00e0 retirer tous les contaminants.<\/p>\r\n<h3>\u00c9change de donn\u00e9es informatis\u00e9 (EDI)<\/h3>\r\n<p>Un grand nombre de clients de Daemar tirent de nombreux avantages \u00e0 communiquer avec nous par l&#8217;interm\u00e9diaire du syst\u00e8me EDI :<\/p>\r\n<ul>\r\n<li>Productivit\u00e9 Accrue<\/li>\r\n<li>Qualit\u00e9 Accrue des Transactions<\/li>\r\n<li>Co\u00fbt total de Possession R\u00e9duit<\/li>\r\n<\/ul>\r\n<p>Le co\u00fbt unitaire de nos produits individuels est souvent tr\u00e8s faible et la migration vers une solution EDI peut g\u00e9n\u00e9rer des r\u00e9ductions importantes du co\u00fbt total d&#8217;acquisition. La mise en place d&#8217;un programme EDI avec Daemar peut vous permettre de consulter nos niveaux de stock sur votre syst\u00e8me ERP et de passer ou de modifier des commandes. Par ailleurs, Daemar peut ainsi v\u00e9rifier l&#8217;exp\u00e9dition des marchandises. Le nombre d&#8217;autorisations de retour d&#8217;article signal\u00e9es est habituellement r\u00e9duit, car la fr\u00e9quence des interactions humaines avec les donn\u00e9es est r\u00e9duite. Ainsi, votre personnel passe moins de temps \u00e0 effectuer des t\u00e2ches r\u00e9p\u00e9titives de saisie de donn\u00e9es et consacre plus de temps \u00e0 mener des t\u00e2ches \u00e0 valeur ajout\u00e9e. Les t\u00e2ches comptables, telles que la facturation et les paiements, peuvent ainsi \u00eatre rationalis\u00e9es gr\u00e2ce \u00e0 l&#8217;utilisation du syst\u00e8me EDI.<\/p>\r\n<h3>Formation sur les Produits sur Place<\/h3>\r\n<p>Daemar peut concevoir des programmes de formation personnalis\u00e9s adapt\u00e9s aux besoins sp\u00e9cifiques de votre personnel. Nos repr\u00e9sentants techniques peuvent organiser des d\u00eeners-conf\u00e9rences dans vos locaux, afin de permettre \u00e0 votre personnel de mieux conna\u00eetre nos produits : la fa\u00e7on dont nos produits sont mesur\u00e9s et identifi\u00e9s, les endroits o\u00f9 les diff\u00e9rents produits sont utilis\u00e9s et les limites techniques pr\u00e9cises de ces produits. Ces s\u00e9ances interactives permettent \u00e0 votre personnel de d\u00e9couvrir les produits, de poser des questions et d&#8217;en savoir plus sur les nombreuses ressources que Daemar peut mettre \u00e0 sa disposition.<\/p>\r\n<div class=\"toggle2-box\">\r\n<h3 class=\"toggle2-title sws_toggle2\">\u00c9tanch\u00e9it\u00e9<\/h3>\r\n<div class=\"toggle2-content-noframe\">\r\n\r\n<ul>\r\n<li><a title=\"Joints d'\u00e9tanch\u00e9it\u00e9\" href=\"https:\/\/daemar.com\/shaft_seals_14.html\/\">Joints d&#8217;\u00e9tanch\u00e9it\u00e9<\/a><\/li>\r\n<li><a title=\"Joints toriques DMR\" href=\"https:\/\/daemar.com\/o_rings_13.html\">Joints toriques<\/a><\/li>\r\n<li><a title=\"Tresses d\u00b4\u00e9tanch\u00e9it\u00e9\" href=\"https:\/\/daemar.com\/braided_packing_16.html\">Tresses d\u00b4\u00e9tanch\u00e9it\u00e9<\/a><\/li>\r\n<li><a title=\"Manchons de R\u00e9paration\" href=\"https:\/\/daemar.com\/shaft_repair_sleeves_17.html\">Manchons de R\u00e9paration<\/a><\/li>\r\n<li><a title=\"Joints m\u00e9caniques\" href=\"https:\/\/daemar.com\/mechanical_seals_15.html\">Joints m\u00e9caniques<\/a><\/li>\r\n<\/ul>\r\n<p>\r\n<\/div>\r\n<\/div><br \/><div class=\"toggle2-box\">\r\n<h3 class=\"toggle2-title sws_toggle2\">R\u00e9tention<\/h3>\r\n<div class=\"toggle2-content-noframe\">\r\n<\/p>\r\n<ul>\r\n<li><a title=\"Retaining Rings Page\" href=\"https:\/\/daemar.com\/rotor_clip_56.html\">Bagues de retenue<\/a><\/li>\r\n<li><a title=\"Spirolox Spiral Rings\" href=\"https:\/\/daemar.com\/spirolox_01_57.html\">Bagues de retenue en spirale<\/a><\/li>\r\n<li><a title=\"Ring Masters Constant Section Rings\" href=\"https:\/\/daemar.com\/ring-masters_58.html\/\">Bagues de retenue \u00e0 section constante<\/a><\/li>\r\n<li><a title=\"Wave Springs\" href=\"https:\/\/daemar.com\/wave-springs_504.html\">Ressorts ondul\u00e9s<\/a><\/li>\r\n<li><a title=\"Disc Springs\" href=\"https:\/\/daemar.com\/disc-springs_85.html\">Rondelles ressorts<\/a><\/li>\r\n<li><a title=\"Rotor Clamp\" href=\"https:\/\/daemar.com\/rotor_clamp_86.html\/\">Colliers de serrage<\/a><\/li>\r\n<li><a title=\"Agrafes-poussoirs \" href=\"https:\/\/daemar.com\/dmr_push-on_fasteners_59.html\/\">Agrafes-poussoirs<\/a><\/li>\r\n<li><a title=\"Retaining Ring Kits and Packs\" href=\"https:\/\/daemar.com\/retaining-ring-kits-and-packs.html\/\">Kits<\/a><\/li>\r\n<\/ul>\r\n<p>\r\n<\/div>\r\n<\/div><br \/><div class=\"toggle2-box\">\r\n<h3 class=\"toggle2-title sws_toggle2\">Protection<\/h3>\r\n<div class=\"toggle2-content-noframe\">\r\n<\/p>\r\n<ul>\r\n<li><a title=\"Caplugs by Product Type\" href=\"https:\/\/daemar.com\/caplugs_01_75.html\">Capuchons et bouchons<\/a><\/li>\r\n<li><a title=\"Masking\" href=\"https:\/\/daemar.com\/caplugs_masking_331.html\">Caches<\/a><\/li>\r\n<li><a title=\"Caplugs Pipe and Flange\" href=\"https:\/\/daemar.com\/caplugs_pipe-flange-protection333.html\">Tube et emballage<\/a><\/li>\r\n<li><a title=\"Oilfield Thread Protection\" href=\"https:\/\/daemar.com\/caplugs-oilfield-thread-protection-515.html\/\">Protection des filetages des champs p\u00e9troliers<\/a><\/li>\r\n<li><a title=\"Caplugs vinyl\" href=\"https:\/\/daemar.com\/caplugs-vinyl-520.html\">Vinyle<\/a><\/li>\r\n<\/ul>\r\n<p>\r\n<\/div>\r\n<\/div><br \/><div class=\"toggle2-box\">\r\n<h3 class=\"toggle2-title sws_toggle2\">Roulement<\/h3>\r\n<div class=\"toggle2-content-noframe\">\r\n<\/p>\r\n<ul>\r\n<li><a title=\"Dryslide Bushings\" href=\"https:\/\/daemar.com\/bushings_dryslide_62.html\">Coussinets Dryslide<\/a><\/li>\r\n<li><a title=\"Fiber Lube\" href=\"https:\/\/daemar.com\/fiber-lube-63.html\">Coussinets Fiber-Lube<\/a><\/li>\r\n<li><a title=\"Powdered Metal Bushings\" href=\"https:\/\/daemar.com\/powdered_metal_65.html\">Coussinets en m\u00e9tal en poudre<\/a><\/li>\r\n<li><a title=\"LM76 Linear Motion Bearings\" href=\"https:\/\/daemar.com\/linear_motion_66.html\">Coussinets \u00e0 mouvement lin\u00e9aire<\/a><\/li>\r\n<li><a title=\"Solid Metal\" href=\"https:\/\/daemar.com\/bushings_solid-metal_64.html\">Coussinets en m\u00e9tal solide<\/a><\/li>\r\n<\/ul>\r\n<p>\r\n<\/div>\r\n<\/div><br \/><div class=\"toggle2-box\">\r\n<h3 class=\"toggle2-title sws_toggle2\">Alignement<\/h3>\r\n<div class=\"toggle2-content-noframe\">\r\n<\/p>\r\n<ul>\r\n<li><a title=\"Slotted Shim\" href=\"https:\/\/daemar.com\/slotted-shim-kits-73.html\/\">Cales de support fendues<\/a><\/li>\r\n<li><a title=\"Shim Rolls &amp; Sheets\" href=\"https:\/\/daemar.com\/shim-stock-rolls-21.html\">Rouleaux de feuilles de calage<\/a><\/li>\r\n<li><a title=\"Cales personnalis\u00e9es\" href=\"https:\/\/daemar.com\/custom-shim-518.html\/\">Cales<br \/>personnalis\u00e9es<\/a><\/li>\r\n<li><a title=\"Clef en barre\" href=\"https:\/\/daemar.com\/keystock-20.html\">Clef en barre<\/a><\/li>\r\n<li><a title=\"Clavettes de calage\" href=\"https:\/\/daemar.com\/shaft-keys.html\">Clavettes de<br \/>calages<\/a><\/li>\r\n<\/ul>\r\n<p>\r\n<\/div>\r\n<\/div><\/p>\r\n","protected":false},"excerpt":{"rendered":"<p>At Daemar our business is much more than simply providing products; we work with our customers to deliver Supply Chain solutions that meet their specific challenges. Daemar has developed all of the capabilities required to support our customers\u2019 Lean Manufacturing initiatives &#8211; providing JIT delivery, vendor managed inventories and computer systems integration. <\/p>\n","protected":false},"author":1,"featured_media":10443,"parent":0,"menu_order":0,"comment_status":"closed","ping_status":"closed","template":"","meta":{"site-sidebar-layout":"default","site-content-layout":"default","ast-site-content-layout":"default","site-content-style":"default","site-sidebar-style":"default","ast-global-header-display":"","ast-banner-title-visibility":"","ast-main-header-display":"","ast-hfb-above-header-display":"","ast-hfb-below-header-display":"","ast-hfb-mobile-header-display":"","site-post-title":"","ast-breadcrumbs-content":"","ast-featured-img":"","footer-sml-layout":"","ast-disable-related-posts":"","theme-transparent-header-meta":"default","adv-header-id-meta":"","stick-header-meta":"default","header-above-stick-meta":"","header-main-stick-meta":"","header-below-stick-meta":"","astra-migrate-meta-layouts":"default","ast-page-background-enabled":"default","ast-page-background-meta":{"desktop":{"background-color":"","background-image":"","background-repeat":"repeat","background-position":"center center","background-size":"auto","background-attachment":"scroll","background-type":"","background-media":"","overlay-type":"","overlay-color":"","overlay-opacity":"","overlay-gradient":""},"tablet":{"background-color":"","background-image":"","background-repeat":"repeat","background-position":"center center","background-size":"auto","background-attachment":"scroll","background-type":"","background-media":"","overlay-type":"","overlay-color":"","overlay-opacity":"","overlay-gradient":""},"mobile":{"background-color":"","background-image":"","background-repeat":"repeat","background-position":"center center","background-size":"auto","background-attachment":"scroll","background-type":"","background-media":"","overlay-type":"","overlay-color":"","overlay-opacity":"","overlay-gradient":""}},"ast-content-background-meta":{"desktop":{"background-color":"var(--ast-global-color-5)","background-image":"","background-repeat":"repeat","background-position":"center center","background-size":"auto","background-attachment":"scroll","background-type":"","background-media":"","overlay-type":"","overlay-color":"","overlay-opacity":"","overlay-gradient":""},"tablet":{"background-color":"var(--ast-global-color-5)","background-image":"","background-repeat":"repeat","background-position":"center center","background-size":"auto","background-attachment":"scroll","background-type":"","background-media":"","overlay-type":"","overlay-color":"","overlay-opacity":"","overlay-gradient":""},"mobile":{"background-color":"var(--ast-global-color-5)","background-image":"","background-repeat":"repeat","background-position":"center center","background-size":"auto","background-attachment":"scroll","background-type":"","background-media":"","overlay-type":"","overlay-color":"","overlay-opacity":"","overlay-gradient":""}},"footnotes":""},"class_list":["post-211","page","type-page","status-publish","has-post-thumbnail","hentry"],"yoast_head":"<!-- This site is optimized with the Yoast SEO plugin v27.2 - https:\/\/yoast.com\/product\/yoast-seo-wordpress\/ -->\n<title>Services - Daemar Inc \u2014 Joints Toriques - \u00c9tanch\u00e9it\u00e9 - Bagues de retenue - Coussinets - Caplugs - Cales de support - Clefs en barre<\/title>\n<meta name=\"description\" content=\"Daemar delivers Supply Chain solutions that meet our customers specific challenges. Providing JIT delivery, vendor managed inventories &amp; EDI integration.\" \/>\n<meta name=\"robots\" content=\"index, follow, max-snippet:-1, max-image-preview:large, max-video-preview:-1\" \/>\n<link rel=\"canonical\" href=\"https:\/\/daemar.com\/fr\/services\/\" \/>\n<meta property=\"og:locale\" content=\"en_US\" \/>\n<meta property=\"og:type\" content=\"article\" \/>\n<meta property=\"og:title\" content=\"Services - Daemar Inc \u2014 Joints Toriques - \u00c9tanch\u00e9it\u00e9 - Bagues de retenue - Coussinets - Caplugs - Cales de support - Clefs en barre\" \/>\n<meta property=\"og:description\" content=\"Daemar delivers Supply Chain solutions that meet our customers specific challenges. Providing JIT delivery, vendor managed inventories &amp; EDI integration.\" \/>\n<meta property=\"og:url\" content=\"https:\/\/daemar.com\/fr\/services\/\" \/>\n<meta property=\"og:site_name\" content=\"Daemar Inc \u2014 Joints Toriques - \u00c9tanch\u00e9it\u00e9 - Bagues de retenue - Coussinets - Caplugs - Cales de support - Clefs en barre\" \/>\n<meta property=\"article:modified_time\" content=\"2020-09-02T19:03:14+00:00\" \/>\n<meta property=\"og:image\" content=\"https:\/\/daemar.com\/fr\/wp-content\/uploads\/sites\/3\/2018\/12\/daemar-banner-2-1500.jpg\" \/>\n\t<meta property=\"og:image:width\" content=\"1500\" \/>\n\t<meta property=\"og:image:height\" content=\"375\" \/>\n\t<meta property=\"og:image:type\" content=\"image\/jpeg\" \/>\n<meta name=\"twitter:card\" content=\"summary_large_image\" \/>\n<meta name=\"twitter:label1\" content=\"Est. reading time\" \/>\n\t<meta name=\"twitter:data1\" content=\"4 minutes\" \/>\n<script type=\"application\/ld+json\" class=\"yoast-schema-graph\">{\"@context\":\"https:\/\/schema.org\",\"@graph\":[{\"@type\":\"WebPage\",\"@id\":\"https:\/\/daemar.com\/fr\/services\/\",\"url\":\"https:\/\/daemar.com\/fr\/services\/\",\"name\":\"Services - Daemar Inc \u2014 Joints Toriques - \u00c9tanch\u00e9it\u00e9 - Bagues de retenue - Coussinets - Caplugs - Cales de support - Clefs en barre\",\"isPartOf\":{\"@id\":\"https:\/\/daemar.com\/fr\/#website\"},\"primaryImageOfPage\":{\"@id\":\"https:\/\/daemar.com\/fr\/services\/#primaryimage\"},\"image\":{\"@id\":\"https:\/\/daemar.com\/fr\/services\/#primaryimage\"},\"thumbnailUrl\":\"https:\/\/daemar.com\/fr\/wp-content\/uploads\/sites\/3\/2018\/12\/daemar-banner-2-1500.jpg\",\"datePublished\":\"2013-02-24T03:13:49+00:00\",\"dateModified\":\"2020-09-02T19:03:14+00:00\",\"description\":\"Daemar delivers Supply Chain solutions that meet our customers specific challenges. Providing JIT delivery, vendor managed inventories & EDI integration.\",\"breadcrumb\":{\"@id\":\"https:\/\/daemar.com\/fr\/services\/#breadcrumb\"},\"inLanguage\":\"en-US\",\"potentialAction\":[{\"@type\":\"ReadAction\",\"target\":[\"https:\/\/daemar.com\/fr\/services\/\"]}]},{\"@type\":\"ImageObject\",\"inLanguage\":\"en-US\",\"@id\":\"https:\/\/daemar.com\/fr\/services\/#primaryimage\",\"url\":\"https:\/\/daemar.com\/fr\/wp-content\/uploads\/sites\/3\/2018\/12\/daemar-banner-2-1500.jpg\",\"contentUrl\":\"https:\/\/daemar.com\/fr\/wp-content\/uploads\/sites\/3\/2018\/12\/daemar-banner-2-1500.jpg\",\"width\":1500,\"height\":375,\"caption\":\"\"},{\"@type\":\"BreadcrumbList\",\"@id\":\"https:\/\/daemar.com\/fr\/services\/#breadcrumb\",\"itemListElement\":[{\"@type\":\"ListItem\",\"position\":1,\"name\":\"Home\",\"item\":\"https:\/\/daemar.com\/fr\/\"},{\"@type\":\"ListItem\",\"position\":2,\"name\":\"Services\"}]},{\"@type\":\"WebSite\",\"@id\":\"https:\/\/daemar.com\/fr\/#website\",\"url\":\"https:\/\/daemar.com\/fr\/\",\"name\":\"Daemar Inc \u2014 Joints Toriques - \u00c9tanch\u00e9it\u00e9 - Bagues de retenue - Coussinets - Caplugs - Cales de support - Clefs en barre\",\"description\":\"Des composants essentiel pour l&#039;industrie - \u00c9tanch\u00e9it\u00e9 - R\u00e9tention\u00a0- Roulement - Protection - Alignement\",\"publisher\":{\"@id\":\"https:\/\/daemar.com\/fr\/#organization\"},\"potentialAction\":[{\"@type\":\"SearchAction\",\"target\":{\"@type\":\"EntryPoint\",\"urlTemplate\":\"https:\/\/daemar.com\/fr\/?s={search_term_string}\"},\"query-input\":{\"@type\":\"PropertyValueSpecification\",\"valueRequired\":true,\"valueName\":\"search_term_string\"}}],\"inLanguage\":\"en-US\"},{\"@type\":\"Organization\",\"@id\":\"https:\/\/daemar.com\/fr\/#organization\",\"name\":\"Daemar Inc \u2014 Joints Toriques - \u00c9tanch\u00e9it\u00e9 - Bagues de retenue - Coussinets - Caplugs - Cales de support - Clefs en barre\",\"url\":\"https:\/\/daemar.com\/fr\/\",\"logo\":{\"@type\":\"ImageObject\",\"inLanguage\":\"en-US\",\"@id\":\"https:\/\/daemar.com\/fr\/#\/schema\/logo\/image\/\",\"url\":\"https:\/\/daemar.com\/fr\/wp-content\/uploads\/sites\/3\/2018\/12\/DAEMAR-LOGO-1000.jpg\",\"contentUrl\":\"https:\/\/daemar.com\/fr\/wp-content\/uploads\/sites\/3\/2018\/12\/DAEMAR-LOGO-1000.jpg\",\"width\":1000,\"height\":901,\"caption\":\"Daemar Inc \u2014 Joints Toriques - \u00c9tanch\u00e9it\u00e9 - Bagues de retenue - Coussinets - Caplugs - Cales de support - Clefs en barre\"},\"image\":{\"@id\":\"https:\/\/daemar.com\/fr\/#\/schema\/logo\/image\/\"}}]}<\/script>\n<!-- \/ Yoast SEO plugin. -->","yoast_head_json":{"title":"Services - Daemar Inc \u2014 Joints Toriques - \u00c9tanch\u00e9it\u00e9 - Bagues de retenue - Coussinets - Caplugs - Cales de support - Clefs en barre","description":"Daemar delivers Supply Chain solutions that meet our customers specific challenges. Providing JIT delivery, vendor managed inventories & EDI integration.","robots":{"index":"index","follow":"follow","max-snippet":"max-snippet:-1","max-image-preview":"max-image-preview:large","max-video-preview":"max-video-preview:-1"},"canonical":"https:\/\/daemar.com\/fr\/services\/","og_locale":"en_US","og_type":"article","og_title":"Services - Daemar Inc \u2014 Joints Toriques - \u00c9tanch\u00e9it\u00e9 - Bagues de retenue - Coussinets - Caplugs - Cales de support - Clefs en barre","og_description":"Daemar delivers Supply Chain solutions that meet our customers specific challenges. Providing JIT delivery, vendor managed inventories & EDI integration.","og_url":"https:\/\/daemar.com\/fr\/services\/","og_site_name":"Daemar Inc \u2014 Joints Toriques - \u00c9tanch\u00e9it\u00e9 - Bagues de retenue - Coussinets - Caplugs - Cales de support - Clefs en barre","article_modified_time":"2020-09-02T19:03:14+00:00","og_image":[{"width":1500,"height":375,"url":"https:\/\/daemar.com\/fr\/wp-content\/uploads\/sites\/3\/2018\/12\/daemar-banner-2-1500.jpg","type":"image\/jpeg"}],"twitter_card":"summary_large_image","twitter_misc":{"Est. reading time":"4 minutes"},"schema":{"@context":"https:\/\/schema.org","@graph":[{"@type":"WebPage","@id":"https:\/\/daemar.com\/fr\/services\/","url":"https:\/\/daemar.com\/fr\/services\/","name":"Services - Daemar Inc \u2014 Joints Toriques - \u00c9tanch\u00e9it\u00e9 - Bagues de retenue - Coussinets - Caplugs - Cales de support - Clefs en barre","isPartOf":{"@id":"https:\/\/daemar.com\/fr\/#website"},"primaryImageOfPage":{"@id":"https:\/\/daemar.com\/fr\/services\/#primaryimage"},"image":{"@id":"https:\/\/daemar.com\/fr\/services\/#primaryimage"},"thumbnailUrl":"https:\/\/daemar.com\/fr\/wp-content\/uploads\/sites\/3\/2018\/12\/daemar-banner-2-1500.jpg","datePublished":"2013-02-24T03:13:49+00:00","dateModified":"2020-09-02T19:03:14+00:00","description":"Daemar delivers Supply Chain solutions that meet our customers specific challenges. Providing JIT delivery, vendor managed inventories & EDI integration.","breadcrumb":{"@id":"https:\/\/daemar.com\/fr\/services\/#breadcrumb"},"inLanguage":"en-US","potentialAction":[{"@type":"ReadAction","target":["https:\/\/daemar.com\/fr\/services\/"]}]},{"@type":"ImageObject","inLanguage":"en-US","@id":"https:\/\/daemar.com\/fr\/services\/#primaryimage","url":"https:\/\/daemar.com\/fr\/wp-content\/uploads\/sites\/3\/2018\/12\/daemar-banner-2-1500.jpg","contentUrl":"https:\/\/daemar.com\/fr\/wp-content\/uploads\/sites\/3\/2018\/12\/daemar-banner-2-1500.jpg","width":1500,"height":375,"caption":""},{"@type":"BreadcrumbList","@id":"https:\/\/daemar.com\/fr\/services\/#breadcrumb","itemListElement":[{"@type":"ListItem","position":1,"name":"Home","item":"https:\/\/daemar.com\/fr\/"},{"@type":"ListItem","position":2,"name":"Services"}]},{"@type":"WebSite","@id":"https:\/\/daemar.com\/fr\/#website","url":"https:\/\/daemar.com\/fr\/","name":"Daemar Inc \u2014 Joints Toriques - \u00c9tanch\u00e9it\u00e9 - Bagues de retenue - Coussinets - Caplugs - Cales de support - Clefs en barre","description":"Des composants essentiel pour l&#039;industrie - \u00c9tanch\u00e9it\u00e9 - R\u00e9tention\u00a0- Roulement - Protection - Alignement","publisher":{"@id":"https:\/\/daemar.com\/fr\/#organization"},"potentialAction":[{"@type":"SearchAction","target":{"@type":"EntryPoint","urlTemplate":"https:\/\/daemar.com\/fr\/?s={search_term_string}"},"query-input":{"@type":"PropertyValueSpecification","valueRequired":true,"valueName":"search_term_string"}}],"inLanguage":"en-US"},{"@type":"Organization","@id":"https:\/\/daemar.com\/fr\/#organization","name":"Daemar Inc \u2014 Joints Toriques - \u00c9tanch\u00e9it\u00e9 - Bagues de retenue - Coussinets - Caplugs - Cales de support - Clefs en barre","url":"https:\/\/daemar.com\/fr\/","logo":{"@type":"ImageObject","inLanguage":"en-US","@id":"https:\/\/daemar.com\/fr\/#\/schema\/logo\/image\/","url":"https:\/\/daemar.com\/fr\/wp-content\/uploads\/sites\/3\/2018\/12\/DAEMAR-LOGO-1000.jpg","contentUrl":"https:\/\/daemar.com\/fr\/wp-content\/uploads\/sites\/3\/2018\/12\/DAEMAR-LOGO-1000.jpg","width":1000,"height":901,"caption":"Daemar Inc \u2014 Joints Toriques - \u00c9tanch\u00e9it\u00e9 - Bagues de retenue - Coussinets - Caplugs - Cales de support - Clefs en barre"},"image":{"@id":"https:\/\/daemar.com\/fr\/#\/schema\/logo\/image\/"}}]}},"_links":{"self":[{"href":"https:\/\/daemar.com\/fr\/wp-json\/wp\/v2\/pages\/211","targetHints":{"allow":["GET"]}}],"collection":[{"href":"https:\/\/daemar.com\/fr\/wp-json\/wp\/v2\/pages"}],"about":[{"href":"https:\/\/daemar.com\/fr\/wp-json\/wp\/v2\/types\/page"}],"author":[{"embeddable":true,"href":"https:\/\/daemar.com\/fr\/wp-json\/wp\/v2\/users\/1"}],"replies":[{"embeddable":true,"href":"https:\/\/daemar.com\/fr\/wp-json\/wp\/v2\/comments?post=211"}],"version-history":[{"count":0,"href":"https:\/\/daemar.com\/fr\/wp-json\/wp\/v2\/pages\/211\/revisions"}],"wp:featuredmedia":[{"embeddable":true,"href":"https:\/\/daemar.com\/fr\/wp-json\/wp\/v2\/media\/10443"}],"wp:attachment":[{"href":"https:\/\/daemar.com\/fr\/wp-json\/wp\/v2\/media?parent=211"}],"curies":[{"name":"wp","href":"https:\/\/api.w.org\/{rel}","templated":true}]}}