{"id":209,"date":"2013-02-24T03:13:19","date_gmt":"2013-02-24T03:13:19","guid":{"rendered":"http:\/\/74.220.216.78\/?page_id=209"},"modified":"2021-07-20T15:27:50","modified_gmt":"2021-07-20T19:27:50","slug":"about-us","status":"publish","type":"page","link":"https:\/\/daemar.com\/fr\/about-us\/","title":{"rendered":"\u00c0 propos de nous"},"content":{"rendered":"\r\n<h1>\u00c0 propos de nous<\/h1>\r\n<h4>Daemar g\u00e8re la fourniture et la livraison de millions de composants essentiels aux fabricants et aux acteurs du march\u00e9 de l&#8217;entretien, de la r\u00e9paration et de la r\u00e9vision. Les applications industrielles sont vastes, de l&#8217;aide \u00e0 la conception et \u00e0 la gestion de la cha\u00eene logistique pour des cha\u00eenes de montage \u00e0 haut volume au simple remplacement d&#8217;un seul composant d&#8217;entretien.<\/h4>\r\n<h4><a href=\"https:\/\/daemar.com\/fr\/daemar-vision-statement.html\/\"><img loading=\"lazy\" decoding=\"async\" src=\"https:\/\/daemar.com\/fr\/wp-content\/uploads\/sites\/3\/2013\/05\/logo_daemar.jpg\" alt=\"DAEMAR LOGO P293-Outline-RGB.ai\" width=\"100\" height=\"100\" \/><\/a><\/h4>\r\n<h3>\u00c9nonc\u00e9 de vision de Daemar<\/h3>\r\n<p>L&#8217;\u00e9nonc\u00e9 de vision de Daemar met en \u00e9vidence les valeurs fondamentales, la raison d&#8217;\u00eatre et la mission de notre organisation.\u00a0<a title=\"Daemar Vision Statement\" href=\"https:\/\/daemar.com\/fr\/daemar-vision-statement.html\/\">(\u00c9nonc\u00e9 de vision de Daemar)<\/a><\/p>\r\n<h4><a href=\"https:\/\/daemar.com\/fr\/iso-quality.html\/\"><img loading=\"lazy\" decoding=\"async\" src=\"https:\/\/daemar.com\/fr\/wp-content\/uploads\/sites\/3\/2015\/07\/DMR-ISO9001_150x150.jpg\" alt=\"ISO Certificate\" width=\"100\" height=\"100\" \/><\/a><\/h4>\r\n<h3>Certification ISO-9001<\/h3>\r\n<p>Afin de toujours r\u00e9pondre aux exigences de ses clients, et de les d\u00e9passer, Daemar Oakville est certifi\u00e9e ISO-9001:2008 et la plupart de ses fournisseurs poss\u00e8dent la certification de qualit\u00e9 TS-16949 ou ISO-9000.\u00a0<a title=\"ISO Quality\" href=\"https:\/\/daemar.com\/fr\/iso-quality.html\/\">(Certificat ISO)<\/a><\/p>\r\n<h4><a href=\"https:\/\/daemar.com\/fr\/corporate_history_9.html\/\"><img loading=\"lazy\" decoding=\"async\" title=\"Daemar f\u00eate ses 45 ans\" src=\"https:\/\/daemar.com\/fr\/wp-content\/uploads\/sites\/3\/2018\/01\/45th-Anniversary-Logo-Grey-Orange-French_313x300.jpg\" alt=\"Daemar Corporate History\" width=\"100\" height=\"104\" \/><\/a><\/h4>\r\n<h3>Histoire de l&#8217;entreprise<\/h3>\r\n<p>La soci\u00e9t\u00e9 Daemar a \u00e9t\u00e9 fond\u00e9e en 1973 afin d&#8217;offrir des solutions aux march\u00e9s de l&#8217;\u00e9tanch\u00e9it\u00e9 des fluides et des pi\u00e8ces de pr\u00e9cision. Daemar est rest\u00e9e fid\u00e8le \u00e0 ses aspirations initiales en s&#8217;attachant \u00e0 offrir des produits de qualit\u00e9 optimale et un service \u00e0 la client\u00e8le exceptionnel.<\/p>\r\n<h4><a href=\"https:\/\/daemar.com\/fr\/careers_356\/\"><img loading=\"lazy\" decoding=\"async\" title=\"Careers with Daemar\" src=\"https:\/\/daemar.com\/fr\/wp-content\/uploads\/sites\/3\/2013\/05\/sm_careers.jpg\" alt=\"Job Opportunities at Daemar\" width=\"100\" height=\"100\" \/><\/a><\/h4>\r\n<h3>Carri\u00e8res<\/h3>\r\n<p>Si vous souhaitez poser votre candidature pour un emploi chez Daemar, veuillez consulter les <a title=\"Careers at Daemar\" href=\"https:\/\/daemar.com\/fr\/category\/postes-disponibles\/\">postes affich\u00e9s.<\/a><\/p>\r\n<p><img loading=\"lazy\" decoding=\"async\" title=\"daemar-caplugs-caps-series-02\" src=\"https:\/\/daemar.com\/fr\/wp-content\/uploads\/sites\/3\/2013\/09\/daemar-caplugs-caps-series-02.jpg\" alt=\"daemar-caplugs-caps-series-02\" width=\"300\" height=\"300\" \/><\/p>\r\n<h4><a href=\"https:\/\/daemar.com\/fr\/location_12.html\"><img loading=\"lazy\" decoding=\"async\" src=\"https:\/\/daemar.com\/fr\/wp-content\/uploads\/sites\/3\/2013\/05\/uscan_map.jpg\" alt=\"Daemar Locations\" width=\"100\" height=\"100\" \/><\/a><\/h4>\r\n<h3>Nous sommes l\u00e0 pour vous<\/h3>\r\n<p>Daemar Inc. poss\u00e8de un r\u00e9seau de quatre entrep\u00f4ts de stockage strat\u00e9giquement situ\u00e9s afin d&#8217;approvisionner le march\u00e9 nord-am\u00e9ricain. O\u00f9 que vous soyez, Daemar r\u00e9pond \u00e0 vos besoins. \u00a0<a title=\"Daemar Locations\" href=\"https:\/\/daemar.com\/fr\/location_12.html\">(Emplacements de Daemar&#8230;)<\/a><\/p>\r\n","protected":false},"excerpt":{"rendered":"<p>Daemar manages the sourcing and delivery of millions of Essential Components to the manufacturing and MRO marketplace. Industry applications are broad; from high volume assembly lines requiring design assistance and supply chain management, all the way to the simple replacement of a single component for maintenance.<\/p>\n","protected":false},"author":1,"featured_media":10846,"parent":0,"menu_order":0,"comment_status":"closed","ping_status":"closed","template":"","meta":{"site-sidebar-layout":"default","site-content-layout":"default","ast-site-content-layout":"default","site-content-style":"default","site-sidebar-style":"default","ast-global-header-display":"","ast-banner-title-visibility":"","ast-main-header-display":"","ast-hfb-above-header-display":"","ast-hfb-below-header-display":"","ast-hfb-mobile-header-display":"","site-post-title":"","ast-breadcrumbs-content":"","ast-featured-img":"","footer-sml-layout":"","ast-disable-related-posts":"","theme-transparent-header-meta":"default","adv-header-id-meta":"","stick-header-meta":"default","header-above-stick-meta":"","header-main-stick-meta":"","header-below-stick-meta":"","astra-migrate-meta-layouts":"default","ast-page-background-enabled":"default","ast-page-background-meta":{"desktop":{"background-color":"","background-image":"","background-repeat":"repeat","background-position":"center center","background-size":"auto","background-attachment":"scroll","background-type":"","background-media":"","overlay-type":"","overlay-color":"","overlay-opacity":"","overlay-gradient":""},"tablet":{"background-color":"","background-image":"","background-repeat":"repeat","background-position":"center center","background-size":"auto","background-attachment":"scroll","background-type":"","background-media":"","overlay-type":"","overlay-color":"","overlay-opacity":"","overlay-gradient":""},"mobile":{"background-color":"","background-image":"","background-repeat":"repeat","background-position":"center center","background-size":"auto","background-attachment":"scroll","background-type":"","background-media":"","overlay-type":"","overlay-color":"","overlay-opacity":"","overlay-gradient":""}},"ast-content-background-meta":{"desktop":{"background-color":"var(--ast-global-color-5)","background-image":"","background-repeat":"repeat","background-position":"center center","background-size":"auto","background-attachment":"scroll","background-type":"","background-media":"","overlay-type":"","overlay-color":"","overlay-opacity":"","overlay-gradient":""},"tablet":{"background-color":"var(--ast-global-color-5)","background-image":"","background-repeat":"repeat","background-position":"center center","background-size":"auto","background-attachment":"scroll","background-type":"","background-media":"","overlay-type":"","overlay-color":"","overlay-opacity":"","overlay-gradient":""},"mobile":{"background-color":"var(--ast-global-color-5)","background-image":"","background-repeat":"repeat","background-position":"center center","background-size":"auto","background-attachment":"scroll","background-type":"","background-media":"","overlay-type":"","overlay-color":"","overlay-opacity":"","overlay-gradient":""}},"footnotes":""},"class_list":["post-209","page","type-page","status-publish","has-post-thumbnail","hentry"],"yoast_head":"<!-- This site is optimized with the Yoast SEO plugin v27.2 - https:\/\/yoast.com\/product\/yoast-seo-wordpress\/ -->\n<title>\u00c0 propos de nous - Daemar Inc \u2014 Joints Toriques - \u00c9tanch\u00e9it\u00e9 - Bagues de retenue - Coussinets - Caplugs - Cales de support - Clefs en barre<\/title>\n<meta name=\"robots\" content=\"index, follow, max-snippet:-1, max-image-preview:large, max-video-preview:-1\" \/>\n<link rel=\"canonical\" href=\"https:\/\/daemar.com\/fr\/about-us\/\" \/>\n<meta property=\"og:locale\" content=\"en_US\" \/>\n<meta property=\"og:type\" content=\"article\" \/>\n<meta property=\"og:title\" content=\"\u00c0 propos de nous - Daemar Inc \u2014 Joints Toriques - \u00c9tanch\u00e9it\u00e9 - Bagues de retenue - Coussinets - Caplugs - Cales de support - Clefs en barre\" \/>\n<meta property=\"og:description\" content=\"Daemar manages the sourcing and delivery of millions of Essential Components to the manufacturing and MRO marketplace. Industry applications are broad; from high volume assembly lines requiring design assistance and supply chain management, all the way to the simple replacement of a single component for maintenance.\" \/>\n<meta property=\"og:url\" content=\"https:\/\/daemar.com\/fr\/about-us\/\" \/>\n<meta property=\"og:site_name\" content=\"Daemar Inc \u2014 Joints Toriques - \u00c9tanch\u00e9it\u00e9 - Bagues de retenue - Coussinets - Caplugs - Cales de support - Clefs en barre\" \/>\n<meta property=\"article:modified_time\" content=\"2021-07-20T19:27:50+00:00\" \/>\n<meta property=\"og:image\" content=\"https:\/\/daemar.com\/fr\/wp-content\/uploads\/sites\/3\/2019\/03\/factory-worker_104851415-4.jpg\" \/>\n\t<meta property=\"og:image:width\" content=\"1500\" \/>\n\t<meta property=\"og:image:height\" content=\"705\" \/>\n\t<meta property=\"og:image:type\" content=\"image\/jpeg\" \/>\n<meta name=\"twitter:card\" content=\"summary_large_image\" \/>\n<meta name=\"twitter:label1\" content=\"Est. reading time\" \/>\n\t<meta name=\"twitter:data1\" content=\"1 minute\" \/>\n<script type=\"application\/ld+json\" class=\"yoast-schema-graph\">{\"@context\":\"https:\/\/schema.org\",\"@graph\":[{\"@type\":\"WebPage\",\"@id\":\"https:\/\/daemar.com\/fr\/about-us\/\",\"url\":\"https:\/\/daemar.com\/fr\/about-us\/\",\"name\":\"\u00c0 propos de nous - Daemar Inc \u2014 Joints Toriques - \u00c9tanch\u00e9it\u00e9 - Bagues de retenue - Coussinets - Caplugs - Cales de support - Clefs en barre\",\"isPartOf\":{\"@id\":\"https:\/\/daemar.com\/fr\/#website\"},\"primaryImageOfPage\":{\"@id\":\"https:\/\/daemar.com\/fr\/about-us\/#primaryimage\"},\"image\":{\"@id\":\"https:\/\/daemar.com\/fr\/about-us\/#primaryimage\"},\"thumbnailUrl\":\"https:\/\/daemar.com\/fr\/wp-content\/uploads\/sites\/3\/2019\/03\/factory-worker_104851415-4.jpg\",\"datePublished\":\"2013-02-24T03:13:19+00:00\",\"dateModified\":\"2021-07-20T19:27:50+00:00\",\"breadcrumb\":{\"@id\":\"https:\/\/daemar.com\/fr\/about-us\/#breadcrumb\"},\"inLanguage\":\"en-US\",\"potentialAction\":[{\"@type\":\"ReadAction\",\"target\":[\"https:\/\/daemar.com\/fr\/about-us\/\"]}]},{\"@type\":\"ImageObject\",\"inLanguage\":\"en-US\",\"@id\":\"https:\/\/daemar.com\/fr\/about-us\/#primaryimage\",\"url\":\"https:\/\/daemar.com\/fr\/wp-content\/uploads\/sites\/3\/2019\/03\/factory-worker_104851415-4.jpg\",\"contentUrl\":\"https:\/\/daemar.com\/fr\/wp-content\/uploads\/sites\/3\/2019\/03\/factory-worker_104851415-4.jpg\",\"width\":1500,\"height\":705},{\"@type\":\"BreadcrumbList\",\"@id\":\"https:\/\/daemar.com\/fr\/about-us\/#breadcrumb\",\"itemListElement\":[{\"@type\":\"ListItem\",\"position\":1,\"name\":\"Home\",\"item\":\"https:\/\/daemar.com\/fr\/\"},{\"@type\":\"ListItem\",\"position\":2,\"name\":\"\u00c0 propos de nous\"}]},{\"@type\":\"WebSite\",\"@id\":\"https:\/\/daemar.com\/fr\/#website\",\"url\":\"https:\/\/daemar.com\/fr\/\",\"name\":\"Daemar Inc \u2014 Joints Toriques - \u00c9tanch\u00e9it\u00e9 - Bagues de retenue - Coussinets - Caplugs - Cales de support - Clefs en barre\",\"description\":\"Des composants essentiel pour l&#039;industrie - \u00c9tanch\u00e9it\u00e9 - R\u00e9tention\u00a0- Roulement - Protection - Alignement\",\"publisher\":{\"@id\":\"https:\/\/daemar.com\/fr\/#organization\"},\"potentialAction\":[{\"@type\":\"SearchAction\",\"target\":{\"@type\":\"EntryPoint\",\"urlTemplate\":\"https:\/\/daemar.com\/fr\/?s={search_term_string}\"},\"query-input\":{\"@type\":\"PropertyValueSpecification\",\"valueRequired\":true,\"valueName\":\"search_term_string\"}}],\"inLanguage\":\"en-US\"},{\"@type\":\"Organization\",\"@id\":\"https:\/\/daemar.com\/fr\/#organization\",\"name\":\"Daemar Inc \u2014 Joints Toriques - \u00c9tanch\u00e9it\u00e9 - Bagues de retenue - Coussinets - Caplugs - Cales de support - Clefs en barre\",\"url\":\"https:\/\/daemar.com\/fr\/\",\"logo\":{\"@type\":\"ImageObject\",\"inLanguage\":\"en-US\",\"@id\":\"https:\/\/daemar.com\/fr\/#\/schema\/logo\/image\/\",\"url\":\"https:\/\/daemar.com\/fr\/wp-content\/uploads\/sites\/3\/2018\/12\/DAEMAR-LOGO-1000.jpg\",\"contentUrl\":\"https:\/\/daemar.com\/fr\/wp-content\/uploads\/sites\/3\/2018\/12\/DAEMAR-LOGO-1000.jpg\",\"width\":1000,\"height\":901,\"caption\":\"Daemar Inc \u2014 Joints Toriques - \u00c9tanch\u00e9it\u00e9 - Bagues de retenue - Coussinets - Caplugs - Cales de support - Clefs en barre\"},\"image\":{\"@id\":\"https:\/\/daemar.com\/fr\/#\/schema\/logo\/image\/\"}}]}<\/script>\n<!-- \/ Yoast SEO plugin. -->","yoast_head_json":{"title":"\u00c0 propos de nous - Daemar Inc \u2014 Joints Toriques - \u00c9tanch\u00e9it\u00e9 - Bagues de retenue - Coussinets - Caplugs - Cales de support - Clefs en barre","robots":{"index":"index","follow":"follow","max-snippet":"max-snippet:-1","max-image-preview":"max-image-preview:large","max-video-preview":"max-video-preview:-1"},"canonical":"https:\/\/daemar.com\/fr\/about-us\/","og_locale":"en_US","og_type":"article","og_title":"\u00c0 propos de nous - Daemar Inc \u2014 Joints Toriques - \u00c9tanch\u00e9it\u00e9 - Bagues de retenue - Coussinets - Caplugs - Cales de support - Clefs en barre","og_description":"Daemar manages the sourcing and delivery of millions of Essential Components to the manufacturing and MRO marketplace. Industry applications are broad; from high volume assembly lines requiring design assistance and supply chain management, all the way to the simple replacement of a single component for maintenance.","og_url":"https:\/\/daemar.com\/fr\/about-us\/","og_site_name":"Daemar Inc \u2014 Joints Toriques - \u00c9tanch\u00e9it\u00e9 - Bagues de retenue - Coussinets - Caplugs - Cales de support - Clefs en barre","article_modified_time":"2021-07-20T19:27:50+00:00","og_image":[{"width":1500,"height":705,"url":"https:\/\/daemar.com\/fr\/wp-content\/uploads\/sites\/3\/2019\/03\/factory-worker_104851415-4.jpg","type":"image\/jpeg"}],"twitter_card":"summary_large_image","twitter_misc":{"Est. reading time":"1 minute"},"schema":{"@context":"https:\/\/schema.org","@graph":[{"@type":"WebPage","@id":"https:\/\/daemar.com\/fr\/about-us\/","url":"https:\/\/daemar.com\/fr\/about-us\/","name":"\u00c0 propos de nous - Daemar Inc \u2014 Joints Toriques - \u00c9tanch\u00e9it\u00e9 - Bagues de retenue - Coussinets - Caplugs - Cales de support - Clefs en barre","isPartOf":{"@id":"https:\/\/daemar.com\/fr\/#website"},"primaryImageOfPage":{"@id":"https:\/\/daemar.com\/fr\/about-us\/#primaryimage"},"image":{"@id":"https:\/\/daemar.com\/fr\/about-us\/#primaryimage"},"thumbnailUrl":"https:\/\/daemar.com\/fr\/wp-content\/uploads\/sites\/3\/2019\/03\/factory-worker_104851415-4.jpg","datePublished":"2013-02-24T03:13:19+00:00","dateModified":"2021-07-20T19:27:50+00:00","breadcrumb":{"@id":"https:\/\/daemar.com\/fr\/about-us\/#breadcrumb"},"inLanguage":"en-US","potentialAction":[{"@type":"ReadAction","target":["https:\/\/daemar.com\/fr\/about-us\/"]}]},{"@type":"ImageObject","inLanguage":"en-US","@id":"https:\/\/daemar.com\/fr\/about-us\/#primaryimage","url":"https:\/\/daemar.com\/fr\/wp-content\/uploads\/sites\/3\/2019\/03\/factory-worker_104851415-4.jpg","contentUrl":"https:\/\/daemar.com\/fr\/wp-content\/uploads\/sites\/3\/2019\/03\/factory-worker_104851415-4.jpg","width":1500,"height":705},{"@type":"BreadcrumbList","@id":"https:\/\/daemar.com\/fr\/about-us\/#breadcrumb","itemListElement":[{"@type":"ListItem","position":1,"name":"Home","item":"https:\/\/daemar.com\/fr\/"},{"@type":"ListItem","position":2,"name":"\u00c0 propos de nous"}]},{"@type":"WebSite","@id":"https:\/\/daemar.com\/fr\/#website","url":"https:\/\/daemar.com\/fr\/","name":"Daemar Inc \u2014 Joints Toriques - \u00c9tanch\u00e9it\u00e9 - Bagues de retenue - Coussinets - Caplugs - Cales de support - Clefs en barre","description":"Des composants essentiel pour l&#039;industrie - \u00c9tanch\u00e9it\u00e9 - R\u00e9tention\u00a0- Roulement - Protection - Alignement","publisher":{"@id":"https:\/\/daemar.com\/fr\/#organization"},"potentialAction":[{"@type":"SearchAction","target":{"@type":"EntryPoint","urlTemplate":"https:\/\/daemar.com\/fr\/?s={search_term_string}"},"query-input":{"@type":"PropertyValueSpecification","valueRequired":true,"valueName":"search_term_string"}}],"inLanguage":"en-US"},{"@type":"Organization","@id":"https:\/\/daemar.com\/fr\/#organization","name":"Daemar Inc \u2014 Joints Toriques - \u00c9tanch\u00e9it\u00e9 - Bagues de retenue - Coussinets - Caplugs - Cales de support - Clefs en barre","url":"https:\/\/daemar.com\/fr\/","logo":{"@type":"ImageObject","inLanguage":"en-US","@id":"https:\/\/daemar.com\/fr\/#\/schema\/logo\/image\/","url":"https:\/\/daemar.com\/fr\/wp-content\/uploads\/sites\/3\/2018\/12\/DAEMAR-LOGO-1000.jpg","contentUrl":"https:\/\/daemar.com\/fr\/wp-content\/uploads\/sites\/3\/2018\/12\/DAEMAR-LOGO-1000.jpg","width":1000,"height":901,"caption":"Daemar Inc \u2014 Joints Toriques - \u00c9tanch\u00e9it\u00e9 - Bagues de retenue - Coussinets - Caplugs - Cales de support - Clefs en barre"},"image":{"@id":"https:\/\/daemar.com\/fr\/#\/schema\/logo\/image\/"}}]}},"_links":{"self":[{"href":"https:\/\/daemar.com\/fr\/wp-json\/wp\/v2\/pages\/209","targetHints":{"allow":["GET"]}}],"collection":[{"href":"https:\/\/daemar.com\/fr\/wp-json\/wp\/v2\/pages"}],"about":[{"href":"https:\/\/daemar.com\/fr\/wp-json\/wp\/v2\/types\/page"}],"author":[{"embeddable":true,"href":"https:\/\/daemar.com\/fr\/wp-json\/wp\/v2\/users\/1"}],"replies":[{"embeddable":true,"href":"https:\/\/daemar.com\/fr\/wp-json\/wp\/v2\/comments?post=209"}],"version-history":[{"count":0,"href":"https:\/\/daemar.com\/fr\/wp-json\/wp\/v2\/pages\/209\/revisions"}],"wp:featuredmedia":[{"embeddable":true,"href":"https:\/\/daemar.com\/fr\/wp-json\/wp\/v2\/media\/10846"}],"wp:attachment":[{"href":"https:\/\/daemar.com\/fr\/wp-json\/wp\/v2\/media?parent=209"}],"curies":[{"name":"wp","href":"https:\/\/api.w.org\/{rel}","templated":true}]}}