{"id":11540,"date":"2026-04-22T17:42:08","date_gmt":"2026-04-22T21:42:08","guid":{"rendered":"https:\/\/daemar.com\/fr\/?page_id=11540"},"modified":"2026-04-22T17:42:08","modified_gmt":"2026-04-22T21:42:08","slug":"joints-darbre-rotatif","status":"publish","type":"page","link":"https:\/\/daemar.com\/fr\/garlock\/joints-darbre-rotatif\/","title":{"rendered":"Joints d&#8217;arbre rotatif"},"content":{"rendered":"<p><a href=\"https:\/\/daemar.com\/fr\/\">Accueil<\/a> &gt;&gt; <a href=\"https:\/\/daemar.com\/fr\/seal.html\">\u00c9tanch\u00e9it\u00e9<\/a> &gt;&gt; <a href=\"https:\/\/daemar.com\/fr\/garlock\/\">Garlock<\/a> &gt;&gt; Joints d&#8217;arbre rotatif<\/p>\n<div class=\"row-fluid\">\n<div class=\"rhcol span8\">\n<h2>Joints d&#8217;arbre rotatif<\/h2>\n<\/div>\n<div class=\"rhcol span4\">\n<div class=\"toggle-box\"><h3 class=\"toggle-title sws_toggle1\">Ressources techniques<\/h3><div class=\"toggle-content\"><\/p>\n<ul>\n<li><a href=\"https:\/\/daemar.com\/wp-content\/uploads\/2026\/02\/garlock_eng-2gl_at_a_glance_en-na.pdf\" target=\"_blank\" rel=\"noopener\">Garlock en un coup d\u2019\u0153il<\/a><\/li>\n<li><a href=\"https:\/\/www.garlock.com\/resources\/training\" target=\"_blank\" rel=\"noopener\">Formation Garlock<\/a><\/li>\n<li><a href=\"https:\/\/www.garlock.com\/resources\/videos\" target=\"_blank\" rel=\"noopener noreferrer\">Vid\u00e9os de Garlock<\/a><\/li>\n<li><a href=\"https:\/\/www.garlock.com\/resources\/case-studies\" target=\"_blank\" rel=\"noopener\">\u00c9tudes de cas Garlock<\/a><\/li>\n<li><a href=\"https:\/\/www.garlock.com\/resources\/frequently-asked-questions\" target=\"_blank\" rel=\"noopener\">FAQ Garlock<\/a><\/li>\n<li><a href=\"https:\/\/www.garlock.com\/resources\/technical-articles\" target=\"_blank\" rel=\"noopener\">Articles techniques Garlock<\/a><\/li>\n<\/ul>\n<p><\/div><\/div>\n<\/div>\n<\/div>\n<hr style=\"border: 1px solid #cecece;\" \/>\n<div class=\"row-fluid\">\n<div class=\"rhcol span3\">\n<p><a href=\"https:\/\/daemar.com\/wp-content\/uploads\/2026\/03\/garlock_klz_2-101_ps-seal_brochure_en-na.pdf\" target=\"_blank\" rel=\"noopener\"><img loading=\"lazy\" decoding=\"async\" class=\"alignnone wp-image-12575 size-full\" src=\"https:\/\/daemar.com\/wp-content\/uploads\/2026\/02\/image-2.jpeg\" alt=\"\" width=\"200\" height=\"150\" \/><\/a><\/p>\n<h4><a href=\"https:\/\/daemar.com\/wp-content\/uploads\/2026\/03\/garlock_klz_2-101_ps-seal_brochure_en-na.pdf\" target=\"_blank\" rel=\"noopener\">Joints d&#8217;arbre rotatif<\/a><\/h4>\n<p>PS-SEAL\u00ae pour une \u00e9tanch\u00e9it\u00e9 fiable des arbres rotatifs \u00e0 vitesse circonf\u00e9rentielle \u00e9lev\u00e9e, haute pression et temp\u00e9ratures extr\u00eames.<\/p>\n<\/div>\n<div class=\"rhcol span3\">\n<p>&nbsp;<\/p>\n<\/div>\n<div class=\"rhcol span3\">\n<div class=\"tb-herobanner-button-container\"><\/div>\n<\/div>\n<div class=\"rhcol span3\">\n<div class=\"tb-herobanner-button-container\"><\/div>\n<\/div>\n<\/div>\n<p>&nbsp;<\/p>\n","protected":false},"excerpt":{"rendered":"<p>Accueil &gt;&gt; \u00c9tanch\u00e9it\u00e9 &gt;&gt; Garlock &gt;&gt; Joints d&#8217;arbre rotatif Joints d&#8217;arbre rotatif Joints d&#8217;arbre rotatif PS-SEAL\u00ae pour une \u00e9tanch\u00e9it\u00e9 fiable des arbres rotatifs \u00e0 vitesse [&hellip;]<\/p>\n","protected":false},"author":13,"featured_media":11521,"parent":11519,"menu_order":0,"comment_status":"closed","ping_status":"closed","template":"","meta":{"site-sidebar-layout":"default","site-content-layout":"","ast-site-content-layout":"default","site-content-style":"default","site-sidebar-style":"default","ast-global-header-display":"","ast-banner-title-visibility":"","ast-main-header-display":"","ast-hfb-above-header-display":"","ast-hfb-below-header-display":"","ast-hfb-mobile-header-display":"","site-post-title":"","ast-breadcrumbs-content":"","ast-featured-img":"","footer-sml-layout":"","ast-disable-related-posts":"","theme-transparent-header-meta":"default","adv-header-id-meta":"","stick-header-meta":"default","header-above-stick-meta":"","header-main-stick-meta":"","header-below-stick-meta":"","astra-migrate-meta-layouts":"set","ast-page-background-enabled":"default","ast-page-background-meta":{"desktop":{"background-color":"","background-image":"","background-repeat":"repeat","background-position":"center center","background-size":"auto","background-attachment":"scroll","background-type":"","background-media":"","overlay-type":"","overlay-color":"","overlay-opacity":"","overlay-gradient":""},"tablet":{"background-color":"","background-image":"","background-repeat":"repeat","background-position":"center center","background-size":"auto","background-attachment":"scroll","background-type":"","background-media":"","overlay-type":"","overlay-color":"","overlay-opacity":"","overlay-gradient":""},"mobile":{"background-color":"","background-image":"","background-repeat":"repeat","background-position":"center center","background-size":"auto","background-attachment":"scroll","background-type":"","background-media":"","overlay-type":"","overlay-color":"","overlay-opacity":"","overlay-gradient":""}},"ast-content-background-meta":{"desktop":{"background-color":"var(--ast-global-color-5)","background-image":"","background-repeat":"repeat","background-position":"center center","background-size":"auto","background-attachment":"scroll","background-type":"","background-media":"","overlay-type":"","overlay-color":"","overlay-opacity":"","overlay-gradient":""},"tablet":{"background-color":"var(--ast-global-color-5)","background-image":"","background-repeat":"repeat","background-position":"center center","background-size":"auto","background-attachment":"scroll","background-type":"","background-media":"","overlay-type":"","overlay-color":"","overlay-opacity":"","overlay-gradient":""},"mobile":{"background-color":"var(--ast-global-color-5)","background-image":"","background-repeat":"repeat","background-position":"center center","background-size":"auto","background-attachment":"scroll","background-type":"","background-media":"","overlay-type":"","overlay-color":"","overlay-opacity":"","overlay-gradient":""}},"footnotes":""},"class_list":["post-11540","page","type-page","status-publish","has-post-thumbnail","hentry"],"yoast_head":"<!-- This site is optimized with the Yoast SEO plugin v27.5 - https:\/\/yoast.com\/product\/yoast-seo-wordpress\/ -->\n<title>Joints d&#039;arbre rotatif - Daemar Inc \u2014 Joints Toriques - \u00c9tanch\u00e9it\u00e9 - Bagues de retenue - Coussinets - Caplugs - Cales de support - Clefs en barre<\/title>\n<meta name=\"robots\" content=\"index, follow, max-snippet:-1, max-image-preview:large, max-video-preview:-1\" \/>\n<link rel=\"canonical\" href=\"https:\/\/daemar.com\/fr\/garlock\/joints-darbre-rotatif\/\" \/>\n<meta property=\"og:locale\" content=\"en_US\" \/>\n<meta property=\"og:type\" content=\"article\" \/>\n<meta property=\"og:title\" content=\"Joints d&#039;arbre rotatif - Daemar Inc \u2014 Joints Toriques - \u00c9tanch\u00e9it\u00e9 - Bagues de retenue - Coussinets - Caplugs - Cales de support - Clefs en barre\" \/>\n<meta property=\"og:description\" content=\"Accueil &gt;&gt; \u00c9tanch\u00e9it\u00e9 &gt;&gt; Garlock &gt;&gt; Joints d&#8217;arbre rotatif Joints d&#8217;arbre rotatif Joints d&#8217;arbre rotatif PS-SEAL\u00ae pour une \u00e9tanch\u00e9it\u00e9 fiable des arbres rotatifs \u00e0 vitesse [&hellip;]\" \/>\n<meta property=\"og:url\" content=\"https:\/\/daemar.com\/fr\/garlock\/joints-darbre-rotatif\/\" \/>\n<meta property=\"og:site_name\" content=\"Daemar Inc \u2014 Joints Toriques - \u00c9tanch\u00e9it\u00e9 - Bagues de retenue - Coussinets - Caplugs - Cales de support - Clefs en barre\" \/>\n<meta property=\"og:image\" content=\"https:\/\/daemar.com\/fr\/wp-content\/uploads\/sites\/3\/2026\/03\/Garlock_Enpro_Tagline_CMYK_color-768x259-1.jpg\" \/>\n\t<meta property=\"og:image:width\" content=\"768\" \/>\n\t<meta property=\"og:image:height\" content=\"259\" \/>\n\t<meta property=\"og:image:type\" content=\"image\/jpeg\" \/>\n<meta name=\"twitter:card\" content=\"summary_large_image\" \/>\n<meta name=\"twitter:label1\" content=\"Est. reading time\" \/>\n\t<meta name=\"twitter:data1\" content=\"1 minute\" \/>\n<script type=\"application\/ld+json\" class=\"yoast-schema-graph\">{\"@context\":\"https:\\\/\\\/schema.org\",\"@graph\":[{\"@type\":\"WebPage\",\"@id\":\"https:\\\/\\\/daemar.com\\\/fr\\\/garlock\\\/joints-darbre-rotatif\\\/\",\"url\":\"https:\\\/\\\/daemar.com\\\/fr\\\/garlock\\\/joints-darbre-rotatif\\\/\",\"name\":\"Joints d'arbre rotatif - Daemar Inc \u2014 Joints Toriques - \u00c9tanch\u00e9it\u00e9 - Bagues de retenue - Coussinets - Caplugs - Cales de support - Clefs en barre\",\"isPartOf\":{\"@id\":\"https:\\\/\\\/daemar.com\\\/fr\\\/#website\"},\"primaryImageOfPage\":{\"@id\":\"https:\\\/\\\/daemar.com\\\/fr\\\/garlock\\\/joints-darbre-rotatif\\\/#primaryimage\"},\"image\":{\"@id\":\"https:\\\/\\\/daemar.com\\\/fr\\\/garlock\\\/joints-darbre-rotatif\\\/#primaryimage\"},\"thumbnailUrl\":\"https:\\\/\\\/daemar.com\\\/fr\\\/wp-content\\\/uploads\\\/sites\\\/3\\\/2026\\\/03\\\/Garlock_Enpro_Tagline_CMYK_color-768x259-1.jpg\",\"datePublished\":\"2026-04-22T21:42:08+00:00\",\"breadcrumb\":{\"@id\":\"https:\\\/\\\/daemar.com\\\/fr\\\/garlock\\\/joints-darbre-rotatif\\\/#breadcrumb\"},\"inLanguage\":\"en-US\",\"potentialAction\":[{\"@type\":\"ReadAction\",\"target\":[\"https:\\\/\\\/daemar.com\\\/fr\\\/garlock\\\/joints-darbre-rotatif\\\/\"]}]},{\"@type\":\"ImageObject\",\"inLanguage\":\"en-US\",\"@id\":\"https:\\\/\\\/daemar.com\\\/fr\\\/garlock\\\/joints-darbre-rotatif\\\/#primaryimage\",\"url\":\"https:\\\/\\\/daemar.com\\\/fr\\\/wp-content\\\/uploads\\\/sites\\\/3\\\/2026\\\/03\\\/Garlock_Enpro_Tagline_CMYK_color-768x259-1.jpg\",\"contentUrl\":\"https:\\\/\\\/daemar.com\\\/fr\\\/wp-content\\\/uploads\\\/sites\\\/3\\\/2026\\\/03\\\/Garlock_Enpro_Tagline_CMYK_color-768x259-1.jpg\",\"width\":768,\"height\":259},{\"@type\":\"BreadcrumbList\",\"@id\":\"https:\\\/\\\/daemar.com\\\/fr\\\/garlock\\\/joints-darbre-rotatif\\\/#breadcrumb\",\"itemListElement\":[{\"@type\":\"ListItem\",\"position\":1,\"name\":\"Home\",\"item\":\"https:\\\/\\\/daemar.com\\\/fr\\\/\"},{\"@type\":\"ListItem\",\"position\":2,\"name\":\"Garlock\",\"item\":\"https:\\\/\\\/daemar.com\\\/fr\\\/garlock\\\/\"},{\"@type\":\"ListItem\",\"position\":3,\"name\":\"Joints d&#8217;arbre rotatif\"}]},{\"@type\":\"WebSite\",\"@id\":\"https:\\\/\\\/daemar.com\\\/fr\\\/#website\",\"url\":\"https:\\\/\\\/daemar.com\\\/fr\\\/\",\"name\":\"Daemar Inc \u2014 Joints Toriques - \u00c9tanch\u00e9it\u00e9 - Bagues de retenue - Coussinets - Caplugs - Cales de support - Clefs en barre\",\"description\":\"Des composants essentiel pour l&#039;industrie - \u00c9tanch\u00e9it\u00e9 - R\u00e9tention\u00a0- Roulement - Protection - Alignement\",\"publisher\":{\"@id\":\"https:\\\/\\\/daemar.com\\\/fr\\\/#organization\"},\"potentialAction\":[{\"@type\":\"SearchAction\",\"target\":{\"@type\":\"EntryPoint\",\"urlTemplate\":\"https:\\\/\\\/daemar.com\\\/fr\\\/?s={search_term_string}\"},\"query-input\":{\"@type\":\"PropertyValueSpecification\",\"valueRequired\":true,\"valueName\":\"search_term_string\"}}],\"inLanguage\":\"en-US\"},{\"@type\":\"Organization\",\"@id\":\"https:\\\/\\\/daemar.com\\\/fr\\\/#organization\",\"name\":\"Daemar Inc \u2014 Joints Toriques - \u00c9tanch\u00e9it\u00e9 - Bagues de retenue - Coussinets - Caplugs - Cales de support - Clefs en barre\",\"url\":\"https:\\\/\\\/daemar.com\\\/fr\\\/\",\"logo\":{\"@type\":\"ImageObject\",\"inLanguage\":\"en-US\",\"@id\":\"https:\\\/\\\/daemar.com\\\/fr\\\/#\\\/schema\\\/logo\\\/image\\\/\",\"url\":\"https:\\\/\\\/daemar.com\\\/fr\\\/wp-content\\\/uploads\\\/sites\\\/3\\\/2018\\\/12\\\/DAEMAR-LOGO-1000.jpg\",\"contentUrl\":\"https:\\\/\\\/daemar.com\\\/fr\\\/wp-content\\\/uploads\\\/sites\\\/3\\\/2018\\\/12\\\/DAEMAR-LOGO-1000.jpg\",\"width\":1000,\"height\":901,\"caption\":\"Daemar Inc \u2014 Joints Toriques - \u00c9tanch\u00e9it\u00e9 - Bagues de retenue - Coussinets - Caplugs - Cales de support - Clefs en barre\"},\"image\":{\"@id\":\"https:\\\/\\\/daemar.com\\\/fr\\\/#\\\/schema\\\/logo\\\/image\\\/\"}}]}<\/script>\n<!-- \/ Yoast SEO plugin. -->","yoast_head_json":{"title":"Joints d'arbre rotatif - Daemar Inc \u2014 Joints Toriques - \u00c9tanch\u00e9it\u00e9 - Bagues de retenue - Coussinets - Caplugs - Cales de support - Clefs en barre","robots":{"index":"index","follow":"follow","max-snippet":"max-snippet:-1","max-image-preview":"max-image-preview:large","max-video-preview":"max-video-preview:-1"},"canonical":"https:\/\/daemar.com\/fr\/garlock\/joints-darbre-rotatif\/","og_locale":"en_US","og_type":"article","og_title":"Joints d'arbre rotatif - Daemar Inc \u2014 Joints Toriques - \u00c9tanch\u00e9it\u00e9 - Bagues de retenue - Coussinets - Caplugs - Cales de support - Clefs en barre","og_description":"Accueil &gt;&gt; \u00c9tanch\u00e9it\u00e9 &gt;&gt; Garlock &gt;&gt; Joints d&#8217;arbre rotatif Joints d&#8217;arbre rotatif Joints d&#8217;arbre rotatif PS-SEAL\u00ae pour une \u00e9tanch\u00e9it\u00e9 fiable des arbres rotatifs \u00e0 vitesse [&hellip;]","og_url":"https:\/\/daemar.com\/fr\/garlock\/joints-darbre-rotatif\/","og_site_name":"Daemar Inc \u2014 Joints Toriques - \u00c9tanch\u00e9it\u00e9 - Bagues de retenue - Coussinets - Caplugs - Cales de support - Clefs en barre","og_image":[{"width":768,"height":259,"url":"https:\/\/daemar.com\/fr\/wp-content\/uploads\/sites\/3\/2026\/03\/Garlock_Enpro_Tagline_CMYK_color-768x259-1.jpg","type":"image\/jpeg"}],"twitter_card":"summary_large_image","twitter_misc":{"Est. reading time":"1 minute"},"schema":{"@context":"https:\/\/schema.org","@graph":[{"@type":"WebPage","@id":"https:\/\/daemar.com\/fr\/garlock\/joints-darbre-rotatif\/","url":"https:\/\/daemar.com\/fr\/garlock\/joints-darbre-rotatif\/","name":"Joints d'arbre rotatif - Daemar Inc \u2014 Joints Toriques - \u00c9tanch\u00e9it\u00e9 - Bagues de retenue - Coussinets - Caplugs - Cales de support - Clefs en barre","isPartOf":{"@id":"https:\/\/daemar.com\/fr\/#website"},"primaryImageOfPage":{"@id":"https:\/\/daemar.com\/fr\/garlock\/joints-darbre-rotatif\/#primaryimage"},"image":{"@id":"https:\/\/daemar.com\/fr\/garlock\/joints-darbre-rotatif\/#primaryimage"},"thumbnailUrl":"https:\/\/daemar.com\/fr\/wp-content\/uploads\/sites\/3\/2026\/03\/Garlock_Enpro_Tagline_CMYK_color-768x259-1.jpg","datePublished":"2026-04-22T21:42:08+00:00","breadcrumb":{"@id":"https:\/\/daemar.com\/fr\/garlock\/joints-darbre-rotatif\/#breadcrumb"},"inLanguage":"en-US","potentialAction":[{"@type":"ReadAction","target":["https:\/\/daemar.com\/fr\/garlock\/joints-darbre-rotatif\/"]}]},{"@type":"ImageObject","inLanguage":"en-US","@id":"https:\/\/daemar.com\/fr\/garlock\/joints-darbre-rotatif\/#primaryimage","url":"https:\/\/daemar.com\/fr\/wp-content\/uploads\/sites\/3\/2026\/03\/Garlock_Enpro_Tagline_CMYK_color-768x259-1.jpg","contentUrl":"https:\/\/daemar.com\/fr\/wp-content\/uploads\/sites\/3\/2026\/03\/Garlock_Enpro_Tagline_CMYK_color-768x259-1.jpg","width":768,"height":259},{"@type":"BreadcrumbList","@id":"https:\/\/daemar.com\/fr\/garlock\/joints-darbre-rotatif\/#breadcrumb","itemListElement":[{"@type":"ListItem","position":1,"name":"Home","item":"https:\/\/daemar.com\/fr\/"},{"@type":"ListItem","position":2,"name":"Garlock","item":"https:\/\/daemar.com\/fr\/garlock\/"},{"@type":"ListItem","position":3,"name":"Joints d&#8217;arbre rotatif"}]},{"@type":"WebSite","@id":"https:\/\/daemar.com\/fr\/#website","url":"https:\/\/daemar.com\/fr\/","name":"Daemar Inc \u2014 Joints Toriques - \u00c9tanch\u00e9it\u00e9 - Bagues de retenue - Coussinets - Caplugs - Cales de support - Clefs en barre","description":"Des composants essentiel pour l&#039;industrie - \u00c9tanch\u00e9it\u00e9 - R\u00e9tention\u00a0- Roulement - Protection - Alignement","publisher":{"@id":"https:\/\/daemar.com\/fr\/#organization"},"potentialAction":[{"@type":"SearchAction","target":{"@type":"EntryPoint","urlTemplate":"https:\/\/daemar.com\/fr\/?s={search_term_string}"},"query-input":{"@type":"PropertyValueSpecification","valueRequired":true,"valueName":"search_term_string"}}],"inLanguage":"en-US"},{"@type":"Organization","@id":"https:\/\/daemar.com\/fr\/#organization","name":"Daemar Inc \u2014 Joints Toriques - \u00c9tanch\u00e9it\u00e9 - Bagues de retenue - Coussinets - Caplugs - Cales de support - Clefs en barre","url":"https:\/\/daemar.com\/fr\/","logo":{"@type":"ImageObject","inLanguage":"en-US","@id":"https:\/\/daemar.com\/fr\/#\/schema\/logo\/image\/","url":"https:\/\/daemar.com\/fr\/wp-content\/uploads\/sites\/3\/2018\/12\/DAEMAR-LOGO-1000.jpg","contentUrl":"https:\/\/daemar.com\/fr\/wp-content\/uploads\/sites\/3\/2018\/12\/DAEMAR-LOGO-1000.jpg","width":1000,"height":901,"caption":"Daemar Inc \u2014 Joints Toriques - \u00c9tanch\u00e9it\u00e9 - Bagues de retenue - Coussinets - Caplugs - Cales de support - Clefs en barre"},"image":{"@id":"https:\/\/daemar.com\/fr\/#\/schema\/logo\/image\/"}}]}},"_links":{"self":[{"href":"https:\/\/daemar.com\/fr\/wp-json\/wp\/v2\/pages\/11540","targetHints":{"allow":["GET"]}}],"collection":[{"href":"https:\/\/daemar.com\/fr\/wp-json\/wp\/v2\/pages"}],"about":[{"href":"https:\/\/daemar.com\/fr\/wp-json\/wp\/v2\/types\/page"}],"author":[{"embeddable":true,"href":"https:\/\/daemar.com\/fr\/wp-json\/wp\/v2\/users\/13"}],"replies":[{"embeddable":true,"href":"https:\/\/daemar.com\/fr\/wp-json\/wp\/v2\/comments?post=11540"}],"version-history":[{"count":0,"href":"https:\/\/daemar.com\/fr\/wp-json\/wp\/v2\/pages\/11540\/revisions"}],"up":[{"embeddable":true,"href":"https:\/\/daemar.com\/fr\/wp-json\/wp\/v2\/pages\/11519"}],"wp:featuredmedia":[{"embeddable":true,"href":"https:\/\/daemar.com\/fr\/wp-json\/wp\/v2\/media\/11521"}],"wp:attachment":[{"href":"https:\/\/daemar.com\/fr\/wp-json\/wp\/v2\/media?parent=11540"}],"curies":[{"name":"wp","href":"https:\/\/api.w.org\/{rel}","templated":true}]}}