{"id":11529,"date":"2026-04-18T11:52:44","date_gmt":"2026-04-18T15:52:44","guid":{"rendered":"https:\/\/daemar.com\/fr\/?page_id=11529"},"modified":"2026-04-18T11:52:44","modified_gmt":"2026-04-18T15:52:44","slug":"joints-de-dilatation","status":"publish","type":"page","link":"https:\/\/daemar.com\/fr\/garlock\/joints-de-dilatation\/","title":{"rendered":"Joints de dilatation"},"content":{"rendered":"<p><a href=\"https:\/\/daemar.com\/fr\/\">Accueil<\/a> &gt;&gt; <a href=\"https:\/\/daemar.com\/fr\/seal.html\">\u00c9tanch\u00e9it\u00e9<\/a> &gt;&gt; <a href=\"https:\/\/daemar.com\/fr\/garlock\/\">Garlock<\/a> &gt;&gt; Joints de dilatation<\/p>\n<div class=\"row-fluid\">\n<div class=\"rhcol span8\">\n<h2>Joints de dilatation<\/h2>\n<p>Les joints de dilatation Garlock offrent des performances, une fiabilit\u00e9 et une dur\u00e9e de vie sup\u00e9rieures, ce qui se traduit par une s\u00e9curit\u00e9 am\u00e9lior\u00e9e de l&#8217;usine et une int\u00e9grit\u00e9 m\u00e9canique accrue de l&#8217;\u00e9quipement. En tant que produits sp\u00e9cialement con\u00e7us pour \u00eatre ins\u00e9r\u00e9s dans un syst\u00e8me de tuyauterie rigide, les joints de dilatation en caoutchouc Garlock:<\/p>\n<\/div>\n<div class=\"rhcol span4\">\n<div class=\"toggle-box\"><h3 class=\"toggle-title sws_toggle1\">Ressources techniques<\/h3><div class=\"toggle-content\"><\/p>\n<ul>\n<li><a href=\"https:\/\/daemar.com\/wp-content\/uploads\/2026\/02\/garlock_eng-2gl_at_a_glance_en-na.pdf\" target=\"_blank\" rel=\"noopener\">Garlock en un coup d\u2019\u0153il<\/a><\/li>\n<li><a href=\"https:\/\/www.garlock.com\/resources\/training\" target=\"_blank\" rel=\"noopener\">Formation Garlock<\/a><\/li>\n<li><a href=\"https:\/\/www.garlock.com\/resources\/videos\" target=\"_blank\" rel=\"noopener noreferrer\">Vid\u00e9os de Garlock<\/a><\/li>\n<li><a href=\"https:\/\/www.garlock.com\/resources\/case-studies\" target=\"_blank\" rel=\"noopener\">\u00c9tudes de cas Garlock<\/a><\/li>\n<li><a href=\"https:\/\/www.garlock.com\/resources\/frequently-asked-questions\" target=\"_blank\" rel=\"noopener\">FAQ Garlock<\/a><\/li>\n<li><a href=\"https:\/\/www.garlock.com\/resources\/technical-articles\" target=\"_blank\" rel=\"noopener\">Articles techniques Garlock<\/a><\/li>\n<\/ul>\n<p><\/div><\/div>\n<\/div>\n<\/div>\n<div class=\"row-fluid\">\n<div class=\"category__container\">\n<div class=\"category__content cm cat-cm\" ng-bind-html=\"vm.category.htmlContent|trusted\">\n<div class=\"category__container\">\n<div class=\"category__content cm cat-cm\" ng-bind-html=\"vm.category.htmlContent|trusted\">\n<div class=\"category__container\">\n<div class=\"category__content cm cat-cm\" ng-bind-html=\"vm.category.htmlContent|trusted\">\n<ul>\n<li>Absorber le mouvement<\/li>\n<li>Am\u00e9liorer la stabilit\u00e9 thermique<\/li>\n<li>Soulager les contraintes du syst\u00e8me dues aux changements thermiques, aux contraintes de charge, aux surtensions de pompage, \u00e0 l&#8217;usure des d\u00e9cantations<\/li>\n<li>R\u00e9duire le bruit m\u00e9canique<\/li>\n<li>Compenser le d\u00e9salignement<\/li>\n<li>\u00c9limine l&#8217;\u00e9lectrolyse entre des m\u00e9taux diff\u00e9rents<\/li>\n<\/ul>\n<p>Tous nos joints de dilatation poss\u00e8dent des indices de s\u00e9curit\u00e9 qui d\u00e9passent les sp\u00e9cifications du produit dans des domaines tels que la pression et le mouvement. Les compensateurs de dilatation non m\u00e9talliques et les raccords flexibles conviennent parfaitement \u00e0 une grande vari\u00e9t\u00e9 d\u2019industries. Des anneaux de retenue sont requis avec nos joints de dilatation, alors assurez-vous de consulter nos offres de tailles disponibles.<\/p>\n<\/div>\n<\/div>\n<\/div>\n<\/div>\n<\/div>\n<\/div>\n<\/div>\n<hr style=\"border: 1px solid #cecece;\" \/>\n<div class=\"row-fluid\">\n<div class=\"rhcol span3\">\n<p><a href=\"https:\/\/daemar.com\/wp-content\/uploads\/2026\/03\/garlock_expansionjoints_technical_manual_north_america.pdf\" target=\"_blank\" rel=\"noopener\"><img loading=\"lazy\" decoding=\"async\" class=\"alignnone wp-image-12612 size-full\" src=\"https:\/\/daemar.com\/wp-content\/uploads\/2026\/03\/ducting_low_pressure_category_small_200x150.jpg\" alt=\"\" width=\"200\" height=\"150\" \/><\/a><\/p>\n<h4><a href=\"https:\/\/daemar.com\/wp-content\/uploads\/2026\/03\/garlock_expansionjoints_technical_manual_north_america.pdf\" target=\"_blank\" rel=\"noopener\">Joints de dilatation pour conduits et basse pression<\/a><\/h4>\n<p>Joints de dilatation pour les applications de conduits, basse pression et aliment\u00e9es par gravit\u00e9.<\/p>\n<\/div>\n<div class=\"rhcol span3\">\n<p><a href=\"https:\/\/daemar.com\/wp-content\/uploads\/2026\/03\/garlock_ej_9-46_style_p2000_en-na.pdf\" target=\"_blank\" rel=\"noopener\"><img loading=\"lazy\" decoding=\"async\" class=\"alignnone wp-image-12613 size-full\" src=\"https:\/\/daemar.com\/wp-content\/uploads\/2026\/03\/image.jpeg\" alt=\"\" width=\"200\" height=\"150\" \/><\/a><\/p>\n<h4 id=\"tst_productList_subCategoryBlock_5df6b94d-c1ad-4b93-821b-ad97004a3982_descriptionLink\" class=\"category-card__title\"><a href=\"https:\/\/daemar.com\/wp-content\/uploads\/2026\/03\/garlock_ej_9-46_style_p2000_en-na.pdf\" target=\"_blank\" rel=\"noopener\">Joints de dilatation de tuyauterie<\/a><\/h4>\n<p>Joints de dilatation pour pressions plus \u00e9lev\u00e9es, vide et autres applications difficiles.<\/p>\n<\/div>\n<div class=\"rhcol span3\">\n<div class=\"tb-herobanner-button-container\">\n<p><a href=\"https:\/\/daemar.com\/wp-content\/uploads\/2026\/03\/garlock_expansionjoint_accessories_brochure.pdf\" target=\"_blank\" rel=\"noopener\"><img loading=\"lazy\" decoding=\"async\" class=\"alignnone wp-image-12614 size-full\" src=\"https:\/\/daemar.com\/wp-content\/uploads\/2026\/03\/expansion_joints_accessories_small_200x150.jpg\" alt=\"\" width=\"200\" height=\"150\" \/><\/a><\/p>\n<h4><a href=\"https:\/\/daemar.com\/wp-content\/uploads\/2026\/03\/garlock_expansionjoint_accessories_brochure.pdf\" target=\"_blank\" rel=\"noopener\">Accessoires pour joints de dilatation<\/a><\/h4>\n<p>Parcourez les anneaux de retenue, les rev\u00eatements de flux m\u00e9talliques et les unit\u00e9s de commande\/ensembles de biellettes de direction.<\/p>\n<\/div>\n<\/div>\n<div class=\"rhcol span3\">\n<p>&nbsp;<\/p>\n<\/div>\n<\/div>\n<p>&nbsp;<\/p>\n","protected":false},"excerpt":{"rendered":"<p>Accueil &gt;&gt; \u00c9tanch\u00e9it\u00e9 &gt;&gt; Garlock &gt;&gt; Joints de dilatation Joints de dilatation Les joints de dilatation Garlock offrent des performances, une fiabilit\u00e9 et une dur\u00e9e [&hellip;]<\/p>\n","protected":false},"author":13,"featured_media":11521,"parent":11519,"menu_order":0,"comment_status":"closed","ping_status":"closed","template":"","meta":{"site-sidebar-layout":"default","site-content-layout":"","ast-site-content-layout":"default","site-content-style":"default","site-sidebar-style":"default","ast-global-header-display":"","ast-banner-title-visibility":"","ast-main-header-display":"","ast-hfb-above-header-display":"","ast-hfb-below-header-display":"","ast-hfb-mobile-header-display":"","site-post-title":"","ast-breadcrumbs-content":"","ast-featured-img":"","footer-sml-layout":"","ast-disable-related-posts":"","theme-transparent-header-meta":"default","adv-header-id-meta":"","stick-header-meta":"default","header-above-stick-meta":"","header-main-stick-meta":"","header-below-stick-meta":"","astra-migrate-meta-layouts":"set","ast-page-background-enabled":"default","ast-page-background-meta":{"desktop":{"background-color":"","background-image":"","background-repeat":"repeat","background-position":"center center","background-size":"auto","background-attachment":"scroll","background-type":"","background-media":"","overlay-type":"","overlay-color":"","overlay-opacity":"","overlay-gradient":""},"tablet":{"background-color":"","background-image":"","background-repeat":"repeat","background-position":"center center","background-size":"auto","background-attachment":"scroll","background-type":"","background-media":"","overlay-type":"","overlay-color":"","overlay-opacity":"","overlay-gradient":""},"mobile":{"background-color":"","background-image":"","background-repeat":"repeat","background-position":"center center","background-size":"auto","background-attachment":"scroll","background-type":"","background-media":"","overlay-type":"","overlay-color":"","overlay-opacity":"","overlay-gradient":""}},"ast-content-background-meta":{"desktop":{"background-color":"var(--ast-global-color-5)","background-image":"","background-repeat":"repeat","background-position":"center center","background-size":"auto","background-attachment":"scroll","background-type":"","background-media":"","overlay-type":"","overlay-color":"","overlay-opacity":"","overlay-gradient":""},"tablet":{"background-color":"var(--ast-global-color-5)","background-image":"","background-repeat":"repeat","background-position":"center center","background-size":"auto","background-attachment":"scroll","background-type":"","background-media":"","overlay-type":"","overlay-color":"","overlay-opacity":"","overlay-gradient":""},"mobile":{"background-color":"var(--ast-global-color-5)","background-image":"","background-repeat":"repeat","background-position":"center center","background-size":"auto","background-attachment":"scroll","background-type":"","background-media":"","overlay-type":"","overlay-color":"","overlay-opacity":"","overlay-gradient":""}},"footnotes":""},"class_list":["post-11529","page","type-page","status-publish","has-post-thumbnail","hentry"],"yoast_head":"<!-- This site is optimized with the Yoast SEO plugin v27.2 - https:\/\/yoast.com\/product\/yoast-seo-wordpress\/ -->\n<title>Joints de dilatation - Daemar Inc \u2014 Joints Toriques - \u00c9tanch\u00e9it\u00e9 - Bagues de retenue - Coussinets - Caplugs - Cales de support - Clefs en barre<\/title>\n<meta name=\"robots\" content=\"index, follow, max-snippet:-1, max-image-preview:large, max-video-preview:-1\" \/>\n<link rel=\"canonical\" href=\"https:\/\/daemar.com\/fr\/garlock\/joints-de-dilatation\/\" \/>\n<meta property=\"og:locale\" content=\"en_US\" \/>\n<meta property=\"og:type\" content=\"article\" \/>\n<meta property=\"og:title\" content=\"Joints de dilatation - Daemar Inc \u2014 Joints Toriques - \u00c9tanch\u00e9it\u00e9 - Bagues de retenue - Coussinets - Caplugs - Cales de support - Clefs en barre\" \/>\n<meta property=\"og:description\" content=\"Accueil &gt;&gt; \u00c9tanch\u00e9it\u00e9 &gt;&gt; Garlock &gt;&gt; Joints de dilatation Joints de dilatation Les joints de dilatation Garlock offrent des performances, une fiabilit\u00e9 et une dur\u00e9e [&hellip;]\" \/>\n<meta property=\"og:url\" content=\"https:\/\/daemar.com\/fr\/garlock\/joints-de-dilatation\/\" \/>\n<meta property=\"og:site_name\" content=\"Daemar Inc \u2014 Joints Toriques - \u00c9tanch\u00e9it\u00e9 - Bagues de retenue - Coussinets - Caplugs - Cales de support - Clefs en barre\" \/>\n<meta property=\"og:image\" content=\"https:\/\/daemar.com\/fr\/wp-content\/uploads\/sites\/3\/2026\/03\/Garlock_Enpro_Tagline_CMYK_color-768x259-1.jpg\" \/>\n\t<meta property=\"og:image:width\" content=\"768\" \/>\n\t<meta property=\"og:image:height\" content=\"259\" \/>\n\t<meta property=\"og:image:type\" content=\"image\/jpeg\" \/>\n<meta name=\"twitter:card\" content=\"summary_large_image\" \/>\n<meta name=\"twitter:label1\" content=\"Est. reading time\" \/>\n\t<meta name=\"twitter:data1\" content=\"2 minutes\" \/>\n<script type=\"application\/ld+json\" class=\"yoast-schema-graph\">{\"@context\":\"https:\/\/schema.org\",\"@graph\":[{\"@type\":\"WebPage\",\"@id\":\"https:\/\/daemar.com\/fr\/garlock\/joints-de-dilatation\/\",\"url\":\"https:\/\/daemar.com\/fr\/garlock\/joints-de-dilatation\/\",\"name\":\"Joints de dilatation - Daemar Inc \u2014 Joints Toriques - \u00c9tanch\u00e9it\u00e9 - Bagues de retenue - Coussinets - Caplugs - Cales de support - Clefs en barre\",\"isPartOf\":{\"@id\":\"https:\/\/daemar.com\/fr\/#website\"},\"primaryImageOfPage\":{\"@id\":\"https:\/\/daemar.com\/fr\/garlock\/joints-de-dilatation\/#primaryimage\"},\"image\":{\"@id\":\"https:\/\/daemar.com\/fr\/garlock\/joints-de-dilatation\/#primaryimage\"},\"thumbnailUrl\":\"https:\/\/daemar.com\/fr\/wp-content\/uploads\/sites\/3\/2026\/03\/Garlock_Enpro_Tagline_CMYK_color-768x259-1.jpg\",\"datePublished\":\"2026-04-18T15:52:44+00:00\",\"breadcrumb\":{\"@id\":\"https:\/\/daemar.com\/fr\/garlock\/joints-de-dilatation\/#breadcrumb\"},\"inLanguage\":\"en-US\",\"potentialAction\":[{\"@type\":\"ReadAction\",\"target\":[\"https:\/\/daemar.com\/fr\/garlock\/joints-de-dilatation\/\"]}]},{\"@type\":\"ImageObject\",\"inLanguage\":\"en-US\",\"@id\":\"https:\/\/daemar.com\/fr\/garlock\/joints-de-dilatation\/#primaryimage\",\"url\":\"https:\/\/daemar.com\/fr\/wp-content\/uploads\/sites\/3\/2026\/03\/Garlock_Enpro_Tagline_CMYK_color-768x259-1.jpg\",\"contentUrl\":\"https:\/\/daemar.com\/fr\/wp-content\/uploads\/sites\/3\/2026\/03\/Garlock_Enpro_Tagline_CMYK_color-768x259-1.jpg\",\"width\":768,\"height\":259},{\"@type\":\"BreadcrumbList\",\"@id\":\"https:\/\/daemar.com\/fr\/garlock\/joints-de-dilatation\/#breadcrumb\",\"itemListElement\":[{\"@type\":\"ListItem\",\"position\":1,\"name\":\"Home\",\"item\":\"https:\/\/daemar.com\/fr\/\"},{\"@type\":\"ListItem\",\"position\":2,\"name\":\"Garlock\",\"item\":\"https:\/\/daemar.com\/fr\/garlock\/\"},{\"@type\":\"ListItem\",\"position\":3,\"name\":\"Joints de dilatation\"}]},{\"@type\":\"WebSite\",\"@id\":\"https:\/\/daemar.com\/fr\/#website\",\"url\":\"https:\/\/daemar.com\/fr\/\",\"name\":\"Daemar Inc \u2014 Joints Toriques - \u00c9tanch\u00e9it\u00e9 - Bagues de retenue - Coussinets - Caplugs - Cales de support - Clefs en barre\",\"description\":\"Des composants essentiel pour l&#039;industrie - \u00c9tanch\u00e9it\u00e9 - R\u00e9tention\u00a0- Roulement - Protection - Alignement\",\"publisher\":{\"@id\":\"https:\/\/daemar.com\/fr\/#organization\"},\"potentialAction\":[{\"@type\":\"SearchAction\",\"target\":{\"@type\":\"EntryPoint\",\"urlTemplate\":\"https:\/\/daemar.com\/fr\/?s={search_term_string}\"},\"query-input\":{\"@type\":\"PropertyValueSpecification\",\"valueRequired\":true,\"valueName\":\"search_term_string\"}}],\"inLanguage\":\"en-US\"},{\"@type\":\"Organization\",\"@id\":\"https:\/\/daemar.com\/fr\/#organization\",\"name\":\"Daemar Inc \u2014 Joints Toriques - \u00c9tanch\u00e9it\u00e9 - Bagues de retenue - Coussinets - Caplugs - Cales de support - Clefs en barre\",\"url\":\"https:\/\/daemar.com\/fr\/\",\"logo\":{\"@type\":\"ImageObject\",\"inLanguage\":\"en-US\",\"@id\":\"https:\/\/daemar.com\/fr\/#\/schema\/logo\/image\/\",\"url\":\"https:\/\/daemar.com\/fr\/wp-content\/uploads\/sites\/3\/2018\/12\/DAEMAR-LOGO-1000.jpg\",\"contentUrl\":\"https:\/\/daemar.com\/fr\/wp-content\/uploads\/sites\/3\/2018\/12\/DAEMAR-LOGO-1000.jpg\",\"width\":1000,\"height\":901,\"caption\":\"Daemar Inc \u2014 Joints Toriques - \u00c9tanch\u00e9it\u00e9 - Bagues de retenue - Coussinets - Caplugs - Cales de support - Clefs en barre\"},\"image\":{\"@id\":\"https:\/\/daemar.com\/fr\/#\/schema\/logo\/image\/\"}}]}<\/script>\n<!-- \/ Yoast SEO plugin. -->","yoast_head_json":{"title":"Joints de dilatation - Daemar Inc \u2014 Joints Toriques - \u00c9tanch\u00e9it\u00e9 - Bagues de retenue - Coussinets - Caplugs - Cales de support - Clefs en barre","robots":{"index":"index","follow":"follow","max-snippet":"max-snippet:-1","max-image-preview":"max-image-preview:large","max-video-preview":"max-video-preview:-1"},"canonical":"https:\/\/daemar.com\/fr\/garlock\/joints-de-dilatation\/","og_locale":"en_US","og_type":"article","og_title":"Joints de dilatation - Daemar Inc \u2014 Joints Toriques - \u00c9tanch\u00e9it\u00e9 - Bagues de retenue - Coussinets - Caplugs - Cales de support - Clefs en barre","og_description":"Accueil &gt;&gt; \u00c9tanch\u00e9it\u00e9 &gt;&gt; Garlock &gt;&gt; Joints de dilatation Joints de dilatation Les joints de dilatation Garlock offrent des performances, une fiabilit\u00e9 et une dur\u00e9e [&hellip;]","og_url":"https:\/\/daemar.com\/fr\/garlock\/joints-de-dilatation\/","og_site_name":"Daemar Inc \u2014 Joints Toriques - \u00c9tanch\u00e9it\u00e9 - Bagues de retenue - Coussinets - Caplugs - Cales de support - Clefs en barre","og_image":[{"width":768,"height":259,"url":"https:\/\/daemar.com\/fr\/wp-content\/uploads\/sites\/3\/2026\/03\/Garlock_Enpro_Tagline_CMYK_color-768x259-1.jpg","type":"image\/jpeg"}],"twitter_card":"summary_large_image","twitter_misc":{"Est. reading time":"2 minutes"},"schema":{"@context":"https:\/\/schema.org","@graph":[{"@type":"WebPage","@id":"https:\/\/daemar.com\/fr\/garlock\/joints-de-dilatation\/","url":"https:\/\/daemar.com\/fr\/garlock\/joints-de-dilatation\/","name":"Joints de dilatation - Daemar Inc \u2014 Joints Toriques - \u00c9tanch\u00e9it\u00e9 - Bagues de retenue - Coussinets - Caplugs - Cales de support - Clefs en barre","isPartOf":{"@id":"https:\/\/daemar.com\/fr\/#website"},"primaryImageOfPage":{"@id":"https:\/\/daemar.com\/fr\/garlock\/joints-de-dilatation\/#primaryimage"},"image":{"@id":"https:\/\/daemar.com\/fr\/garlock\/joints-de-dilatation\/#primaryimage"},"thumbnailUrl":"https:\/\/daemar.com\/fr\/wp-content\/uploads\/sites\/3\/2026\/03\/Garlock_Enpro_Tagline_CMYK_color-768x259-1.jpg","datePublished":"2026-04-18T15:52:44+00:00","breadcrumb":{"@id":"https:\/\/daemar.com\/fr\/garlock\/joints-de-dilatation\/#breadcrumb"},"inLanguage":"en-US","potentialAction":[{"@type":"ReadAction","target":["https:\/\/daemar.com\/fr\/garlock\/joints-de-dilatation\/"]}]},{"@type":"ImageObject","inLanguage":"en-US","@id":"https:\/\/daemar.com\/fr\/garlock\/joints-de-dilatation\/#primaryimage","url":"https:\/\/daemar.com\/fr\/wp-content\/uploads\/sites\/3\/2026\/03\/Garlock_Enpro_Tagline_CMYK_color-768x259-1.jpg","contentUrl":"https:\/\/daemar.com\/fr\/wp-content\/uploads\/sites\/3\/2026\/03\/Garlock_Enpro_Tagline_CMYK_color-768x259-1.jpg","width":768,"height":259},{"@type":"BreadcrumbList","@id":"https:\/\/daemar.com\/fr\/garlock\/joints-de-dilatation\/#breadcrumb","itemListElement":[{"@type":"ListItem","position":1,"name":"Home","item":"https:\/\/daemar.com\/fr\/"},{"@type":"ListItem","position":2,"name":"Garlock","item":"https:\/\/daemar.com\/fr\/garlock\/"},{"@type":"ListItem","position":3,"name":"Joints de dilatation"}]},{"@type":"WebSite","@id":"https:\/\/daemar.com\/fr\/#website","url":"https:\/\/daemar.com\/fr\/","name":"Daemar Inc \u2014 Joints Toriques - \u00c9tanch\u00e9it\u00e9 - Bagues de retenue - Coussinets - Caplugs - Cales de support - Clefs en barre","description":"Des composants essentiel pour l&#039;industrie - \u00c9tanch\u00e9it\u00e9 - R\u00e9tention\u00a0- Roulement - Protection - Alignement","publisher":{"@id":"https:\/\/daemar.com\/fr\/#organization"},"potentialAction":[{"@type":"SearchAction","target":{"@type":"EntryPoint","urlTemplate":"https:\/\/daemar.com\/fr\/?s={search_term_string}"},"query-input":{"@type":"PropertyValueSpecification","valueRequired":true,"valueName":"search_term_string"}}],"inLanguage":"en-US"},{"@type":"Organization","@id":"https:\/\/daemar.com\/fr\/#organization","name":"Daemar Inc \u2014 Joints Toriques - \u00c9tanch\u00e9it\u00e9 - Bagues de retenue - Coussinets - Caplugs - Cales de support - Clefs en barre","url":"https:\/\/daemar.com\/fr\/","logo":{"@type":"ImageObject","inLanguage":"en-US","@id":"https:\/\/daemar.com\/fr\/#\/schema\/logo\/image\/","url":"https:\/\/daemar.com\/fr\/wp-content\/uploads\/sites\/3\/2018\/12\/DAEMAR-LOGO-1000.jpg","contentUrl":"https:\/\/daemar.com\/fr\/wp-content\/uploads\/sites\/3\/2018\/12\/DAEMAR-LOGO-1000.jpg","width":1000,"height":901,"caption":"Daemar Inc \u2014 Joints Toriques - \u00c9tanch\u00e9it\u00e9 - Bagues de retenue - Coussinets - Caplugs - Cales de support - Clefs en barre"},"image":{"@id":"https:\/\/daemar.com\/fr\/#\/schema\/logo\/image\/"}}]}},"_links":{"self":[{"href":"https:\/\/daemar.com\/fr\/wp-json\/wp\/v2\/pages\/11529","targetHints":{"allow":["GET"]}}],"collection":[{"href":"https:\/\/daemar.com\/fr\/wp-json\/wp\/v2\/pages"}],"about":[{"href":"https:\/\/daemar.com\/fr\/wp-json\/wp\/v2\/types\/page"}],"author":[{"embeddable":true,"href":"https:\/\/daemar.com\/fr\/wp-json\/wp\/v2\/users\/13"}],"replies":[{"embeddable":true,"href":"https:\/\/daemar.com\/fr\/wp-json\/wp\/v2\/comments?post=11529"}],"version-history":[{"count":0,"href":"https:\/\/daemar.com\/fr\/wp-json\/wp\/v2\/pages\/11529\/revisions"}],"up":[{"embeddable":true,"href":"https:\/\/daemar.com\/fr\/wp-json\/wp\/v2\/pages\/11519"}],"wp:featuredmedia":[{"embeddable":true,"href":"https:\/\/daemar.com\/fr\/wp-json\/wp\/v2\/media\/11521"}],"wp:attachment":[{"href":"https:\/\/daemar.com\/fr\/wp-json\/wp\/v2\/media?parent=11529"}],"curies":[{"name":"wp","href":"https:\/\/api.w.org\/{rel}","templated":true}]}}