{"id":11506,"date":"2025-11-25T17:31:36","date_gmt":"2025-11-25T21:31:36","guid":{"rendered":"https:\/\/daemar.com\/fr\/?page_id=11506"},"modified":"2025-11-25T17:35:48","modified_gmt":"2025-11-25T21:35:48","slug":"fibre-lube-rulon-bushings","status":"publish","type":"page","link":"https:\/\/daemar.com\/fr\/slide\/fibre-lube-rulon-bushings\/","title":{"rendered":"Bagues Rulon lubrifiantes en fibre"},"content":{"rendered":"<p><a href=\"https:\/\/daemar.com\/fr\">Accueil<\/a> &gt;&gt; <a href=\"https:\/\/daemar.com\/fr\/slide.html\">Roulement<\/a> &gt;&gt; <a href=\"https:\/\/daemar.com\/fr\/fiber-lube-63.html\">Coussinets Fiber-Lube<\/a> &gt;&gt; Bagues Rulon lubrifiantes en fibre<\/p>\n<div class=\"row-fluid\"><\/div>\n<div class=\"row-fluid\">\n<div class=\"row-fluid\">\n<div class=\"rhcol span7\">\n<h1>Bagues Rulon lubrifiantes en fibre<\/h1>\n<p>Les roulements Rulon de Daemar offrent de solides performances dans une large gamme d&#8217;applications, d\u00e9passant souvent les alternatives m\u00e9talliques. Ils sont con\u00e7us pour des conditions difficiles, soumises \u00e0 des charges \u00e9lev\u00e9es et non lubrifi\u00e9es, offrant durabilit\u00e9, r\u00e9sistance \u00e0 la corrosion et longue dur\u00e9e de vie. Leur conception sans entretien \u00e9limine le besoin de syst\u00e8mes de graissage traditionnels, contribuant ainsi \u00e0 r\u00e9duire l&#8217;usure, \u00e0 am\u00e9liorer l&#8217;efficacit\u00e9 et \u00e0 prolonger la long\u00e9vit\u00e9 de l&#8217;\u00e9quipement.<\/p>\n<\/div>\n<div class=\"rhcol span1\"><\/div>\n<div class=\"rhcol span4\">\n<div class=\"toggle-box\"><h3 class=\"toggle-title sws_toggle1\">Ressources techniques<\/h3><div class=\"toggle-content\"><\/p>\n<ul>\n<li><a title=\"Bushing Interchange\" href=\"https:\/\/daemar.com\/fr\/bushing-interchange.html\/\">\u00c9change<\/a><\/li>\n<li><a href=\"https:\/\/daemar.com\/fr\/wp-content\/uploads\/sites\/3\/2013\/10\/DMR_ApplicationDataSheet-FiberLube_T0G-071.pdf\" target=\"_blank\" rel=\"noopener noreferrer\">Fiche de donn\u00e9es d&#8217;application &#8211; Lubrifiant pour fibre<\/a><\/li>\n<li><a href=\"https:\/\/daemar.com\/wp-content\/uploads\/2021\/05\/DMR_Bushing_PV_Comparison_T0G-090.pdf\" target=\"_blank\" rel=\"noopener noreferrer\">Comparaison PV du mat\u00e9riau des travers\u00e9es<\/a><\/li>\n<\/ul>\n<p><\/div><\/div>\n<\/div>\n<\/div>\n<hr style=\"border: 1px solid #cecece;\" \/>\n<p>&nbsp;<\/p>\n<div class=\"row-fluid\">\n<div class=\"rhcol span4\">\n<p><img loading=\"lazy\" decoding=\"async\" class=\"alignnone wp-image-12527 size-medium\" title=\"cj\/fcj fiber lube bushings \" src=\"https:\/\/daemar.com\/wp-content\/uploads\/2025\/11\/Rulon-LR-Bearings-300x271.jpeg\" alt=\"\" width=\"300\" height=\"271\" \/><\/p>\n<h4>Roulements Rulon\u00ae LR<\/h4>\n<p>Mat\u00e9riau marron avec de faibles caract\u00e9ristiques de d\u00e9formation<br \/>\nS\u00e9lectionnez Rulon LR lorsque votre application n\u00e9cessite:<\/p>\n<ul>\n<li>Haute temp\u00e9rature<\/li>\n<li>R\u00e9sistance chimique<\/li>\n<li>Absorption minimale de l&#8217;humidit\u00e9<\/li>\n<li>Faible frottement<\/li>\n<\/ul>\n<\/div>\n<div class=\"rhcol span4\">\n<p><img loading=\"lazy\" decoding=\"async\" class=\"alignnone wp-image-12528 size-medium\" title=\"CJ FCJ product structure\" src=\"https:\/\/daemar.com\/wp-content\/uploads\/2025\/11\/Rulon-J-Bearings-300x271.jpeg\" alt=\"\" width=\"300\" height=\"271\" \/><\/p>\n<h4>Roulements Rulon\u00ae J<\/h4>\n<p>Mat\u00e9riau charg\u00e9 de polym\u00e8re dor\u00e9 mat pour une abrasion moindre et des surfaces de contact plus douces<br \/>\nS\u00e9lectionnez Rulon J lorsque votre candidature demande:<\/p>\n<ul>\n<li>Faible entretien<\/li>\n<li>Autolubrification<\/li>\n<li>R\u00e9sistance aux lavages et \u00e0 la soude caustique<\/li>\n<li>Tailles standards et personnalis\u00e9es<\/li>\n<\/ul>\n<\/div>\n<div class=\"rhcol span4\">\n<p><img loading=\"lazy\" decoding=\"async\" class=\"alignnone wp-image-12529 size-medium\" title=\"cj fcj application picture \" src=\"https:\/\/daemar.com\/wp-content\/uploads\/2025\/11\/Rulon-641-Bearings-300x271.jpeg\" alt=\"\" width=\"300\" height=\"271\" \/><\/p>\n<h4>Roulements Rulon\u00ae 641<\/h4>\n<p>Mat\u00e9riau blanc conforme aux normes FDA pour la plupart des surfaces \u00e0 coller<br \/>\nS\u00e9lectionnez la r\u00e8gle 641 lorsque votre application demande:<\/p>\n<ul>\n<li>Manipulation des aliments et des boissons<\/li>\n<li>Traitement des semi-conducteurs\/plaquettes<\/li>\n<li>Produits m\u00e9dicaux et pharmaceutiques<\/li>\n<li>Compatible avec une large gamme de lubrifiants<\/li>\n<\/ul>\n<\/div>\n<\/div>\n<\/div>\n<hr style=\"border: 1px solid #cecece;\" \/>\n<p>&nbsp;<\/p>\n","protected":false},"excerpt":{"rendered":"<p>Accueil &gt;&gt; Roulement &gt;&gt; Coussinets Fiber-Lube &gt;&gt; Bagues Rulon lubrifiantes en fibre Bagues Rulon lubrifiantes en fibre Les roulements Rulon de Daemar offrent de solides [&hellip;]<\/p>\n","protected":false},"author":13,"featured_media":11507,"parent":6836,"menu_order":0,"comment_status":"closed","ping_status":"closed","template":"","meta":{"site-sidebar-layout":"default","site-content-layout":"","ast-site-content-layout":"default","site-content-style":"default","site-sidebar-style":"default","ast-global-header-display":"","ast-banner-title-visibility":"","ast-main-header-display":"","ast-hfb-above-header-display":"","ast-hfb-below-header-display":"","ast-hfb-mobile-header-display":"","site-post-title":"","ast-breadcrumbs-content":"","ast-featured-img":"","footer-sml-layout":"","ast-disable-related-posts":"","theme-transparent-header-meta":"default","adv-header-id-meta":"","stick-header-meta":"default","header-above-stick-meta":"","header-main-stick-meta":"","header-below-stick-meta":"","astra-migrate-meta-layouts":"set","ast-page-background-enabled":"default","ast-page-background-meta":{"desktop":{"background-color":"","background-image":"","background-repeat":"repeat","background-position":"center center","background-size":"auto","background-attachment":"scroll","background-type":"","background-media":"","overlay-type":"","overlay-color":"","overlay-opacity":"","overlay-gradient":""},"tablet":{"background-color":"","background-image":"","background-repeat":"repeat","background-position":"center center","background-size":"auto","background-attachment":"scroll","background-type":"","background-media":"","overlay-type":"","overlay-color":"","overlay-opacity":"","overlay-gradient":""},"mobile":{"background-color":"","background-image":"","background-repeat":"repeat","background-position":"center center","background-size":"auto","background-attachment":"scroll","background-type":"","background-media":"","overlay-type":"","overlay-color":"","overlay-opacity":"","overlay-gradient":""}},"ast-content-background-meta":{"desktop":{"background-color":"var(--ast-global-color-5)","background-image":"","background-repeat":"repeat","background-position":"center center","background-size":"auto","background-attachment":"scroll","background-type":"","background-media":"","overlay-type":"","overlay-color":"","overlay-opacity":"","overlay-gradient":""},"tablet":{"background-color":"var(--ast-global-color-5)","background-image":"","background-repeat":"repeat","background-position":"center center","background-size":"auto","background-attachment":"scroll","background-type":"","background-media":"","overlay-type":"","overlay-color":"","overlay-opacity":"","overlay-gradient":""},"mobile":{"background-color":"var(--ast-global-color-5)","background-image":"","background-repeat":"repeat","background-position":"center center","background-size":"auto","background-attachment":"scroll","background-type":"","background-media":"","overlay-type":"","overlay-color":"","overlay-opacity":"","overlay-gradient":""}},"footnotes":""},"class_list":["post-11506","page","type-page","status-publish","has-post-thumbnail","hentry"],"yoast_head":"<!-- This site is optimized with the Yoast SEO plugin v27.2 - https:\/\/yoast.com\/product\/yoast-seo-wordpress\/ -->\n<title>Bagues Rulon lubrifiantes en fibre - Daemar Inc \u2014 Joints Toriques - \u00c9tanch\u00e9it\u00e9 - Bagues de retenue - Coussinets - Caplugs - Cales de support - Clefs en barre<\/title>\n<meta name=\"robots\" content=\"index, follow, max-snippet:-1, max-image-preview:large, max-video-preview:-1\" \/>\n<link rel=\"canonical\" href=\"https:\/\/daemar.com\/fr\/slide\/fibre-lube-rulon-bushings\/\" \/>\n<meta property=\"og:locale\" content=\"en_US\" \/>\n<meta property=\"og:type\" content=\"article\" \/>\n<meta property=\"og:title\" content=\"Bagues Rulon lubrifiantes en fibre - Daemar Inc \u2014 Joints Toriques - \u00c9tanch\u00e9it\u00e9 - Bagues de retenue - Coussinets - Caplugs - Cales de support - Clefs en barre\" \/>\n<meta property=\"og:description\" content=\"Accueil &gt;&gt; Roulement &gt;&gt; Coussinets Fiber-Lube &gt;&gt; Bagues Rulon lubrifiantes en fibre Bagues Rulon lubrifiantes en fibre Les roulements Rulon de Daemar offrent de solides [&hellip;]\" \/>\n<meta property=\"og:url\" content=\"https:\/\/daemar.com\/fr\/slide\/fibre-lube-rulon-bushings\/\" \/>\n<meta property=\"og:site_name\" content=\"Daemar Inc \u2014 Joints Toriques - \u00c9tanch\u00e9it\u00e9 - Bagues de retenue - Coussinets - Caplugs - Cales de support - Clefs en barre\" \/>\n<meta property=\"article:modified_time\" content=\"2025-11-25T21:35:48+00:00\" \/>\n<meta property=\"og:image\" content=\"https:\/\/daemar.com\/fr\/wp-content\/uploads\/sites\/3\/2025\/11\/Fibre-lube-Rulon-Bushings-scaled.jpeg\" \/>\n\t<meta property=\"og:image:width\" content=\"2560\" \/>\n\t<meta property=\"og:image:height\" content=\"743\" \/>\n\t<meta property=\"og:image:type\" content=\"image\/jpeg\" \/>\n<meta name=\"twitter:card\" content=\"summary_large_image\" \/>\n<meta name=\"twitter:label1\" content=\"Est. reading time\" \/>\n\t<meta name=\"twitter:data1\" content=\"2 minutes\" \/>\n<script type=\"application\/ld+json\" class=\"yoast-schema-graph\">{\"@context\":\"https:\/\/schema.org\",\"@graph\":[{\"@type\":\"WebPage\",\"@id\":\"https:\/\/daemar.com\/fr\/slide\/fibre-lube-rulon-bushings\/\",\"url\":\"https:\/\/daemar.com\/fr\/slide\/fibre-lube-rulon-bushings\/\",\"name\":\"Bagues Rulon lubrifiantes en fibre - Daemar Inc \u2014 Joints Toriques - \u00c9tanch\u00e9it\u00e9 - Bagues de retenue - Coussinets - Caplugs - Cales de support - Clefs en barre\",\"isPartOf\":{\"@id\":\"https:\/\/daemar.com\/fr\/#website\"},\"primaryImageOfPage\":{\"@id\":\"https:\/\/daemar.com\/fr\/slide\/fibre-lube-rulon-bushings\/#primaryimage\"},\"image\":{\"@id\":\"https:\/\/daemar.com\/fr\/slide\/fibre-lube-rulon-bushings\/#primaryimage\"},\"thumbnailUrl\":\"https:\/\/daemar.com\/fr\/wp-content\/uploads\/sites\/3\/2025\/11\/Fibre-lube-Rulon-Bushings-scaled.jpeg\",\"datePublished\":\"2025-11-25T21:31:36+00:00\",\"dateModified\":\"2025-11-25T21:35:48+00:00\",\"breadcrumb\":{\"@id\":\"https:\/\/daemar.com\/fr\/slide\/fibre-lube-rulon-bushings\/#breadcrumb\"},\"inLanguage\":\"en-US\",\"potentialAction\":[{\"@type\":\"ReadAction\",\"target\":[\"https:\/\/daemar.com\/fr\/slide\/fibre-lube-rulon-bushings\/\"]}]},{\"@type\":\"ImageObject\",\"inLanguage\":\"en-US\",\"@id\":\"https:\/\/daemar.com\/fr\/slide\/fibre-lube-rulon-bushings\/#primaryimage\",\"url\":\"https:\/\/daemar.com\/fr\/wp-content\/uploads\/sites\/3\/2025\/11\/Fibre-lube-Rulon-Bushings-scaled.jpeg\",\"contentUrl\":\"https:\/\/daemar.com\/fr\/wp-content\/uploads\/sites\/3\/2025\/11\/Fibre-lube-Rulon-Bushings-scaled.jpeg\",\"width\":2560,\"height\":743,\"caption\":\"Screenshot\"},{\"@type\":\"BreadcrumbList\",\"@id\":\"https:\/\/daemar.com\/fr\/slide\/fibre-lube-rulon-bushings\/#breadcrumb\",\"itemListElement\":[{\"@type\":\"ListItem\",\"position\":1,\"name\":\"Home\",\"item\":\"https:\/\/daemar.com\/fr\/\"},{\"@type\":\"ListItem\",\"position\":2,\"name\":\"Roulement\",\"item\":\"https:\/\/daemar.com\/fr\/slide\/\"},{\"@type\":\"ListItem\",\"position\":3,\"name\":\"Bagues Rulon lubrifiantes en fibre\"}]},{\"@type\":\"WebSite\",\"@id\":\"https:\/\/daemar.com\/fr\/#website\",\"url\":\"https:\/\/daemar.com\/fr\/\",\"name\":\"Daemar Inc \u2014 Joints Toriques - \u00c9tanch\u00e9it\u00e9 - Bagues de retenue - Coussinets - Caplugs - Cales de support - Clefs en barre\",\"description\":\"Des composants essentiel pour l&#039;industrie - \u00c9tanch\u00e9it\u00e9 - R\u00e9tention\u00a0- Roulement - Protection - Alignement\",\"publisher\":{\"@id\":\"https:\/\/daemar.com\/fr\/#organization\"},\"potentialAction\":[{\"@type\":\"SearchAction\",\"target\":{\"@type\":\"EntryPoint\",\"urlTemplate\":\"https:\/\/daemar.com\/fr\/?s={search_term_string}\"},\"query-input\":{\"@type\":\"PropertyValueSpecification\",\"valueRequired\":true,\"valueName\":\"search_term_string\"}}],\"inLanguage\":\"en-US\"},{\"@type\":\"Organization\",\"@id\":\"https:\/\/daemar.com\/fr\/#organization\",\"name\":\"Daemar Inc \u2014 Joints Toriques - \u00c9tanch\u00e9it\u00e9 - Bagues de retenue - Coussinets - Caplugs - Cales de support - Clefs en barre\",\"url\":\"https:\/\/daemar.com\/fr\/\",\"logo\":{\"@type\":\"ImageObject\",\"inLanguage\":\"en-US\",\"@id\":\"https:\/\/daemar.com\/fr\/#\/schema\/logo\/image\/\",\"url\":\"https:\/\/daemar.com\/fr\/wp-content\/uploads\/sites\/3\/2018\/12\/DAEMAR-LOGO-1000.jpg\",\"contentUrl\":\"https:\/\/daemar.com\/fr\/wp-content\/uploads\/sites\/3\/2018\/12\/DAEMAR-LOGO-1000.jpg\",\"width\":1000,\"height\":901,\"caption\":\"Daemar Inc \u2014 Joints Toriques - \u00c9tanch\u00e9it\u00e9 - Bagues de retenue - Coussinets - Caplugs - Cales de support - Clefs en barre\"},\"image\":{\"@id\":\"https:\/\/daemar.com\/fr\/#\/schema\/logo\/image\/\"}}]}<\/script>\n<!-- \/ Yoast SEO plugin. -->","yoast_head_json":{"title":"Bagues Rulon lubrifiantes en fibre - Daemar Inc \u2014 Joints Toriques - \u00c9tanch\u00e9it\u00e9 - Bagues de retenue - Coussinets - Caplugs - Cales de support - Clefs en barre","robots":{"index":"index","follow":"follow","max-snippet":"max-snippet:-1","max-image-preview":"max-image-preview:large","max-video-preview":"max-video-preview:-1"},"canonical":"https:\/\/daemar.com\/fr\/slide\/fibre-lube-rulon-bushings\/","og_locale":"en_US","og_type":"article","og_title":"Bagues Rulon lubrifiantes en fibre - Daemar Inc \u2014 Joints Toriques - \u00c9tanch\u00e9it\u00e9 - Bagues de retenue - Coussinets - Caplugs - Cales de support - Clefs en barre","og_description":"Accueil &gt;&gt; Roulement &gt;&gt; Coussinets Fiber-Lube &gt;&gt; Bagues Rulon lubrifiantes en fibre Bagues Rulon lubrifiantes en fibre Les roulements Rulon de Daemar offrent de solides [&hellip;]","og_url":"https:\/\/daemar.com\/fr\/slide\/fibre-lube-rulon-bushings\/","og_site_name":"Daemar Inc \u2014 Joints Toriques - \u00c9tanch\u00e9it\u00e9 - Bagues de retenue - Coussinets - Caplugs - Cales de support - Clefs en barre","article_modified_time":"2025-11-25T21:35:48+00:00","og_image":[{"width":2560,"height":743,"url":"https:\/\/daemar.com\/fr\/wp-content\/uploads\/sites\/3\/2025\/11\/Fibre-lube-Rulon-Bushings-scaled.jpeg","type":"image\/jpeg"}],"twitter_card":"summary_large_image","twitter_misc":{"Est. reading time":"2 minutes"},"schema":{"@context":"https:\/\/schema.org","@graph":[{"@type":"WebPage","@id":"https:\/\/daemar.com\/fr\/slide\/fibre-lube-rulon-bushings\/","url":"https:\/\/daemar.com\/fr\/slide\/fibre-lube-rulon-bushings\/","name":"Bagues Rulon lubrifiantes en fibre - Daemar Inc \u2014 Joints Toriques - \u00c9tanch\u00e9it\u00e9 - Bagues de retenue - Coussinets - Caplugs - Cales de support - Clefs en barre","isPartOf":{"@id":"https:\/\/daemar.com\/fr\/#website"},"primaryImageOfPage":{"@id":"https:\/\/daemar.com\/fr\/slide\/fibre-lube-rulon-bushings\/#primaryimage"},"image":{"@id":"https:\/\/daemar.com\/fr\/slide\/fibre-lube-rulon-bushings\/#primaryimage"},"thumbnailUrl":"https:\/\/daemar.com\/fr\/wp-content\/uploads\/sites\/3\/2025\/11\/Fibre-lube-Rulon-Bushings-scaled.jpeg","datePublished":"2025-11-25T21:31:36+00:00","dateModified":"2025-11-25T21:35:48+00:00","breadcrumb":{"@id":"https:\/\/daemar.com\/fr\/slide\/fibre-lube-rulon-bushings\/#breadcrumb"},"inLanguage":"en-US","potentialAction":[{"@type":"ReadAction","target":["https:\/\/daemar.com\/fr\/slide\/fibre-lube-rulon-bushings\/"]}]},{"@type":"ImageObject","inLanguage":"en-US","@id":"https:\/\/daemar.com\/fr\/slide\/fibre-lube-rulon-bushings\/#primaryimage","url":"https:\/\/daemar.com\/fr\/wp-content\/uploads\/sites\/3\/2025\/11\/Fibre-lube-Rulon-Bushings-scaled.jpeg","contentUrl":"https:\/\/daemar.com\/fr\/wp-content\/uploads\/sites\/3\/2025\/11\/Fibre-lube-Rulon-Bushings-scaled.jpeg","width":2560,"height":743,"caption":"Screenshot"},{"@type":"BreadcrumbList","@id":"https:\/\/daemar.com\/fr\/slide\/fibre-lube-rulon-bushings\/#breadcrumb","itemListElement":[{"@type":"ListItem","position":1,"name":"Home","item":"https:\/\/daemar.com\/fr\/"},{"@type":"ListItem","position":2,"name":"Roulement","item":"https:\/\/daemar.com\/fr\/slide\/"},{"@type":"ListItem","position":3,"name":"Bagues Rulon lubrifiantes en fibre"}]},{"@type":"WebSite","@id":"https:\/\/daemar.com\/fr\/#website","url":"https:\/\/daemar.com\/fr\/","name":"Daemar Inc \u2014 Joints Toriques - \u00c9tanch\u00e9it\u00e9 - Bagues de retenue - Coussinets - Caplugs - Cales de support - Clefs en barre","description":"Des composants essentiel pour l&#039;industrie - \u00c9tanch\u00e9it\u00e9 - R\u00e9tention\u00a0- Roulement - Protection - Alignement","publisher":{"@id":"https:\/\/daemar.com\/fr\/#organization"},"potentialAction":[{"@type":"SearchAction","target":{"@type":"EntryPoint","urlTemplate":"https:\/\/daemar.com\/fr\/?s={search_term_string}"},"query-input":{"@type":"PropertyValueSpecification","valueRequired":true,"valueName":"search_term_string"}}],"inLanguage":"en-US"},{"@type":"Organization","@id":"https:\/\/daemar.com\/fr\/#organization","name":"Daemar Inc \u2014 Joints Toriques - \u00c9tanch\u00e9it\u00e9 - Bagues de retenue - Coussinets - Caplugs - Cales de support - Clefs en barre","url":"https:\/\/daemar.com\/fr\/","logo":{"@type":"ImageObject","inLanguage":"en-US","@id":"https:\/\/daemar.com\/fr\/#\/schema\/logo\/image\/","url":"https:\/\/daemar.com\/fr\/wp-content\/uploads\/sites\/3\/2018\/12\/DAEMAR-LOGO-1000.jpg","contentUrl":"https:\/\/daemar.com\/fr\/wp-content\/uploads\/sites\/3\/2018\/12\/DAEMAR-LOGO-1000.jpg","width":1000,"height":901,"caption":"Daemar Inc \u2014 Joints Toriques - \u00c9tanch\u00e9it\u00e9 - Bagues de retenue - Coussinets - Caplugs - Cales de support - Clefs en barre"},"image":{"@id":"https:\/\/daemar.com\/fr\/#\/schema\/logo\/image\/"}}]}},"_links":{"self":[{"href":"https:\/\/daemar.com\/fr\/wp-json\/wp\/v2\/pages\/11506","targetHints":{"allow":["GET"]}}],"collection":[{"href":"https:\/\/daemar.com\/fr\/wp-json\/wp\/v2\/pages"}],"about":[{"href":"https:\/\/daemar.com\/fr\/wp-json\/wp\/v2\/types\/page"}],"author":[{"embeddable":true,"href":"https:\/\/daemar.com\/fr\/wp-json\/wp\/v2\/users\/13"}],"replies":[{"embeddable":true,"href":"https:\/\/daemar.com\/fr\/wp-json\/wp\/v2\/comments?post=11506"}],"version-history":[{"count":0,"href":"https:\/\/daemar.com\/fr\/wp-json\/wp\/v2\/pages\/11506\/revisions"}],"up":[{"embeddable":true,"href":"https:\/\/daemar.com\/fr\/wp-json\/wp\/v2\/pages\/6836"}],"wp:featuredmedia":[{"embeddable":true,"href":"https:\/\/daemar.com\/fr\/wp-json\/wp\/v2\/media\/11507"}],"wp:attachment":[{"href":"https:\/\/daemar.com\/fr\/wp-json\/wp\/v2\/media?parent=11506"}],"curies":[{"name":"wp","href":"https:\/\/api.w.org\/{rel}","templated":true}]}}