{"id":11366,"date":"2023-02-22T19:35:49","date_gmt":"2023-02-22T23:35:49","guid":{"rendered":"https:\/\/daemar.com\/fr\/?page_id=11366"},"modified":"2023-02-22T19:35:49","modified_gmt":"2023-02-22T23:35:49","slug":"criteres-de-qualite","status":"publish","type":"page","link":"https:\/\/daemar.com\/fr\/seal\/solutions-detancheite-trelleborg\/turcon-variseal\/criteres-de-qualite\/","title":{"rendered":"Crit\u00e8res de qualit\u00e9"},"content":{"rendered":"<p><a href=\"https:\/\/daemar.com\/fr\/\">Accueil<\/a> &gt;&gt; <a href=\"https:\/\/daemar.com\/fr\/seal\/\">\u00c9tanch\u00e9it\u00e9<\/a> &gt;&gt; <a href=\"https:\/\/daemar.com\/fr\/seal\/solutions-detancheite-trelleborg\/\">Solutions d\u2019\u00e9tanch\u00e9it\u00e9 Trelleborg<\/a> &gt;&gt; <a href=\"https:\/\/daemar.com\/fr\/seal\/solutions-detancheite-trelleborg\/turcon-variseal\/\">Turcon\u00ae Variseal\u00ae<\/a> &gt;&gt; Crit\u00e8res de qualit\u00e9<\/p>\n<div class=\"row-fluid\">\n<div class=\"rhcol span7\">\n<h1 class=\"tb-hero tb-font-bold tb-herobanner-title tb-herobanner-title-desktop field-bannerheadline\">Crit\u00e8res de qualit\u00e9<\/h1>\n<\/div>\n<div class=\"rhcol span1\"><\/div>\n<div class=\"rhcol span4\">\n<div class=\"toggle-box\"><h3 class=\"toggle-title sws_toggle1\">Ressources techniques<\/h3><div class=\"toggle-content\"><\/p>\n<ul>\n<li><a href=\"https:\/\/www.trelleborg.com\/fr-fr\/seals\/resources\/e-learning\" target=\"_blank\" rel=\"noopener noreferrer\">Formation en ligne Trelleborg<\/a><\/li>\n<li><a href=\"https:\/\/www.trelleborg.com\/en\/seals\/news-and-events\/films-and-animations\" target=\"_blank\" rel=\"noopener noreferrer\">Vid\u00e9os de Trelleborg<\/a><\/li>\n<li><a href=\"https:\/\/www.trelleborg.com\/en\/seals\/resources\/technical-library\/tech-talks\" target=\"_blank\" rel=\"noopener noreferrer\">Conf\u00e9rences techniques Trelleborg<\/a><\/li>\n<li><a href=\"https:\/\/www.trelleborg.com\/en\/seals\/resources\/technical-library\/webinars\" target=\"_blank\" rel=\"noopener noreferrer\">Webinaires Trelleborg<\/a><\/li>\n<li><a href=\"https:\/\/www.trelleborg.com\/en\/seals\/resources\/technical-library\/whitepapers\" target=\"_blank\" rel=\"noopener noreferrer\">Livres blancs Trelleborg<\/a><\/li>\n<\/ul>\n<p><\/div><\/div>\n<\/div>\n<p>&nbsp;<\/p>\n<div class=\"row-fluid\"><\/div>\n<\/div>\n<p>Les joints et les roulements fabriqu\u00e9s par Trelleborg Sealing Solutions sont contr\u00f4l\u00e9s en permanence selon des normes de qualit\u00e9 strictes, de l&#8217;approvisionnement en mat\u00e9riaux \u00e0 la livraison des pi\u00e8ces finies.<\/p>\n<p>Les usines de production sont certifi\u00e9es selon des normes internationales telles que EN ISO 9001, couvrant le contr\u00f4le de la qualit\u00e9 et la gestion des fonctions d&#8217;achat, de production et de marketing.<\/p>\n<p>Tous les tests de mat\u00e9riaux et de produits sont effectu\u00e9s conform\u00e9ment aux normes et sp\u00e9cifications de test accept\u00e9es. Nos mat\u00e9riaux d&#8217;\u00e9tanch\u00e9it\u00e9 sont produits sans hydrocarbures chlorofluor\u00e9s ni \u00e9l\u00e9ments canc\u00e9rig\u00e8nes.<\/p>\n<p>Le dixi\u00e8me chiffre de notre r\u00e9f\u00e9rence Trelleborg Sealing Solutions d\u00e9finit les caract\u00e9ristiques de qualit\u00e9 de la pi\u00e8ce. Un trait d&#8217;union indique la conformit\u00e9 aux crit\u00e8res de qualit\u00e9 standard d\u00e9crits dans ce catalogue. Les exigences sp\u00e9cifiques au client sont indiqu\u00e9es par un symbole diff\u00e9rent. Les clients qui ont besoin de crit\u00e8res de qualit\u00e9 sp\u00e9ciaux doivent contacter leur centre de solution client local pour obtenir de l&#8217;aide.<\/p>\n","protected":false},"excerpt":{"rendered":"<p>Accueil &gt;&gt; \u00c9tanch\u00e9it\u00e9 &gt;&gt; Solutions d\u2019\u00e9tanch\u00e9it\u00e9 Trelleborg &gt;&gt; Turcon\u00ae Variseal\u00ae &gt;&gt; Crit\u00e8res de qualit\u00e9 Crit\u00e8res de qualit\u00e9 &nbsp; Les joints et les roulements fabriqu\u00e9s par [&hellip;]<\/p>\n","protected":false},"author":13,"featured_media":11347,"parent":11345,"menu_order":0,"comment_status":"closed","ping_status":"closed","template":"","meta":{"site-sidebar-layout":"default","site-content-layout":"default","ast-site-content-layout":"default","site-content-style":"default","site-sidebar-style":"default","ast-global-header-display":"","ast-banner-title-visibility":"","ast-main-header-display":"","ast-hfb-above-header-display":"","ast-hfb-below-header-display":"","ast-hfb-mobile-header-display":"","site-post-title":"","ast-breadcrumbs-content":"","ast-featured-img":"","footer-sml-layout":"","ast-disable-related-posts":"","theme-transparent-header-meta":"default","adv-header-id-meta":"","stick-header-meta":"default","header-above-stick-meta":"","header-main-stick-meta":"","header-below-stick-meta":"","astra-migrate-meta-layouts":"default","ast-page-background-enabled":"default","ast-page-background-meta":{"desktop":{"background-color":"","background-image":"","background-repeat":"repeat","background-position":"center center","background-size":"auto","background-attachment":"scroll","background-type":"","background-media":"","overlay-type":"","overlay-color":"","overlay-opacity":"","overlay-gradient":""},"tablet":{"background-color":"","background-image":"","background-repeat":"repeat","background-position":"center center","background-size":"auto","background-attachment":"scroll","background-type":"","background-media":"","overlay-type":"","overlay-color":"","overlay-opacity":"","overlay-gradient":""},"mobile":{"background-color":"","background-image":"","background-repeat":"repeat","background-position":"center center","background-size":"auto","background-attachment":"scroll","background-type":"","background-media":"","overlay-type":"","overlay-color":"","overlay-opacity":"","overlay-gradient":""}},"ast-content-background-meta":{"desktop":{"background-color":"var(--ast-global-color-5)","background-image":"","background-repeat":"repeat","background-position":"center center","background-size":"auto","background-attachment":"scroll","background-type":"","background-media":"","overlay-type":"","overlay-color":"","overlay-opacity":"","overlay-gradient":""},"tablet":{"background-color":"var(--ast-global-color-5)","background-image":"","background-repeat":"repeat","background-position":"center center","background-size":"auto","background-attachment":"scroll","background-type":"","background-media":"","overlay-type":"","overlay-color":"","overlay-opacity":"","overlay-gradient":""},"mobile":{"background-color":"var(--ast-global-color-5)","background-image":"","background-repeat":"repeat","background-position":"center center","background-size":"auto","background-attachment":"scroll","background-type":"","background-media":"","overlay-type":"","overlay-color":"","overlay-opacity":"","overlay-gradient":""}},"footnotes":""},"class_list":["post-11366","page","type-page","status-publish","has-post-thumbnail","hentry"],"yoast_head":"<!-- This site is optimized with the Yoast SEO plugin v27.2 - https:\/\/yoast.com\/product\/yoast-seo-wordpress\/ -->\n<title>Crit\u00e8res de qualit\u00e9 - Daemar Inc \u2014 Joints Toriques - \u00c9tanch\u00e9it\u00e9 - Bagues de retenue - Coussinets - Caplugs - Cales de support - Clefs en barre<\/title>\n<meta name=\"robots\" content=\"index, follow, max-snippet:-1, max-image-preview:large, max-video-preview:-1\" \/>\n<link rel=\"canonical\" href=\"https:\/\/daemar.com\/fr\/seal\/solutions-detancheite-trelleborg\/turcon-variseal\/criteres-de-qualite\/\" \/>\n<meta property=\"og:locale\" content=\"en_US\" \/>\n<meta property=\"og:type\" content=\"article\" \/>\n<meta property=\"og:title\" content=\"Crit\u00e8res de qualit\u00e9 - Daemar Inc \u2014 Joints Toriques - \u00c9tanch\u00e9it\u00e9 - Bagues de retenue - Coussinets - Caplugs - Cales de support - Clefs en barre\" \/>\n<meta property=\"og:description\" content=\"Accueil &gt;&gt; \u00c9tanch\u00e9it\u00e9 &gt;&gt; Solutions d\u2019\u00e9tanch\u00e9it\u00e9 Trelleborg &gt;&gt; Turcon\u00ae Variseal\u00ae &gt;&gt; Crit\u00e8res de qualit\u00e9 Crit\u00e8res de qualit\u00e9 &nbsp; Les joints et les roulements fabriqu\u00e9s par [&hellip;]\" \/>\n<meta property=\"og:url\" content=\"https:\/\/daemar.com\/fr\/seal\/solutions-detancheite-trelleborg\/turcon-variseal\/criteres-de-qualite\/\" \/>\n<meta property=\"og:site_name\" content=\"Daemar Inc \u2014 Joints Toriques - \u00c9tanch\u00e9it\u00e9 - Bagues de retenue - Coussinets - Caplugs - Cales de support - Clefs en barre\" \/>\n<meta property=\"og:image\" content=\"https:\/\/daemar.com\/fr\/wp-content\/uploads\/sites\/3\/2023\/02\/Trelleborg_Turcon_VariSeal-H_03.jpg\" \/>\n\t<meta property=\"og:image:width\" content=\"800\" \/>\n\t<meta property=\"og:image:height\" content=\"509\" \/>\n\t<meta property=\"og:image:type\" content=\"image\/jpeg\" \/>\n<meta name=\"twitter:card\" content=\"summary_large_image\" \/>\n<meta name=\"twitter:label1\" content=\"Est. reading time\" \/>\n\t<meta name=\"twitter:data1\" content=\"1 minute\" \/>\n<script type=\"application\/ld+json\" class=\"yoast-schema-graph\">{\"@context\":\"https:\/\/schema.org\",\"@graph\":[{\"@type\":\"WebPage\",\"@id\":\"https:\/\/daemar.com\/fr\/seal\/solutions-detancheite-trelleborg\/turcon-variseal\/criteres-de-qualite\/\",\"url\":\"https:\/\/daemar.com\/fr\/seal\/solutions-detancheite-trelleborg\/turcon-variseal\/criteres-de-qualite\/\",\"name\":\"Crit\u00e8res de qualit\u00e9 - Daemar Inc \u2014 Joints Toriques - \u00c9tanch\u00e9it\u00e9 - Bagues de retenue - Coussinets - Caplugs - Cales de support - Clefs en barre\",\"isPartOf\":{\"@id\":\"https:\/\/daemar.com\/fr\/#website\"},\"primaryImageOfPage\":{\"@id\":\"https:\/\/daemar.com\/fr\/seal\/solutions-detancheite-trelleborg\/turcon-variseal\/criteres-de-qualite\/#primaryimage\"},\"image\":{\"@id\":\"https:\/\/daemar.com\/fr\/seal\/solutions-detancheite-trelleborg\/turcon-variseal\/criteres-de-qualite\/#primaryimage\"},\"thumbnailUrl\":\"https:\/\/daemar.com\/fr\/wp-content\/uploads\/sites\/3\/2023\/02\/Trelleborg_Turcon_VariSeal-H_03.jpg\",\"datePublished\":\"2023-02-22T23:35:49+00:00\",\"breadcrumb\":{\"@id\":\"https:\/\/daemar.com\/fr\/seal\/solutions-detancheite-trelleborg\/turcon-variseal\/criteres-de-qualite\/#breadcrumb\"},\"inLanguage\":\"en-US\",\"potentialAction\":[{\"@type\":\"ReadAction\",\"target\":[\"https:\/\/daemar.com\/fr\/seal\/solutions-detancheite-trelleborg\/turcon-variseal\/criteres-de-qualite\/\"]}]},{\"@type\":\"ImageObject\",\"inLanguage\":\"en-US\",\"@id\":\"https:\/\/daemar.com\/fr\/seal\/solutions-detancheite-trelleborg\/turcon-variseal\/criteres-de-qualite\/#primaryimage\",\"url\":\"https:\/\/daemar.com\/fr\/wp-content\/uploads\/sites\/3\/2023\/02\/Trelleborg_Turcon_VariSeal-H_03.jpg\",\"contentUrl\":\"https:\/\/daemar.com\/fr\/wp-content\/uploads\/sites\/3\/2023\/02\/Trelleborg_Turcon_VariSeal-H_03.jpg\",\"width\":800,\"height\":509,\"caption\":\"Trelleborg Turcon VariSeal H\"},{\"@type\":\"BreadcrumbList\",\"@id\":\"https:\/\/daemar.com\/fr\/seal\/solutions-detancheite-trelleborg\/turcon-variseal\/criteres-de-qualite\/#breadcrumb\",\"itemListElement\":[{\"@type\":\"ListItem\",\"position\":1,\"name\":\"Home\",\"item\":\"https:\/\/daemar.com\/fr\/\"},{\"@type\":\"ListItem\",\"position\":2,\"name\":\"\u00c9tanch\u00e9it\u00e9 2021\",\"item\":\"https:\/\/daemar.com\/fr\/seal\/\"},{\"@type\":\"ListItem\",\"position\":3,\"name\":\"Trelleborg Sealing Solutions\",\"item\":\"https:\/\/daemar.com\/fr\/seal\/solutions-detancheite-trelleborg\/\"},{\"@type\":\"ListItem\",\"position\":4,\"name\":\"Turcon\u00ae Variseal\u00ae\",\"item\":\"https:\/\/daemar.com\/fr\/seal\/solutions-detancheite-trelleborg\/turcon-variseal\/\"},{\"@type\":\"ListItem\",\"position\":5,\"name\":\"Crit\u00e8res de qualit\u00e9\"}]},{\"@type\":\"WebSite\",\"@id\":\"https:\/\/daemar.com\/fr\/#website\",\"url\":\"https:\/\/daemar.com\/fr\/\",\"name\":\"Daemar Inc \u2014 Joints Toriques - \u00c9tanch\u00e9it\u00e9 - Bagues de retenue - Coussinets - Caplugs - Cales de support - Clefs en barre\",\"description\":\"Des composants essentiel pour l&#039;industrie - \u00c9tanch\u00e9it\u00e9 - R\u00e9tention\u00a0- Roulement - Protection - Alignement\",\"publisher\":{\"@id\":\"https:\/\/daemar.com\/fr\/#organization\"},\"potentialAction\":[{\"@type\":\"SearchAction\",\"target\":{\"@type\":\"EntryPoint\",\"urlTemplate\":\"https:\/\/daemar.com\/fr\/?s={search_term_string}\"},\"query-input\":{\"@type\":\"PropertyValueSpecification\",\"valueRequired\":true,\"valueName\":\"search_term_string\"}}],\"inLanguage\":\"en-US\"},{\"@type\":\"Organization\",\"@id\":\"https:\/\/daemar.com\/fr\/#organization\",\"name\":\"Daemar Inc \u2014 Joints Toriques - \u00c9tanch\u00e9it\u00e9 - Bagues de retenue - Coussinets - Caplugs - Cales de support - Clefs en barre\",\"url\":\"https:\/\/daemar.com\/fr\/\",\"logo\":{\"@type\":\"ImageObject\",\"inLanguage\":\"en-US\",\"@id\":\"https:\/\/daemar.com\/fr\/#\/schema\/logo\/image\/\",\"url\":\"https:\/\/daemar.com\/fr\/wp-content\/uploads\/sites\/3\/2018\/12\/DAEMAR-LOGO-1000.jpg\",\"contentUrl\":\"https:\/\/daemar.com\/fr\/wp-content\/uploads\/sites\/3\/2018\/12\/DAEMAR-LOGO-1000.jpg\",\"width\":1000,\"height\":901,\"caption\":\"Daemar Inc \u2014 Joints Toriques - \u00c9tanch\u00e9it\u00e9 - Bagues de retenue - Coussinets - Caplugs - Cales de support - Clefs en barre\"},\"image\":{\"@id\":\"https:\/\/daemar.com\/fr\/#\/schema\/logo\/image\/\"}}]}<\/script>\n<!-- \/ Yoast SEO plugin. -->","yoast_head_json":{"title":"Crit\u00e8res de qualit\u00e9 - Daemar Inc \u2014 Joints Toriques - \u00c9tanch\u00e9it\u00e9 - Bagues de retenue - Coussinets - Caplugs - Cales de support - Clefs en barre","robots":{"index":"index","follow":"follow","max-snippet":"max-snippet:-1","max-image-preview":"max-image-preview:large","max-video-preview":"max-video-preview:-1"},"canonical":"https:\/\/daemar.com\/fr\/seal\/solutions-detancheite-trelleborg\/turcon-variseal\/criteres-de-qualite\/","og_locale":"en_US","og_type":"article","og_title":"Crit\u00e8res de qualit\u00e9 - Daemar Inc \u2014 Joints Toriques - \u00c9tanch\u00e9it\u00e9 - Bagues de retenue - Coussinets - Caplugs - Cales de support - Clefs en barre","og_description":"Accueil &gt;&gt; \u00c9tanch\u00e9it\u00e9 &gt;&gt; Solutions d\u2019\u00e9tanch\u00e9it\u00e9 Trelleborg &gt;&gt; Turcon\u00ae Variseal\u00ae &gt;&gt; Crit\u00e8res de qualit\u00e9 Crit\u00e8res de qualit\u00e9 &nbsp; Les joints et les roulements fabriqu\u00e9s par [&hellip;]","og_url":"https:\/\/daemar.com\/fr\/seal\/solutions-detancheite-trelleborg\/turcon-variseal\/criteres-de-qualite\/","og_site_name":"Daemar Inc \u2014 Joints Toriques - \u00c9tanch\u00e9it\u00e9 - Bagues de retenue - Coussinets - Caplugs - Cales de support - Clefs en barre","og_image":[{"width":800,"height":509,"url":"https:\/\/daemar.com\/fr\/wp-content\/uploads\/sites\/3\/2023\/02\/Trelleborg_Turcon_VariSeal-H_03.jpg","type":"image\/jpeg"}],"twitter_card":"summary_large_image","twitter_misc":{"Est. reading time":"1 minute"},"schema":{"@context":"https:\/\/schema.org","@graph":[{"@type":"WebPage","@id":"https:\/\/daemar.com\/fr\/seal\/solutions-detancheite-trelleborg\/turcon-variseal\/criteres-de-qualite\/","url":"https:\/\/daemar.com\/fr\/seal\/solutions-detancheite-trelleborg\/turcon-variseal\/criteres-de-qualite\/","name":"Crit\u00e8res de qualit\u00e9 - Daemar Inc \u2014 Joints Toriques - \u00c9tanch\u00e9it\u00e9 - Bagues de retenue - Coussinets - Caplugs - Cales de support - Clefs en barre","isPartOf":{"@id":"https:\/\/daemar.com\/fr\/#website"},"primaryImageOfPage":{"@id":"https:\/\/daemar.com\/fr\/seal\/solutions-detancheite-trelleborg\/turcon-variseal\/criteres-de-qualite\/#primaryimage"},"image":{"@id":"https:\/\/daemar.com\/fr\/seal\/solutions-detancheite-trelleborg\/turcon-variseal\/criteres-de-qualite\/#primaryimage"},"thumbnailUrl":"https:\/\/daemar.com\/fr\/wp-content\/uploads\/sites\/3\/2023\/02\/Trelleborg_Turcon_VariSeal-H_03.jpg","datePublished":"2023-02-22T23:35:49+00:00","breadcrumb":{"@id":"https:\/\/daemar.com\/fr\/seal\/solutions-detancheite-trelleborg\/turcon-variseal\/criteres-de-qualite\/#breadcrumb"},"inLanguage":"en-US","potentialAction":[{"@type":"ReadAction","target":["https:\/\/daemar.com\/fr\/seal\/solutions-detancheite-trelleborg\/turcon-variseal\/criteres-de-qualite\/"]}]},{"@type":"ImageObject","inLanguage":"en-US","@id":"https:\/\/daemar.com\/fr\/seal\/solutions-detancheite-trelleborg\/turcon-variseal\/criteres-de-qualite\/#primaryimage","url":"https:\/\/daemar.com\/fr\/wp-content\/uploads\/sites\/3\/2023\/02\/Trelleborg_Turcon_VariSeal-H_03.jpg","contentUrl":"https:\/\/daemar.com\/fr\/wp-content\/uploads\/sites\/3\/2023\/02\/Trelleborg_Turcon_VariSeal-H_03.jpg","width":800,"height":509,"caption":"Trelleborg Turcon VariSeal H"},{"@type":"BreadcrumbList","@id":"https:\/\/daemar.com\/fr\/seal\/solutions-detancheite-trelleborg\/turcon-variseal\/criteres-de-qualite\/#breadcrumb","itemListElement":[{"@type":"ListItem","position":1,"name":"Home","item":"https:\/\/daemar.com\/fr\/"},{"@type":"ListItem","position":2,"name":"\u00c9tanch\u00e9it\u00e9 2021","item":"https:\/\/daemar.com\/fr\/seal\/"},{"@type":"ListItem","position":3,"name":"Trelleborg Sealing Solutions","item":"https:\/\/daemar.com\/fr\/seal\/solutions-detancheite-trelleborg\/"},{"@type":"ListItem","position":4,"name":"Turcon\u00ae Variseal\u00ae","item":"https:\/\/daemar.com\/fr\/seal\/solutions-detancheite-trelleborg\/turcon-variseal\/"},{"@type":"ListItem","position":5,"name":"Crit\u00e8res de qualit\u00e9"}]},{"@type":"WebSite","@id":"https:\/\/daemar.com\/fr\/#website","url":"https:\/\/daemar.com\/fr\/","name":"Daemar Inc \u2014 Joints Toriques - \u00c9tanch\u00e9it\u00e9 - Bagues de retenue - Coussinets - Caplugs - Cales de support - Clefs en barre","description":"Des composants essentiel pour l&#039;industrie - \u00c9tanch\u00e9it\u00e9 - R\u00e9tention\u00a0- Roulement - Protection - Alignement","publisher":{"@id":"https:\/\/daemar.com\/fr\/#organization"},"potentialAction":[{"@type":"SearchAction","target":{"@type":"EntryPoint","urlTemplate":"https:\/\/daemar.com\/fr\/?s={search_term_string}"},"query-input":{"@type":"PropertyValueSpecification","valueRequired":true,"valueName":"search_term_string"}}],"inLanguage":"en-US"},{"@type":"Organization","@id":"https:\/\/daemar.com\/fr\/#organization","name":"Daemar Inc \u2014 Joints Toriques - \u00c9tanch\u00e9it\u00e9 - Bagues de retenue - Coussinets - Caplugs - Cales de support - Clefs en barre","url":"https:\/\/daemar.com\/fr\/","logo":{"@type":"ImageObject","inLanguage":"en-US","@id":"https:\/\/daemar.com\/fr\/#\/schema\/logo\/image\/","url":"https:\/\/daemar.com\/fr\/wp-content\/uploads\/sites\/3\/2018\/12\/DAEMAR-LOGO-1000.jpg","contentUrl":"https:\/\/daemar.com\/fr\/wp-content\/uploads\/sites\/3\/2018\/12\/DAEMAR-LOGO-1000.jpg","width":1000,"height":901,"caption":"Daemar Inc \u2014 Joints Toriques - \u00c9tanch\u00e9it\u00e9 - Bagues de retenue - Coussinets - Caplugs - Cales de support - Clefs en barre"},"image":{"@id":"https:\/\/daemar.com\/fr\/#\/schema\/logo\/image\/"}}]}},"_links":{"self":[{"href":"https:\/\/daemar.com\/fr\/wp-json\/wp\/v2\/pages\/11366","targetHints":{"allow":["GET"]}}],"collection":[{"href":"https:\/\/daemar.com\/fr\/wp-json\/wp\/v2\/pages"}],"about":[{"href":"https:\/\/daemar.com\/fr\/wp-json\/wp\/v2\/types\/page"}],"author":[{"embeddable":true,"href":"https:\/\/daemar.com\/fr\/wp-json\/wp\/v2\/users\/13"}],"replies":[{"embeddable":true,"href":"https:\/\/daemar.com\/fr\/wp-json\/wp\/v2\/comments?post=11366"}],"version-history":[{"count":0,"href":"https:\/\/daemar.com\/fr\/wp-json\/wp\/v2\/pages\/11366\/revisions"}],"up":[{"embeddable":true,"href":"https:\/\/daemar.com\/fr\/wp-json\/wp\/v2\/pages\/11345"}],"wp:featuredmedia":[{"embeddable":true,"href":"https:\/\/daemar.com\/fr\/wp-json\/wp\/v2\/media\/11347"}],"wp:attachment":[{"href":"https:\/\/daemar.com\/fr\/wp-json\/wp\/v2\/media?parent=11366"}],"curies":[{"name":"wp","href":"https:\/\/api.w.org\/{rel}","templated":true}]}}