{"id":11293,"date":"2022-03-24T13:43:33","date_gmt":"2022-03-24T17:43:33","guid":{"rendered":"https:\/\/daemar.com\/fr\/?page_id=11293"},"modified":"2022-04-08T15:18:24","modified_gmt":"2022-04-08T19:18:24","slug":"joints-camlock-encapsules","status":"publish","type":"page","link":"https:\/\/daemar.com\/fr\/joints-camlock-encapsules\/","title":{"rendered":"Joints Camlock Encapsul\u00e9s"},"content":{"rendered":"<p><a href=\"https:\/\/daemar.com\/fr\/\">Accueil<\/a>\u00a0&gt;&gt;\u00a0<a href=\"https:\/\/daemar.com\/fr\/seal.html\">\u00c9tanch\u00e9it\u00e9<\/a> &gt;&gt; Joints Camlock Encapsul\u00e9s<\/p>\n<div class=\"row-fluid\">\n<div class=\"rhcol span7\">\n<h1>Joints Camlock Encapsul\u00e9s<\/h1>\n<p>Fabriqu\u00e9 selon les normes les plus \u00e9lev\u00e9es pour assurer une fiabilit\u00e9 optimale. <span style=\"color: #333333;\">Stock peut \u00eatre command\u00e9 sur toutes les tailles de joints principaux standard pour les raccords de tuyau \u00e0 came et rainure avec une capacit\u00e9 de production pour r\u00e9pondre aux exigences de volume les plus \u00e9lev\u00e9es.<\/span><\/p>\n<\/div>\n<div class=\"rhcol span1\"><\/div>\n<div class=\"rhcol span4\">\n<div class=\"toggle-box\"><h3 class=\"toggle-title sws_toggle1\">Ressources techniques<\/h3><div class=\"toggle-content\"><\/p>\n<ul>\n<li><a title=\"Elastomers Comparison Of Properties\" href=\"https:\/\/daemar.com\/fr\/elastomers_comparisonofproperties_110.html\/\">Comparaison des propri\u00e9t\u00e9s<\/a><\/li>\n<li><a title=\"Elastomers Temperature and Durometer\" href=\"https:\/\/daemar.com\/fr\/elastomers_temperaturedurometer_111.html\/\">Temp\u00e9rature et Durom\u00e8tre<\/a><\/li>\n<li><a title=\"Elastomers\" href=\"https:\/\/daemar.com\/fr\/elastomers_112.html\/\">\u00c9lastom\u00e8res<\/a><\/li>\n<li><a title=\"Fluid Compatibility for Elastomers\" href=\"https:\/\/daemar.com\/fr\/fluid_compatibility_113.html\/\">S\u00e9lecteur de compatibilit\u00e9 des fluides<\/a><\/li>\n<li><a title=\"O-Rings Groove Design\" href=\"https:\/\/daemar.com\/fr\/o-rings_groovedesign_114.html\/\">Conception de rainure<\/a><\/li>\n<li><a title=\"Elastomer Shelf Life\" href=\"https:\/\/daemar.com\/fr\/elastomers_shelf-life_115.html\/\">Dur\u00e9e de conservation et stockage<\/a><\/li>\n<li><a title=\"Causes of O-Ring Failure\" href=\"https:\/\/daemar.com\/fr\/o-rings_causesoffailure_117.html\/\">Causes de d\u00e9faillance du joint torique<\/a><\/li>\n<li><a title=\"O-Ring Lubrication\" href=\"https:\/\/daemar.com\/fr\/o-ring_lubrication_116.html\/\">Conception et lubrification des joints toriques<\/a><\/li>\n<\/ul>\n<p><\/div><\/div>\n<\/div>\n<\/div>\n<div class=\"row-fluid\">\n<div class=\"rhcol span8\">\n<p>&nbsp;<\/p>\n<h3>Avantages des joints encapsul\u00e9s<\/h3>\n<ul>\n<li><strong>Solution mono-produit:<\/strong> Couvrant une large gamme d&#8217;applications, des plus simples aux plus extr\u00eames.<br \/>\nVotre inventaire et le risque de sp\u00e9cification incorrecte des scell\u00e9s individuels sont minimis\u00e9s.<\/li>\n<li><strong>R\u00e9sistant \u00e0 la compression et aux probl\u00e8mes d&#8217;\u00e9coulement \u00e0 froid des joints en PTFE solide:<\/strong> Principaux probl\u00e8mes de performances et de d\u00e9faillance des joints de la principale solution d&#8217;\u00e9tanch\u00e9it\u00e9 chimique.<\/li>\n<li><strong>Conforme \u00e0 toutes les normes r\u00e9glementaires cl\u00e9s:<\/strong> Solution id\u00e9ale pour les industries pharmaceutique, agro-alimentaire et des semi-conducteurs.<\/li>\n<\/ul>\n<\/div>\n<div class=\"rhcol span4\"><img loading=\"lazy\" decoding=\"async\" class=\"alignnone wp-image-11299\" src=\"https:\/\/daemar.com\/fr\/wp-content\/uploads\/sites\/3\/2022\/04\/DMR_CamlockGasket_Full-16400x1600-1-300x300.jpg\" alt=\"Joints Camlock encapsul\u00e9s\" width=\"280\" height=\"280\" srcset=\"https:\/\/daemar.com\/fr\/wp-content\/uploads\/sites\/3\/2022\/04\/DMR_CamlockGasket_Full-16400x1600-1-300x300.jpg 300w, https:\/\/daemar.com\/fr\/wp-content\/uploads\/sites\/3\/2022\/04\/DMR_CamlockGasket_Full-16400x1600-1-1024x1024.jpg 1024w, https:\/\/daemar.com\/fr\/wp-content\/uploads\/sites\/3\/2022\/04\/DMR_CamlockGasket_Full-16400x1600-1-150x150.jpg 150w, https:\/\/daemar.com\/fr\/wp-content\/uploads\/sites\/3\/2022\/04\/DMR_CamlockGasket_Full-16400x1600-1-768x768.jpg 768w, https:\/\/daemar.com\/fr\/wp-content\/uploads\/sites\/3\/2022\/04\/DMR_CamlockGasket_Full-16400x1600-1-1536x1536.jpg 1536w, https:\/\/daemar.com\/fr\/wp-content\/uploads\/sites\/3\/2022\/04\/DMR_CamlockGasket_Full-16400x1600-1.jpg 1600w\" sizes=\"auto, (max-width: 280px) 100vw, 280px\" \/><\/div>\n<\/div>\n<h3>Qualit\u00e9 sup\u00e9rieure des joints<\/h3>\n<p>Les joints Camlock sont fabriqu\u00e9s pour \u00eatre de la plus haute qualit\u00e9 disponible sur le march\u00e9. Nous avons \u00e9limin\u00e9 les probl\u00e8mes de produits courants rencontr\u00e9s sur le march\u00e9, garantissant un ajustement constant et des performances fiables.<\/p>\n<ul>\n<li>\u00c9cart minimal entre l&#8217;encapsulation et le noyau r\u00e9duisant le risque de dommages d&#8217;encapsulation<\/li>\n<li>Plan\u00e9it\u00e9 sup\u00e9rieure du joint assurant un contact uniforme sur toute la surface d&#8217;\u00e9tanch\u00e9it\u00e9<\/li>\n<li>Surface d&#8217;\u00e9tanch\u00e9it\u00e9 lisse exempte de d\u00e9formations et de plis pour \u00e9viter tout chemin de fuite potentiel<\/li>\n<li>R\u00e9sistance chimique exceptionnelle un remplacement \u00e9conomique des joints FFKM pour les produits chimiques agressifs<\/li>\n<\/ul>\n<div class=\"row-fluid\">\n<div class=\"rhcol span8\">\n<h3>Options mat\u00e9rielles<\/h3>\n<p><strong>Encapsulation<\/strong>: FEP<br \/>\n<strong>Noyau interne<\/strong>: Silicone ou Viton\u2122<\/p>\n<p>Un noyau en \u00e9lastom\u00e8re de silicone blanc est \u00e9galement disponible, avec les m\u00eames propri\u00e9t\u00e9s physiques et performances d&#8217;\u00e9tanch\u00e9it\u00e9 qu&#8217;un noyau en silicone rouge, pour des temp\u00e9ratures de fonctionnement de -60\u00b0C (-75\u00b0F) \u00e0 +205\u00b0C (+400\u00b0F).<\/p>\n<p>La couleur blanche est id\u00e9ale pour une utilisation dans les applications pharmaceutiques, hygi\u00e9niques et sanitaires, o\u00f9 le silicone rouge peut ne pas convenir. Contactez-nous pour discuter de toutes les exigences de la demande.<\/p>\n<\/div>\n<div class=\"rhcol span4\">\n<p><img loading=\"lazy\" decoding=\"async\" class=\"aligncenter wp-image-11892 size-full\" src=\"https:\/\/daemar.com\/wp-content\/uploads\/2022\/03\/diagram.png\" alt=\"\" width=\"214\" height=\"84\" \/><\/p>\n<p><img loading=\"lazy\" decoding=\"async\" class=\"aligncenter wp-image-11298\" src=\"https:\/\/daemar.com\/fr\/wp-content\/uploads\/sites\/3\/2022\/04\/DMR_CamlockGasket_Section-1400x1400-1-300x300.jpg\" alt=\"Joints Camlock encapsul\u00e9s section\" width=\"150\" height=\"150\" srcset=\"https:\/\/daemar.com\/fr\/wp-content\/uploads\/sites\/3\/2022\/04\/DMR_CamlockGasket_Section-1400x1400-1-300x300.jpg 300w, https:\/\/daemar.com\/fr\/wp-content\/uploads\/sites\/3\/2022\/04\/DMR_CamlockGasket_Section-1400x1400-1-1024x1024.jpg 1024w, https:\/\/daemar.com\/fr\/wp-content\/uploads\/sites\/3\/2022\/04\/DMR_CamlockGasket_Section-1400x1400-1-150x150.jpg 150w, https:\/\/daemar.com\/fr\/wp-content\/uploads\/sites\/3\/2022\/04\/DMR_CamlockGasket_Section-1400x1400-1-768x768.jpg 768w, https:\/\/daemar.com\/fr\/wp-content\/uploads\/sites\/3\/2022\/04\/DMR_CamlockGasket_Section-1400x1400-1.jpg 1400w\" sizes=\"auto, (max-width: 150px) 100vw, 150px\" \/><\/p>\n<\/div>\n<\/div>\n<table>\n<thead>\n<tr>\n<th colspan=\"8\">Gamme de taille et tol\u00e9rances<\/th>\n<\/tr>\n<\/thead>\n<tbody>\n<tr>\n<td colspan=\"2\">Taille d&#8217;accouplement<\/td>\n<td colspan=\"3\">Joint Dim. (Pouces)<\/td>\n<td colspan=\"3\">Joint Dim. (millim\u00e8tre)<\/td>\n<\/tr>\n<tr>\n<td>Pouces<\/td>\n<td>millim\u00e8tre<\/td>\n<td>OD<\/td>\n<td>ID<\/td>\n<td>Hauteur<\/td>\n<td>OD<\/td>\n<td>ID<\/td>\n<td>Hauteur<\/td>\n<\/tr>\n<tr>\n<td>.500<\/td>\n<td>12.70<\/td>\n<td>1.024 \u00b1.020<\/td>\n<td>0.669\u00b1.020<\/td>\n<td>.157\u00b1.006<\/td>\n<td>26 \u00b10.51<\/td>\n<td>17 \u00b10.51<\/td>\n<td>4 \u00b10.15<\/td>\n<\/tr>\n<tr>\n<td>.750<\/td>\n<td>19.00<\/td>\n<td>1.375 \u00b1.025<\/td>\n<td>0.875\u00b1.020<\/td>\n<td>.218 \u00b1.006<\/td>\n<td>35 \u00b10.63<\/td>\n<td>22.2\u00b10.63<\/td>\n<td>5.54\u00b10.15<\/td>\n<\/tr>\n<tr>\n<td>1.000<\/td>\n<td>25.40<\/td>\n<td>1.563 \u00b1.025<\/td>\n<td>1.063\u00b1.025<\/td>\n<td>.250 \u00b1.006<\/td>\n<td>39.7\u00b10.63<\/td>\n<td>27\u00b10.63<\/td>\n<td>6.35\u00b10.15<\/td>\n<\/tr>\n<tr>\n<td>1.250<\/td>\n<td>31.70<\/td>\n<td>1.938 \u00b1.030<\/td>\n<td>1.359\u00b1.030<\/td>\n<td>.250 \u00b1.006<\/td>\n<td>49.2\u00b10.76<\/td>\n<td>34.5\u00b10.76<\/td>\n<td>6.35\u00b10.15<\/td>\n<\/tr>\n<tr>\n<td>1.500<\/td>\n<td>38.00<\/td>\n<td>2.188 \u00b1.035<\/td>\n<td>1.625\u00b1.035<\/td>\n<td>.250 \u00b1.006<\/td>\n<td>55.6\u00b10.89<\/td>\n<td>41.3\u00b10.89<\/td>\n<td>6.35\u00b10.15<\/td>\n<\/tr>\n<tr>\n<td>2.000<\/td>\n<td>50.80<\/td>\n<td>2.625 \u00b1.035<\/td>\n<td>2.000\u00b1.035<\/td>\n<td>.250 \u00b1.006<\/td>\n<td>66.7\u00b10.89<\/td>\n<td>50.8\u00b10.89<\/td>\n<td>6.35\u00b10.15<\/td>\n<\/tr>\n<tr>\n<td>2.500<\/td>\n<td>63.50<\/td>\n<td>3.125 \u00b1.035<\/td>\n<td>2.375\u00b1.035<\/td>\n<td>.250 \u00b1.006<\/td>\n<td>79.4\u00b10.89<\/td>\n<td>60.3\u00b10.89<\/td>\n<td>6.35\u00b10.15<\/td>\n<\/tr>\n<tr>\n<td>3.000<\/td>\n<td>76.20<\/td>\n<td>3.719 \u00b1.040<\/td>\n<td>3.000\u00b1.040<\/td>\n<td>.250 \u00b1.006<\/td>\n<td>94.5\u00b11.02<\/td>\n<td>76.2\u00b11.02<\/td>\n<td>6.35\u00b10.15<\/td>\n<\/tr>\n<tr>\n<td>4.000<\/td>\n<td>101.60<\/td>\n<td>4.875 \u00b1.040<\/td>\n<td>4.000\u00b1.040<\/td>\n<td>.250 \u00b1.006<\/td>\n<td>123.6 \u00b11.02<\/td>\n<td>101.6\u00b11.02<\/td>\n<td>6.35\u00b10.15<\/td>\n<\/tr>\n<tr>\n<td>5.000<\/td>\n<td>127.00<\/td>\n<td>5.906 \u00b1.050<\/td>\n<td>4.875\u00b1.050<\/td>\n<td>.250 \u00b1.006<\/td>\n<td>150 \u00b11.27<\/td>\n<td>123.8\u00b11.27<\/td>\n<td>6.35\u00b10.15<\/td>\n<\/tr>\n<tr>\n<td>6.000<\/td>\n<td>152.40<\/td>\n<td>7.063 \u00b1.060<\/td>\n<td>6.000\u00b1.060<\/td>\n<td>.250 \u00b1.006<\/td>\n<td>179.4 \u00b11.52<\/td>\n<td>152.4\u00b11.52<\/td>\n<td>6.35\u00b10.15<\/td>\n<\/tr>\n<\/tbody>\n<\/table>\n","protected":false},"excerpt":{"rendered":"<p>Accueil\u00a0&gt;&gt;\u00a0\u00c9tanch\u00e9it\u00e9 &gt;&gt; Joints Camlock Encapsul\u00e9s Joints Camlock Encapsul\u00e9s Fabriqu\u00e9 selon les normes les plus \u00e9lev\u00e9es pour assurer une fiabilit\u00e9 optimale. Stock peut \u00eatre command\u00e9 sur [&hellip;]<\/p>\n","protected":false},"author":13,"featured_media":11295,"parent":0,"menu_order":0,"comment_status":"closed","ping_status":"closed","template":"","meta":{"site-sidebar-layout":"default","site-content-layout":"default","ast-site-content-layout":"default","site-content-style":"default","site-sidebar-style":"default","ast-global-header-display":"","ast-banner-title-visibility":"","ast-main-header-display":"","ast-hfb-above-header-display":"","ast-hfb-below-header-display":"","ast-hfb-mobile-header-display":"","site-post-title":"","ast-breadcrumbs-content":"","ast-featured-img":"","footer-sml-layout":"","ast-disable-related-posts":"","theme-transparent-header-meta":"default","adv-header-id-meta":"","stick-header-meta":"default","header-above-stick-meta":"","header-main-stick-meta":"","header-below-stick-meta":"","astra-migrate-meta-layouts":"default","ast-page-background-enabled":"default","ast-page-background-meta":{"desktop":{"background-color":"","background-image":"","background-repeat":"repeat","background-position":"center center","background-size":"auto","background-attachment":"scroll","background-type":"","background-media":"","overlay-type":"","overlay-color":"","overlay-opacity":"","overlay-gradient":""},"tablet":{"background-color":"","background-image":"","background-repeat":"repeat","background-position":"center center","background-size":"auto","background-attachment":"scroll","background-type":"","background-media":"","overlay-type":"","overlay-color":"","overlay-opacity":"","overlay-gradient":""},"mobile":{"background-color":"","background-image":"","background-repeat":"repeat","background-position":"center center","background-size":"auto","background-attachment":"scroll","background-type":"","background-media":"","overlay-type":"","overlay-color":"","overlay-opacity":"","overlay-gradient":""}},"ast-content-background-meta":{"desktop":{"background-color":"var(--ast-global-color-5)","background-image":"","background-repeat":"repeat","background-position":"center center","background-size":"auto","background-attachment":"scroll","background-type":"","background-media":"","overlay-type":"","overlay-color":"","overlay-opacity":"","overlay-gradient":""},"tablet":{"background-color":"var(--ast-global-color-5)","background-image":"","background-repeat":"repeat","background-position":"center center","background-size":"auto","background-attachment":"scroll","background-type":"","background-media":"","overlay-type":"","overlay-color":"","overlay-opacity":"","overlay-gradient":""},"mobile":{"background-color":"var(--ast-global-color-5)","background-image":"","background-repeat":"repeat","background-position":"center center","background-size":"auto","background-attachment":"scroll","background-type":"","background-media":"","overlay-type":"","overlay-color":"","overlay-opacity":"","overlay-gradient":""}},"footnotes":""},"class_list":["post-11293","page","type-page","status-publish","has-post-thumbnail","hentry"],"yoast_head":"<!-- This site is optimized with the Yoast SEO plugin v27.2 - https:\/\/yoast.com\/product\/yoast-seo-wordpress\/ -->\n<title>Joints Camlock Encapsul\u00e9s - Daemar Inc \u2014 Joints Toriques - \u00c9tanch\u00e9it\u00e9 - Bagues de retenue - Coussinets - Caplugs - Cales de support - Clefs en barre<\/title>\n<meta name=\"robots\" content=\"index, follow, max-snippet:-1, max-image-preview:large, max-video-preview:-1\" \/>\n<link rel=\"canonical\" href=\"https:\/\/daemar.com\/fr\/joints-camlock-encapsules\/\" \/>\n<meta property=\"og:locale\" content=\"en_US\" \/>\n<meta property=\"og:type\" content=\"article\" \/>\n<meta property=\"og:title\" content=\"Joints Camlock Encapsul\u00e9s - Daemar Inc \u2014 Joints Toriques - \u00c9tanch\u00e9it\u00e9 - Bagues de retenue - Coussinets - Caplugs - Cales de support - Clefs en barre\" \/>\n<meta property=\"og:description\" content=\"Accueil\u00a0&gt;&gt;\u00a0\u00c9tanch\u00e9it\u00e9 &gt;&gt; Joints Camlock Encapsul\u00e9s Joints Camlock Encapsul\u00e9s Fabriqu\u00e9 selon les normes les plus \u00e9lev\u00e9es pour assurer une fiabilit\u00e9 optimale. Stock peut \u00eatre command\u00e9 sur [&hellip;]\" \/>\n<meta property=\"og:url\" content=\"https:\/\/daemar.com\/fr\/joints-camlock-encapsules\/\" \/>\n<meta property=\"og:site_name\" content=\"Daemar Inc \u2014 Joints Toriques - \u00c9tanch\u00e9it\u00e9 - Bagues de retenue - Coussinets - Caplugs - Cales de support - Clefs en barre\" \/>\n<meta property=\"article:modified_time\" content=\"2022-04-08T19:18:24+00:00\" \/>\n<meta property=\"og:image\" content=\"https:\/\/daemar.com\/fr\/wp-content\/uploads\/sites\/3\/2022\/03\/Image-from-kamlock-2019-flyer1-rev3a-page-1-1024x387.png\" \/>\n\t<meta property=\"og:image:width\" content=\"1024\" \/>\n\t<meta property=\"og:image:height\" content=\"387\" \/>\n\t<meta property=\"og:image:type\" content=\"image\/png\" \/>\n<meta name=\"twitter:card\" content=\"summary_large_image\" \/>\n<meta name=\"twitter:label1\" content=\"Est. reading time\" \/>\n\t<meta name=\"twitter:data1\" content=\"3 minutes\" \/>\n<script type=\"application\/ld+json\" class=\"yoast-schema-graph\">{\"@context\":\"https:\/\/schema.org\",\"@graph\":[{\"@type\":\"WebPage\",\"@id\":\"https:\/\/daemar.com\/fr\/joints-camlock-encapsules\/\",\"url\":\"https:\/\/daemar.com\/fr\/joints-camlock-encapsules\/\",\"name\":\"Joints Camlock Encapsul\u00e9s - Daemar Inc \u2014 Joints Toriques - \u00c9tanch\u00e9it\u00e9 - Bagues de retenue - Coussinets - Caplugs - Cales de support - Clefs en barre\",\"isPartOf\":{\"@id\":\"https:\/\/daemar.com\/fr\/#website\"},\"primaryImageOfPage\":{\"@id\":\"https:\/\/daemar.com\/fr\/joints-camlock-encapsules\/#primaryimage\"},\"image\":{\"@id\":\"https:\/\/daemar.com\/fr\/joints-camlock-encapsules\/#primaryimage\"},\"thumbnailUrl\":\"https:\/\/daemar.com\/fr\/wp-content\/uploads\/sites\/3\/2022\/03\/Image-from-kamlock-2019-flyer1-rev3a-page-1.png\",\"datePublished\":\"2022-03-24T17:43:33+00:00\",\"dateModified\":\"2022-04-08T19:18:24+00:00\",\"breadcrumb\":{\"@id\":\"https:\/\/daemar.com\/fr\/joints-camlock-encapsules\/#breadcrumb\"},\"inLanguage\":\"en-US\",\"potentialAction\":[{\"@type\":\"ReadAction\",\"target\":[\"https:\/\/daemar.com\/fr\/joints-camlock-encapsules\/\"]}]},{\"@type\":\"ImageObject\",\"inLanguage\":\"en-US\",\"@id\":\"https:\/\/daemar.com\/fr\/joints-camlock-encapsules\/#primaryimage\",\"url\":\"https:\/\/daemar.com\/fr\/wp-content\/uploads\/sites\/3\/2022\/03\/Image-from-kamlock-2019-flyer1-rev3a-page-1.png\",\"contentUrl\":\"https:\/\/daemar.com\/fr\/wp-content\/uploads\/sites\/3\/2022\/03\/Image-from-kamlock-2019-flyer1-rev3a-page-1.png\",\"width\":2367,\"height\":895},{\"@type\":\"BreadcrumbList\",\"@id\":\"https:\/\/daemar.com\/fr\/joints-camlock-encapsules\/#breadcrumb\",\"itemListElement\":[{\"@type\":\"ListItem\",\"position\":1,\"name\":\"Home\",\"item\":\"https:\/\/daemar.com\/fr\/\"},{\"@type\":\"ListItem\",\"position\":2,\"name\":\"Joints Camlock Encapsul\u00e9s\"}]},{\"@type\":\"WebSite\",\"@id\":\"https:\/\/daemar.com\/fr\/#website\",\"url\":\"https:\/\/daemar.com\/fr\/\",\"name\":\"Daemar Inc \u2014 Joints Toriques - \u00c9tanch\u00e9it\u00e9 - Bagues de retenue - Coussinets - Caplugs - Cales de support - Clefs en barre\",\"description\":\"Des composants essentiel pour l&#039;industrie - \u00c9tanch\u00e9it\u00e9 - R\u00e9tention\u00a0- Roulement - Protection - Alignement\",\"publisher\":{\"@id\":\"https:\/\/daemar.com\/fr\/#organization\"},\"potentialAction\":[{\"@type\":\"SearchAction\",\"target\":{\"@type\":\"EntryPoint\",\"urlTemplate\":\"https:\/\/daemar.com\/fr\/?s={search_term_string}\"},\"query-input\":{\"@type\":\"PropertyValueSpecification\",\"valueRequired\":true,\"valueName\":\"search_term_string\"}}],\"inLanguage\":\"en-US\"},{\"@type\":\"Organization\",\"@id\":\"https:\/\/daemar.com\/fr\/#organization\",\"name\":\"Daemar Inc \u2014 Joints Toriques - \u00c9tanch\u00e9it\u00e9 - Bagues de retenue - Coussinets - Caplugs - Cales de support - Clefs en barre\",\"url\":\"https:\/\/daemar.com\/fr\/\",\"logo\":{\"@type\":\"ImageObject\",\"inLanguage\":\"en-US\",\"@id\":\"https:\/\/daemar.com\/fr\/#\/schema\/logo\/image\/\",\"url\":\"https:\/\/daemar.com\/fr\/wp-content\/uploads\/sites\/3\/2018\/12\/DAEMAR-LOGO-1000.jpg\",\"contentUrl\":\"https:\/\/daemar.com\/fr\/wp-content\/uploads\/sites\/3\/2018\/12\/DAEMAR-LOGO-1000.jpg\",\"width\":1000,\"height\":901,\"caption\":\"Daemar Inc \u2014 Joints Toriques - \u00c9tanch\u00e9it\u00e9 - Bagues de retenue - Coussinets - Caplugs - Cales de support - Clefs en barre\"},\"image\":{\"@id\":\"https:\/\/daemar.com\/fr\/#\/schema\/logo\/image\/\"}}]}<\/script>\n<!-- \/ Yoast SEO plugin. -->","yoast_head_json":{"title":"Joints Camlock Encapsul\u00e9s - Daemar Inc \u2014 Joints Toriques - \u00c9tanch\u00e9it\u00e9 - Bagues de retenue - Coussinets - Caplugs - Cales de support - Clefs en barre","robots":{"index":"index","follow":"follow","max-snippet":"max-snippet:-1","max-image-preview":"max-image-preview:large","max-video-preview":"max-video-preview:-1"},"canonical":"https:\/\/daemar.com\/fr\/joints-camlock-encapsules\/","og_locale":"en_US","og_type":"article","og_title":"Joints Camlock Encapsul\u00e9s - Daemar Inc \u2014 Joints Toriques - \u00c9tanch\u00e9it\u00e9 - Bagues de retenue - Coussinets - Caplugs - Cales de support - Clefs en barre","og_description":"Accueil\u00a0&gt;&gt;\u00a0\u00c9tanch\u00e9it\u00e9 &gt;&gt; Joints Camlock Encapsul\u00e9s Joints Camlock Encapsul\u00e9s Fabriqu\u00e9 selon les normes les plus \u00e9lev\u00e9es pour assurer une fiabilit\u00e9 optimale. Stock peut \u00eatre command\u00e9 sur [&hellip;]","og_url":"https:\/\/daemar.com\/fr\/joints-camlock-encapsules\/","og_site_name":"Daemar Inc \u2014 Joints Toriques - \u00c9tanch\u00e9it\u00e9 - Bagues de retenue - Coussinets - Caplugs - Cales de support - Clefs en barre","article_modified_time":"2022-04-08T19:18:24+00:00","og_image":[{"width":1024,"height":387,"url":"https:\/\/daemar.com\/fr\/wp-content\/uploads\/sites\/3\/2022\/03\/Image-from-kamlock-2019-flyer1-rev3a-page-1-1024x387.png","type":"image\/png"}],"twitter_card":"summary_large_image","twitter_misc":{"Est. reading time":"3 minutes"},"schema":{"@context":"https:\/\/schema.org","@graph":[{"@type":"WebPage","@id":"https:\/\/daemar.com\/fr\/joints-camlock-encapsules\/","url":"https:\/\/daemar.com\/fr\/joints-camlock-encapsules\/","name":"Joints Camlock Encapsul\u00e9s - Daemar Inc \u2014 Joints Toriques - \u00c9tanch\u00e9it\u00e9 - Bagues de retenue - Coussinets - Caplugs - Cales de support - Clefs en barre","isPartOf":{"@id":"https:\/\/daemar.com\/fr\/#website"},"primaryImageOfPage":{"@id":"https:\/\/daemar.com\/fr\/joints-camlock-encapsules\/#primaryimage"},"image":{"@id":"https:\/\/daemar.com\/fr\/joints-camlock-encapsules\/#primaryimage"},"thumbnailUrl":"https:\/\/daemar.com\/fr\/wp-content\/uploads\/sites\/3\/2022\/03\/Image-from-kamlock-2019-flyer1-rev3a-page-1.png","datePublished":"2022-03-24T17:43:33+00:00","dateModified":"2022-04-08T19:18:24+00:00","breadcrumb":{"@id":"https:\/\/daemar.com\/fr\/joints-camlock-encapsules\/#breadcrumb"},"inLanguage":"en-US","potentialAction":[{"@type":"ReadAction","target":["https:\/\/daemar.com\/fr\/joints-camlock-encapsules\/"]}]},{"@type":"ImageObject","inLanguage":"en-US","@id":"https:\/\/daemar.com\/fr\/joints-camlock-encapsules\/#primaryimage","url":"https:\/\/daemar.com\/fr\/wp-content\/uploads\/sites\/3\/2022\/03\/Image-from-kamlock-2019-flyer1-rev3a-page-1.png","contentUrl":"https:\/\/daemar.com\/fr\/wp-content\/uploads\/sites\/3\/2022\/03\/Image-from-kamlock-2019-flyer1-rev3a-page-1.png","width":2367,"height":895},{"@type":"BreadcrumbList","@id":"https:\/\/daemar.com\/fr\/joints-camlock-encapsules\/#breadcrumb","itemListElement":[{"@type":"ListItem","position":1,"name":"Home","item":"https:\/\/daemar.com\/fr\/"},{"@type":"ListItem","position":2,"name":"Joints Camlock Encapsul\u00e9s"}]},{"@type":"WebSite","@id":"https:\/\/daemar.com\/fr\/#website","url":"https:\/\/daemar.com\/fr\/","name":"Daemar Inc \u2014 Joints Toriques - \u00c9tanch\u00e9it\u00e9 - Bagues de retenue - Coussinets - Caplugs - Cales de support - Clefs en barre","description":"Des composants essentiel pour l&#039;industrie - \u00c9tanch\u00e9it\u00e9 - R\u00e9tention\u00a0- Roulement - Protection - Alignement","publisher":{"@id":"https:\/\/daemar.com\/fr\/#organization"},"potentialAction":[{"@type":"SearchAction","target":{"@type":"EntryPoint","urlTemplate":"https:\/\/daemar.com\/fr\/?s={search_term_string}"},"query-input":{"@type":"PropertyValueSpecification","valueRequired":true,"valueName":"search_term_string"}}],"inLanguage":"en-US"},{"@type":"Organization","@id":"https:\/\/daemar.com\/fr\/#organization","name":"Daemar Inc \u2014 Joints Toriques - \u00c9tanch\u00e9it\u00e9 - Bagues de retenue - Coussinets - Caplugs - Cales de support - Clefs en barre","url":"https:\/\/daemar.com\/fr\/","logo":{"@type":"ImageObject","inLanguage":"en-US","@id":"https:\/\/daemar.com\/fr\/#\/schema\/logo\/image\/","url":"https:\/\/daemar.com\/fr\/wp-content\/uploads\/sites\/3\/2018\/12\/DAEMAR-LOGO-1000.jpg","contentUrl":"https:\/\/daemar.com\/fr\/wp-content\/uploads\/sites\/3\/2018\/12\/DAEMAR-LOGO-1000.jpg","width":1000,"height":901,"caption":"Daemar Inc \u2014 Joints Toriques - \u00c9tanch\u00e9it\u00e9 - Bagues de retenue - Coussinets - Caplugs - Cales de support - Clefs en barre"},"image":{"@id":"https:\/\/daemar.com\/fr\/#\/schema\/logo\/image\/"}}]}},"_links":{"self":[{"href":"https:\/\/daemar.com\/fr\/wp-json\/wp\/v2\/pages\/11293","targetHints":{"allow":["GET"]}}],"collection":[{"href":"https:\/\/daemar.com\/fr\/wp-json\/wp\/v2\/pages"}],"about":[{"href":"https:\/\/daemar.com\/fr\/wp-json\/wp\/v2\/types\/page"}],"author":[{"embeddable":true,"href":"https:\/\/daemar.com\/fr\/wp-json\/wp\/v2\/users\/13"}],"replies":[{"embeddable":true,"href":"https:\/\/daemar.com\/fr\/wp-json\/wp\/v2\/comments?post=11293"}],"version-history":[{"count":0,"href":"https:\/\/daemar.com\/fr\/wp-json\/wp\/v2\/pages\/11293\/revisions"}],"wp:featuredmedia":[{"embeddable":true,"href":"https:\/\/daemar.com\/fr\/wp-json\/wp\/v2\/media\/11295"}],"wp:attachment":[{"href":"https:\/\/daemar.com\/fr\/wp-json\/wp\/v2\/media?parent=11293"}],"curies":[{"name":"wp","href":"https:\/\/api.w.org\/{rel}","templated":true}]}}